{"id":7756,"date":"2023-10-17T11:29:38","date_gmt":"2023-10-17T14:29:38","guid":{"rendered":"https:\/\/www.ifbaiano.edu.br\/unidades\/serrinha\/?page_id=7756"},"modified":"2023-10-17T11:30:01","modified_gmt":"2023-10-17T14:30:01","slug":"aviso-de-dispensa-de-licitacao-eletronica-23-2023-aquisicao-de-materiais-insumos-equipamentos-para-a-cuec-do-if-baiano-campus-serrinha-lei-14-133-2021","status":"publish","type":"page","link":"https:\/\/www.ifbaiano.edu.br\/unidades\/serrinha\/aviso-de-dispensa-de-licitacao-eletronica-23-2023-aquisicao-de-materiais-insumos-equipamentos-para-a-cuec-do-if-baiano-campus-serrinha-lei-14-133-2021\/","title":{"rendered":"Aviso de Dispensa de Licita\u00e7\u00e3o Eletr\u00f4nica 23\/2023 &#8211; Aquisi\u00e7\u00e3o de materiais\/insumos\/equipamentos para a CUEC do IF Baiano &#8211; Campus Serrinha &#8211; Lei 14.133\/2021"},"content":{"rendered":"\n<div class=\"wp-block-file\"><a id=\"wp-block-file--media-392a2aae-c33c-4095-83fd-8d13d92db369\" href=\"https:\/\/www.ifbaiano.edu.br\/unidades\/serrinha\/files\/2023\/10\/Aviso-de-Dispensa-Eletronica-e-Termo-de-Referencia-2023-Data-da-sessao-20.10.2023.pdf\" target=\"_blank\" rel=\"noreferrer noopener\">Aviso de Dispensa Eletr\u00f4nica e Termo de Referencia 2023 &#8211; Data da sess\u00e3o 20.10.2023<\/a><\/div>\n\n\n\n<div class=\"wp-block-file\"><a id=\"wp-block-file--media-3ee9d34b-cd77-40e9-9626-69264cf55121\" href=\"https:\/\/www.ifbaiano.edu.br\/unidades\/serrinha\/files\/2023\/10\/Divulgacao-da-Dispensa-no-Portal-Nacional-de-Contratacoes-Publicas-PNCP.pdf\" target=\"_blank\" rel=\"noreferrer noopener\">Divulga\u00e7\u00e3o da Dispensa no Portal Nacional de Contrata\u00e7\u00f5es P\u00fablicas &#8211; PNCP<\/a><\/div>\n","protected":false},"excerpt":{"rendered":"","protected":false},"author":186,"featured_media":0,"parent":0,"menu_order":0,"comment_status":"closed","ping_status":"closed","template":"","meta":[],"_links":{"self":[{"href":"https:\/\/www.ifbaiano.edu.br\/unidades\/serrinha\/wp-json\/wp\/v2\/pages\/7756"}],"collection":[{"href":"https:\/\/www.ifbaiano.edu.br\/unidades\/serrinha\/wp-json\/wp\/v2\/pages"}],"about":[{"href":"https:\/\/www.ifbaiano.edu.br\/unidades\/serrinha\/wp-json\/wp\/v2\/types\/page"}],"author":[{"embeddable":true,"href":"https:\/\/www.ifbaiano.edu.br\/unidades\/serrinha\/wp-json\/wp\/v2\/users\/186"}],"replies":[{"embeddable":true,"href":"https:\/\/www.ifbaiano.edu.br\/unidades\/serrinha\/wp-json\/wp\/v2\/comments?post=7756"}],"version-history":[{"count":2,"href":"https:\/\/www.ifbaiano.edu.br\/unidades\/serrinha\/wp-json\/wp\/v2\/pages\/7756\/revisions"}],"predecessor-version":[{"id":7758,"href":"https:\/\/www.ifbaiano.edu.br\/unidades\/serrinha\/wp-json\/wp\/v2\/pages\/7756\/revisions\/7758"}],"wp:attachment":[{"href":"https:\/\/www.ifbaiano.edu.br\/unidades\/serrinha\/wp-json\/wp\/v2\/media?parent=7756"}],"curies":[{"name":"wp","href":"https:\/\/api.w.org\/{rel}","templated":true}]}}