{"id":7839,"date":"2023-11-21T10:33:23","date_gmt":"2023-11-21T13:33:23","guid":{"rendered":"https:\/\/www.ifbaiano.edu.br\/unidades\/serrinha\/?page_id=7839"},"modified":"2023-11-21T10:33:23","modified_gmt":"2023-11-21T13:33:23","slug":"pregao-eletronico-srp-02-2023-contratacao-de-empresa-especializada-no-fornecimento-de-refeicao-para-os-estudantes-do-if-baiano-campus-serrinha","status":"publish","type":"page","link":"https:\/\/www.ifbaiano.edu.br\/unidades\/serrinha\/diretoria-administrativa\/licitacoes-e-contratos\/licitacoes-nova\/licitacoes-2023\/pregao-eletronico-srp-02-2023-contratacao-de-empresa-especializada-no-fornecimento-de-refeicao-para-os-estudantes-do-if-baiano-campus-serrinha\/","title":{"rendered":"Preg\u00e3o Eletr\u00f4nico SRP 02\/2023 &#8211; Contrata\u00e7\u00e3o de Empresa Especializada no fornecimento de Refei\u00e7\u00e3o para os estudantes do IF Baiano &#8211; Campus Serrinha"},"content":{"rendered":"\n<div class=\"wp-block-file\"><a id=\"wp-block-file--media-1a2482e1-aad0-4f1b-b382-2ae2a3c5a2cb\" href=\"https:\/\/www.ifbaiano.edu.br\/unidades\/serrinha\/files\/2023\/11\/AVISO-DE-LICITACAO-DOU-Imprensa-Nacional-Pregao-eletronico-SRP-02.2023-Fornecimento-de-Refeicao.pdf\" target=\"_blank\" rel=\"noreferrer noopener\">AVISO DE LICITA\u00c7\u00c3O &#8211; DOU &#8211; Imprensa Nacional -Preg\u00e3o eletronico SRP 02.2023 &#8211; Fornecimento de Refei\u00e7\u00e3o<\/a><\/div>\n\n\n\n<div class=\"wp-block-file\"><a id=\"wp-block-file--media-a6b4f7cb-f480-4c46-a1b2-cd83524eb7a0\" href=\"https:\/\/www.ifbaiano.edu.br\/unidades\/serrinha\/files\/2023\/11\/EDITAL-37.2023-Assinado-pelo-Diretor-Geral-20.11.2023.pdf\" target=\"_blank\" rel=\"noreferrer noopener\">EDITAL 37.2023<\/a><\/div>\n\n\n\n<div class=\"wp-block-file\"><a id=\"wp-block-file--media-01e17595-56e5-4a94-ab94-5a16579b2fdc\" href=\"https:\/\/www.ifbaiano.edu.br\/unidades\/serrinha\/files\/2023\/11\/ANEXO-I-TERMO-DE-REFERENCIA.pdf\" target=\"_blank\" rel=\"noreferrer noopener\">ANEXO I &#8211; TERMO DE REFER\u00caNCIA<\/a><\/div>\n\n\n\n<div class=\"wp-block-file\"><a id=\"wp-block-file--media-381024bd-4062-4ef9-857f-2b9657d49524\" href=\"https:\/\/www.ifbaiano.edu.br\/unidades\/serrinha\/files\/2023\/11\/ANEXO-II-MINUTA-DE-ATA-SRP-OK-07.11.2023.pdf\" target=\"_blank\" rel=\"noreferrer noopener\">ANEXO II &#8211; MINUTA DE ATA SRP<\/a><\/div>\n\n\n\n<div class=\"wp-block-file\"><a id=\"wp-block-file--media-25eb1fe1-2d41-496d-a340-b639d921c83c\" href=\"https:\/\/www.ifbaiano.edu.br\/unidades\/serrinha\/files\/2023\/11\/ANEXO-III-MINUTA-DE-TERMO-DE-CONTRATO-OK.pdf\" target=\"_blank\" rel=\"noreferrer noopener\">ANEXO III &#8211; MINUTA DE TERMO DE CONTRATO<\/a><\/div>\n","protected":false},"excerpt":{"rendered":"","protected":false},"author":186,"featured_media":0,"parent":6207,"menu_order":0,"comment_status":"closed","ping_status":"closed","template":"","meta":[],"_links":{"self":[{"href":"https:\/\/www.ifbaiano.edu.br\/unidades\/serrinha\/wp-json\/wp\/v2\/pages\/7839"}],"collection":[{"href":"https:\/\/www.ifbaiano.edu.br\/unidades\/serrinha\/wp-json\/wp\/v2\/pages"}],"about":[{"href":"https:\/\/www.ifbaiano.edu.br\/unidades\/serrinha\/wp-json\/wp\/v2\/types\/page"}],"author":[{"embeddable":true,"href":"https:\/\/www.ifbaiano.edu.br\/unidades\/serrinha\/wp-json\/wp\/v2\/users\/186"}],"replies":[{"embeddable":true,"href":"https:\/\/www.ifbaiano.edu.br\/unidades\/serrinha\/wp-json\/wp\/v2\/comments?post=7839"}],"version-history":[{"count":1,"href":"https:\/\/www.ifbaiano.edu.br\/unidades\/serrinha\/wp-json\/wp\/v2\/pages\/7839\/revisions"}],"predecessor-version":[{"id":7845,"href":"https:\/\/www.ifbaiano.edu.br\/unidades\/serrinha\/wp-json\/wp\/v2\/pages\/7839\/revisions\/7845"}],"up":[{"embeddable":true,"href":"https:\/\/www.ifbaiano.edu.br\/unidades\/serrinha\/wp-json\/wp\/v2\/pages\/6207"}],"wp:attachment":[{"href":"https:\/\/www.ifbaiano.edu.br\/unidades\/serrinha\/wp-json\/wp\/v2\/media?parent=7839"}],"curies":[{"name":"wp","href":"https:\/\/api.w.org\/{rel}","templated":true}]}}