{"id":7935,"date":"2023-12-18T09:28:17","date_gmt":"2023-12-18T12:28:17","guid":{"rendered":"https:\/\/www.ifbaiano.edu.br\/unidades\/serrinha\/?page_id=7935"},"modified":"2023-12-21T10:50:37","modified_gmt":"2023-12-21T13:50:37","slug":"pregao-pregao-eletronico-03-2023-contratacao-de-empresa-especializada-em-terceirizacao-apoio-administrativo-para-o-if-baiano-campus-serrinha","status":"publish","type":"page","link":"https:\/\/www.ifbaiano.edu.br\/unidades\/serrinha\/pregao-pregao-eletronico-03-2023-contratacao-de-empresa-especializada-em-terceirizacao-apoio-administrativo-para-o-if-baiano-campus-serrinha\/","title":{"rendered":"Preg\u00e3o Preg\u00e3o Eletr\u00f4nico 03\/2023 &#8211; Contrata\u00e7\u00e3o de empresa Especializada em Terceiriza\u00e7\u00e3o (Apoio Administrativo) para o IF Baiano &#8211; Campus Serrinha"},"content":{"rendered":"\n<div class=\"wp-block-file\"><a id=\"wp-block-file--media-56425ac6-dd5f-4e44-bc6d-7fab497f5277\" href=\"https:\/\/www.ifbaiano.edu.br\/unidades\/serrinha\/files\/2023\/12\/Edital-e-Anexos-Pregao-Eletronico-03.2023-Sessao-dia-03.01.2024.pdf\" target=\"_blank\" rel=\"noreferrer noopener\">Edital e Anexos Preg\u00e3o Eletronico 03.2023 &#8211; Sess\u00e3o dia 03.01.2024<\/a><\/div>\n\n\n\n<div class=\"wp-block-file\"><a id=\"wp-block-file--media-088248a0-d7a2-4f29-a10c-f336ec96879f\" href=\"https:\/\/www.ifbaiano.edu.br\/unidades\/serrinha\/files\/2023\/12\/AVISO-DE-ALTERACAO-D.O.U-SESSAO-PUBLICA-03.01.2024.pdf\" target=\"_blank\" rel=\"noreferrer noopener\">AVISO DE ALTERA\u00c7\u00c3O &#8211; D.O.U &#8211; SESS\u00c3O P\u00daBLICA 03.01.2024<\/a><\/div>\n\n\n\n<div class=\"wp-block-file\"><a id=\"wp-block-file--media-89c960f7-d389-4cab-ba40-5b24107fc039\" href=\"https:\/\/www.ifbaiano.edu.br\/unidades\/serrinha\/files\/2023\/12\/PLANILHA-Pregao-03.2023_Final.ods\" target=\"_blank\" rel=\"noreferrer noopener\">Planilha modelo para apresenta\u00e7\u00e3o de proposta<\/a><\/div>\n","protected":false},"excerpt":{"rendered":"","protected":false},"author":186,"featured_media":0,"parent":0,"menu_order":0,"comment_status":"closed","ping_status":"closed","template":"","meta":[],"_links":{"self":[{"href":"https:\/\/www.ifbaiano.edu.br\/unidades\/serrinha\/wp-json\/wp\/v2\/pages\/7935"}],"collection":[{"href":"https:\/\/www.ifbaiano.edu.br\/unidades\/serrinha\/wp-json\/wp\/v2\/pages"}],"about":[{"href":"https:\/\/www.ifbaiano.edu.br\/unidades\/serrinha\/wp-json\/wp\/v2\/types\/page"}],"author":[{"embeddable":true,"href":"https:\/\/www.ifbaiano.edu.br\/unidades\/serrinha\/wp-json\/wp\/v2\/users\/186"}],"replies":[{"embeddable":true,"href":"https:\/\/www.ifbaiano.edu.br\/unidades\/serrinha\/wp-json\/wp\/v2\/comments?post=7935"}],"version-history":[{"count":2,"href":"https:\/\/www.ifbaiano.edu.br\/unidades\/serrinha\/wp-json\/wp\/v2\/pages\/7935\/revisions"}],"predecessor-version":[{"id":7958,"href":"https:\/\/www.ifbaiano.edu.br\/unidades\/serrinha\/wp-json\/wp\/v2\/pages\/7935\/revisions\/7958"}],"wp:attachment":[{"href":"https:\/\/www.ifbaiano.edu.br\/unidades\/serrinha\/wp-json\/wp\/v2\/media?parent=7935"}],"curies":[{"name":"wp","href":"https:\/\/api.w.org\/{rel}","templated":true}]}}