{"id":7988,"date":"2024-02-01T14:40:20","date_gmt":"2024-02-01T17:40:20","guid":{"rendered":"https:\/\/www.ifbaiano.edu.br\/unidades\/serrinha\/?page_id=7988"},"modified":"2024-02-08T13:28:32","modified_gmt":"2024-02-08T16:28:32","slug":"vagas-remanescentes-ead","status":"publish","type":"page","link":"https:\/\/www.ifbaiano.edu.br\/unidades\/serrinha\/ingresso-de-estudantes-2024-serrinha\/vagas-remanescentes-ead\/","title":{"rendered":"Vagas Remanescentes &#8211; EAD"},"content":{"rendered":"\n<div id=\"TituloMenu\" class=\"dnone\" align=\"center\">Cursos na modalidade EaD (Educa\u00e7\u00e3o a Dist\u00e2ncia)<\/div>\n\n\n\n<p>PROCESSO SELETIVO PARA OCUPA\u00c7\u00c3O DE VAGAS REMANESCENTES PARA ESTUDANTES NOS CURSOS DA EDUCA\u00c7\u00c3O PROFISSIONAL T\u00c9CNICA DE N\u00cdVEL M\u00c9DIO, NA FORMA SUBSEQUENTE AO ENSINO M\u00c9DIO NA MODALIDADE \u00c0 DIST\u00c2NCIA (EAD)<\/p>\n\n\n\n<p>A DIRETORA-GERAL DO INSTITUTO FEDERAL DE EDUCA\u00c7\u00c3O, CI\u00caNCIA E TECNOLOGIA BAIANO \u2013 CAMPUS SERRINHA, no uso de suas atribui\u00e7\u00f5es legais torna p\u00fablica a abertura das inscri\u00e7\u00f5es do processo seletivo para ingresso em 2024. S\u00e3o ofertadas vagas para cursos de Educa\u00e7\u00e3o Profissional T\u00e9cnica para alunos que terminaram o ensino fundamental como tamb\u00e9m para concluintes do n\u00edvel m\u00e9dio e cursos na modalidade EaD.<\/p>\n\n\n\n<p><strong>Per\u00edodo de inscri\u00e7\u00e3o: 06 a 20 de fevereiro de 2024<\/strong><\/p>\n\n\n\n<ul>\n<li><strong>T\u00e9cnico em Secretaria Escolar (Polo Serrinha) &#8211; 11 Vagas<\/strong><\/li>\n\n\n\n<li><strong>T\u00e9cnico em Vendas<\/strong> <strong>(Polo Serrinha) &#8211; 20 Vagas<\/strong><\/li>\n\n\n\n<li><strong>T\u00e9cnico em Multimeios Did\u00e1ticos<\/strong> <strong>(Polo Serrinha) &#8211; 30 Vagas<\/strong><\/li>\n\n\n\n<li><strong>T\u00e9cnico em Inform\u00e1tica<\/strong> <strong>(Polo Serrinha) &#8211; 17 Vagas<\/strong><\/li>\n\n\n\n<li><strong>T\u00e9cnico em Secretaria Escolar (Polo Araci) &#8211; 19 Vagas<\/strong><\/li>\n<\/ul>\n\n\n\n<div class=\"wp-block-buttons is-layout-flex\">\n<div class=\"wp-block-button is-style-outline\"><a class=\"wp-block-button__link has-text-color wp-element-button\" href=\"https:\/\/concurso.ifbaiano.edu.br\/portal\/vagas-subsequente-ead-serrinha-fevereiro-2024\/\" style=\"color:#03651a\" target=\"_blank\" rel=\"noreferrer noopener\"><strong>CLIQUE AQUI PARA SE INSCREVER E ACOMPANHAR O EDITAL DE VAGAS REMANESCENTES<\/strong><\/a><\/div>\n<\/div>\n","protected":false},"excerpt":{"rendered":"<p>Cursos na modalidade EaD (Educa\u00e7\u00e3o a Dist\u00e2ncia) PROCESSO SELETIVO PARA OCUPA\u00c7\u00c3O DE VAGAS REMANESCENTES PARA ESTUDANTES NOS CURSOS DA EDUCA\u00c7\u00c3O PROFISSIONAL T\u00c9CNICA DE N\u00cdVEL M\u00c9DIO, NA FORMA SUBSEQUENTE AO ENSINO M\u00c9DIO NA MODALIDADE \u00c0 DIST\u00c2NCIA (EAD) A DIRETORA-GERAL DO INSTITUTO FEDERAL DE EDUCA\u00c7\u00c3O, CI\u00caNCIA E TECNOLOGIA BAIANO \u2013 CAMPUS SERRINHA, no uso de suas atribui\u00e7\u00f5es [&hellip;]<\/p>\n","protected":false},"author":186,"featured_media":0,"parent":7712,"menu_order":0,"comment_status":"closed","ping_status":"closed","template":"","meta":[],"_links":{"self":[{"href":"https:\/\/www.ifbaiano.edu.br\/unidades\/serrinha\/wp-json\/wp\/v2\/pages\/7988"}],"collection":[{"href":"https:\/\/www.ifbaiano.edu.br\/unidades\/serrinha\/wp-json\/wp\/v2\/pages"}],"about":[{"href":"https:\/\/www.ifbaiano.edu.br\/unidades\/serrinha\/wp-json\/wp\/v2\/types\/page"}],"author":[{"embeddable":true,"href":"https:\/\/www.ifbaiano.edu.br\/unidades\/serrinha\/wp-json\/wp\/v2\/users\/186"}],"replies":[{"embeddable":true,"href":"https:\/\/www.ifbaiano.edu.br\/unidades\/serrinha\/wp-json\/wp\/v2\/comments?post=7988"}],"version-history":[{"count":3,"href":"https:\/\/www.ifbaiano.edu.br\/unidades\/serrinha\/wp-json\/wp\/v2\/pages\/7988\/revisions"}],"predecessor-version":[{"id":8113,"href":"https:\/\/www.ifbaiano.edu.br\/unidades\/serrinha\/wp-json\/wp\/v2\/pages\/7988\/revisions\/8113"}],"up":[{"embeddable":true,"href":"https:\/\/www.ifbaiano.edu.br\/unidades\/serrinha\/wp-json\/wp\/v2\/pages\/7712"}],"wp:attachment":[{"href":"https:\/\/www.ifbaiano.edu.br\/unidades\/serrinha\/wp-json\/wp\/v2\/media?parent=7988"}],"curies":[{"name":"wp","href":"https:\/\/api.w.org\/{rel}","templated":true}]}}