{"id":8212,"date":"2024-03-15T10:33:18","date_gmt":"2024-03-15T13:33:18","guid":{"rendered":"https:\/\/www.ifbaiano.edu.br\/unidades\/serrinha\/?page_id=8212"},"modified":"2024-08-30T15:57:39","modified_gmt":"2024-08-30T18:57:39","slug":"curso-tecnico-subsequente-em-informatica","status":"publish","type":"page","link":"https:\/\/www.ifbaiano.edu.br\/unidades\/serrinha\/curso-tecnico-subsequente-em-informatica\/","title":{"rendered":"Curso T\u00e9cnico Subsequente em Inform\u00e1tica"},"content":{"rendered":"\n<div class=\"wp-block-file\"><a id=\"wp-block-file--media-eba07995-c538-4caa-9069-216da405c5c8\" href=\"https:\/\/www.ifbaiano.edu.br\/unidades\/serrinha\/files\/2024\/03\/PPC-do-Curso-Tecnico-em-informatica-Subsequente-EAD.pdf\" target=\"_blank\" rel=\"noreferrer noopener\">PROJETO PEDAG\u00d3GICO DO CURSO (PPC) T\u00c9CNICO EM INFORM\u00c1TICA SUBSEQUENTE AO ENSINO M\u00c9DIO<\/a><\/div>\n\n\n\n<p>O Curso T\u00e9cnico Subsequente em Inform\u00e1tica na modalidade EAD, funciona no campus Serrinha, com um encontro presencial por semana no turno vespertino. O Coordenador do curso \u00e9 o Professor M\u00e1rcio Alencar.<\/p>\n\n\n\n<p>\u201cO profissional concluinte do Curso T\u00e9cnico em Inform\u00e1tica Subsequente ao Ensino M\u00e9dio poder\u00e1 atuar na especifica\u00e7\u00e3o de componentes ou equipamentos, suporte t\u00e9cnico, procedimentos de instala\u00e7\u00e3o e configura\u00e7\u00e3o, realiza\u00e7\u00e3o de testes e medi\u00e7\u00f5es, utiliza\u00e7\u00e3o de protocolos e arquitetura de redes, identifica\u00e7\u00e3o de meios f\u00edsicos e padr\u00f5es de comunica\u00e7\u00e3o. Este profissional poder\u00e1 trabalhar em institui\u00e7\u00f5es p\u00fablicas, privadas e do terceiro setor que demandem sistemas computacionais, especialmente em atividades que envolvem programa\u00e7\u00e3o de computador.\u201d<\/p>\n\n\n\n<p>O curso t\u00e9cnico em Inform\u00e1tica na modalidade EaD est\u00e1 estruturado em 1200 horas, distribu\u00eddas em tr\u00eas m\u00f3dulos, cada um correspondendo a um semestre letivo, composto por 20 semanas, sendo 80% do curso EAD e 20% presencial.<\/p>\n\n\n\n<p><strong>Coordena\u00e7\u00e3o do Curso:<\/strong> Marcio Carvalho Vaz de Alencar<\/p>\n\n\n\n<p><strong>E-mail:<\/strong> curso.informatica.ser@ead.ifbaiano.edu.br<\/p>\n\n\n\n<p><\/p>\n","protected":false},"excerpt":{"rendered":"<p>O Curso T\u00e9cnico Subsequente em Inform\u00e1tica na modalidade EAD, funciona no campus Serrinha, com um encontro presencial por semana no turno vespertino. O Coordenador do curso \u00e9 o Professor M\u00e1rcio Alencar. \u201cO profissional concluinte do Curso T\u00e9cnico em Inform\u00e1tica Subsequente ao Ensino M\u00e9dio poder\u00e1 atuar na especifica\u00e7\u00e3o de componentes ou equipamentos, suporte t\u00e9cnico, procedimentos de [&hellip;]<\/p>\n","protected":false},"author":186,"featured_media":0,"parent":0,"menu_order":0,"comment_status":"closed","ping_status":"closed","template":"","meta":[],"_links":{"self":[{"href":"https:\/\/www.ifbaiano.edu.br\/unidades\/serrinha\/wp-json\/wp\/v2\/pages\/8212"}],"collection":[{"href":"https:\/\/www.ifbaiano.edu.br\/unidades\/serrinha\/wp-json\/wp\/v2\/pages"}],"about":[{"href":"https:\/\/www.ifbaiano.edu.br\/unidades\/serrinha\/wp-json\/wp\/v2\/types\/page"}],"author":[{"embeddable":true,"href":"https:\/\/www.ifbaiano.edu.br\/unidades\/serrinha\/wp-json\/wp\/v2\/users\/186"}],"replies":[{"embeddable":true,"href":"https:\/\/www.ifbaiano.edu.br\/unidades\/serrinha\/wp-json\/wp\/v2\/comments?post=8212"}],"version-history":[{"count":5,"href":"https:\/\/www.ifbaiano.edu.br\/unidades\/serrinha\/wp-json\/wp\/v2\/pages\/8212\/revisions"}],"predecessor-version":[{"id":8412,"href":"https:\/\/www.ifbaiano.edu.br\/unidades\/serrinha\/wp-json\/wp\/v2\/pages\/8212\/revisions\/8412"}],"wp:attachment":[{"href":"https:\/\/www.ifbaiano.edu.br\/unidades\/serrinha\/wp-json\/wp\/v2\/media?parent=8212"}],"curies":[{"name":"wp","href":"https:\/\/api.w.org\/{rel}","templated":true}]}}