{"id":8258,"date":"2024-04-08T14:39:35","date_gmt":"2024-04-08T17:39:35","guid":{"rendered":"https:\/\/www.ifbaiano.edu.br\/unidades\/serrinha\/?page_id=8258"},"modified":"2024-11-27T13:49:13","modified_gmt":"2024-11-27T16:49:13","slug":"licitacoes-2024","status":"publish","type":"page","link":"https:\/\/www.ifbaiano.edu.br\/unidades\/serrinha\/diretoria-administrativa\/licitacoes-e-contratos\/licitacoes-nova\/licitacoes-2024\/","title":{"rendered":"Licita\u00e7\u00f5es 2024"},"content":{"rendered":"\n<div id=\"TituloMenu\" class=\"dnone\" align=\"center\">Chamada P\u00fablica<\/div>\n\n\n\n<div style=\"height:20px\" aria-hidden=\"true\" class=\"wp-block-spacer\"><\/div>\n\n\n\n<div id=\"TituloMenu\" class=\"dnone\" align=\"center\">Preg\u00e3o Eletr\u00f4nico<\/div>\n\n\n\n<p><a href=\"https:\/\/www.ifbaiano.edu.br\/unidades\/serrinha\/diretoria-administrativa\/licitacoes-e-contratos\/licitacoes-nova\/licitacoes-2024\/pregao-eletronico-01-2024-contratacao-de-empresa-especializada-no-fornecimento-de-refeicao-para-o-if-baiano-campus-serrinha\/\" target=\"_blank\" rel=\"noreferrer noopener\">Preg\u00e3o Eletr\u00f4nico 01\/2024 &#8211; Contrata\u00e7\u00e3o de Empresa especializada no fornecimento de Refei\u00e7\u00e3o para o IF Baiano &#8211; Campus Serrinha<\/a><\/p>\n\n\n\n<div style=\"height:20px\" aria-hidden=\"true\" class=\"wp-block-spacer\"><\/div>\n\n\n\n<div id=\"TituloMenu\" class=\"dnone\" align=\"center\">Inexigibilidade de Licita\u00e7\u00e3o<\/div>\n\n\n\n<div style=\"height:20px\" aria-hidden=\"true\" class=\"wp-block-spacer\"><\/div>\n\n\n\n<div id=\"TituloMenu\" class=\"dnone\" align=\"center\">Dispensa de Licita\u00e7\u00e3o<\/div>\n\n\n\n<p><a href=\"https:\/\/www.ifbaiano.edu.br\/unidades\/serrinha\/dispensa-de-licitacao-eletronica-90003-2024-aquisicao-com-instalacao-de-assentos-e-encostos-para-as-carteiras-escolares\/\" target=\"_blank\" rel=\"noreferrer noopener\">Dispensa de Licita\u00e7\u00e3o Eletr\u00f4nica 90003\/2024 &#8211; Aquisi\u00e7\u00e3o com instala\u00e7\u00e3o de assentos e encostos para as carteiras escolares<\/a><\/p>\n\n\n\n<div style=\"height:20px\" aria-hidden=\"true\" class=\"wp-block-spacer\"><\/div>\n\n\n\n<div class=\"wp-block-file\"><a id=\"wp-block-file--media-708d55b3-f021-48f7-9934-77bb10f44291\" href=\"https:\/\/www.ifbaiano.edu.br\/unidades\/serrinha\/files\/2024\/04\/Aviso-de-Dispensa-Eletronica-e-Termo-de-Referencia-Data-da-Sessao-15.04.2023.pdf\" target=\"_blank\" rel=\"noreferrer noopener\">Aviso de Dispensa Eletr\u00f4nica e Termo de Referencia &#8211; Data da Sess\u00e3o 15.04.2024<\/a><\/div>\n\n\n\n<div class=\"wp-block-file\"><a id=\"wp-block-file--media-708d55b3-f021-48f7-9934-77bb10f44291\" href=\"https:\/\/www.ifbaiano.edu.br\/unidades\/serrinha\/files\/2024\/11\/Edital-e-Anexos.pdf\" target=\"_blank\" rel=\"noreferrer noopener\">Dispensa de Licita\u00e7\u00e3o 90010\/2024. Objeto: &nbsp;Aquisi\u00e7\u00e3o de G\u00eanero Aliment\u00edcio atrav\u00e9s do PNAE para estudantes do IF Baiano &#8211; Campus Serrinha<\/a><\/div>\n\n\n\n<div class=\"wp-block-file\"><a id=\"wp-block-file--media-708d55b3-f021-48f7-9934-77bb10f44291\" href=\"https:\/\/www.ifbaiano.edu.br\/unidades\/serrinha\/files\/2024\/11\/AVISO-DE-CHAMADA-PUBLICA-PNAE-n\u00b0-1_2024-AVISO-DE-CHAMADA-PUBLICA-PNAE-n\u00b0-1_2024-DOU-Imprensa-Nacional.pdf\" target=\"_blank\" rel=\"noreferrer noopener\">AVISO-DE-CHAMADA-PUBLICA-PNAE-n\u00b0-1_2024-AVISO-DE-CHAMADA-PUBLICA-PNAE-n\u00b0-1_2024-DOU-Imprensa-Nacional<\/a><\/div>\n\n\n\n<p><\/p>\n","protected":false},"excerpt":{"rendered":"<p>Chamada P\u00fablica Preg\u00e3o Eletr\u00f4nico Preg\u00e3o Eletr\u00f4nico 01\/2024 &#8211; Contrata\u00e7\u00e3o de Empresa especializada no fornecimento de Refei\u00e7\u00e3o para o IF Baiano &#8211; Campus Serrinha Inexigibilidade de Licita\u00e7\u00e3o Dispensa de Licita\u00e7\u00e3o Dispensa de Licita\u00e7\u00e3o Eletr\u00f4nica 90003\/2024 &#8211; Aquisi\u00e7\u00e3o com instala\u00e7\u00e3o de assentos e encostos para as carteiras escolares<\/p>\n","protected":false},"author":186,"featured_media":0,"parent":5803,"menu_order":0,"comment_status":"closed","ping_status":"closed","template":"","meta":[],"_links":{"self":[{"href":"https:\/\/www.ifbaiano.edu.br\/unidades\/serrinha\/wp-json\/wp\/v2\/pages\/8258"}],"collection":[{"href":"https:\/\/www.ifbaiano.edu.br\/unidades\/serrinha\/wp-json\/wp\/v2\/pages"}],"about":[{"href":"https:\/\/www.ifbaiano.edu.br\/unidades\/serrinha\/wp-json\/wp\/v2\/types\/page"}],"author":[{"embeddable":true,"href":"https:\/\/www.ifbaiano.edu.br\/unidades\/serrinha\/wp-json\/wp\/v2\/users\/186"}],"replies":[{"embeddable":true,"href":"https:\/\/www.ifbaiano.edu.br\/unidades\/serrinha\/wp-json\/wp\/v2\/comments?post=8258"}],"version-history":[{"count":6,"href":"https:\/\/www.ifbaiano.edu.br\/unidades\/serrinha\/wp-json\/wp\/v2\/pages\/8258\/revisions"}],"predecessor-version":[{"id":8493,"href":"https:\/\/www.ifbaiano.edu.br\/unidades\/serrinha\/wp-json\/wp\/v2\/pages\/8258\/revisions\/8493"}],"up":[{"embeddable":true,"href":"https:\/\/www.ifbaiano.edu.br\/unidades\/serrinha\/wp-json\/wp\/v2\/pages\/5803"}],"wp:attachment":[{"href":"https:\/\/www.ifbaiano.edu.br\/unidades\/serrinha\/wp-json\/wp\/v2\/media?parent=8258"}],"curies":[{"name":"wp","href":"https:\/\/api.w.org\/{rel}","templated":true}]}}