{"id":8265,"date":"2024-04-16T10:43:41","date_gmt":"2024-04-16T13:43:41","guid":{"rendered":"https:\/\/www.ifbaiano.edu.br\/unidades\/serrinha\/?page_id=8265"},"modified":"2024-08-23T15:00:04","modified_gmt":"2024-08-23T18:00:04","slug":"nppd-2024","status":"publish","type":"page","link":"https:\/\/www.ifbaiano.edu.br\/unidades\/serrinha\/concursos\/nppd-2024\/","title":{"rendered":"PROCESSO ELEITORAL PARA ESCOLHA DOS INTEGRANTES DOS NPPDS BI\u00caNIO 2024-2026"},"content":{"rendered":"\n<p>De 16 a 19 de agosto de 2024, estar\u00e3o abertas as inscri\u00e7\u00f5es para o processo eleitoral que definir\u00e1 os membros do N\u00facleo Permanente de Pessoal Docente (NPPD) do Instituto Federal Baiano \u2013 Campus Serrinha. A vota\u00e7\u00e3o ocorrer\u00e1 de forma direta e ser\u00e1 organizada pela Comiss\u00e3o Eleitoral durante Reuni\u00e3o Geral no dia 21 de agosto de 2024.<br>Os docentes efetivos do IF Baiano, que estejam lotados e em exerc\u00edcio no campus Serrinha, podem se candidatar ao NPPD. J\u00e1 para participar como eleitor, \u00e9 necess\u00e1rio ser docente efetivo, com exce\u00e7\u00e3o dos servidores inativos ou cedidos a outros \u00f3rg\u00e3os. As inscri\u00e7\u00f5es devem ser feitas por meio do formul\u00e1rio disponibilizado (Anexo II), que deve ser enviado para o e-mail: prosel.nppd@serrinha.ifbaiano.edu.br.<br>Para mais informa\u00e7\u00f5es ou esclarecimento de d\u00favidas, entre em contato com a Comiss\u00e3o Eleitoral pelo e-mail: prosel.nppd@serrinha.ifbaiano.edu.br.<\/p>\n\n\n\n<div class=\"wp-block-file\"><a id=\"wp-block-file--media-d0502396-8a01-4406-bf1e-cffb1928230f\" href=\"https:\/\/www.ifbaiano.edu.br\/unidades\/serrinha\/files\/2024\/08\/Resultado-final-NPPD.pdf\" target=\"_blank\" rel=\"noreferrer noopener\">Resultado Final<\/a><\/div>\n\n\n\n<div class=\"wp-block-file\"><a id=\"wp-block-file--media-6ae4c041-71a7-4c9d-849e-c5e24cdd539b\" href=\"https:\/\/www.ifbaiano.edu.br\/unidades\/serrinha\/files\/2024\/08\/Resultado-Preliminar.pdf\" target=\"_blank\" rel=\"noreferrer noopener\">Resultado Preliminar<\/a><\/div>\n\n\n\n<div class=\"wp-block-file\"><a id=\"wp-block-file--media-b9ead06a-3a2c-4bcb-a0d2-5e0b972d3fee\" href=\"https:\/\/www.ifbaiano.edu.br\/unidades\/serrinha\/files\/2024\/08\/Incricoes-homologadas-NPPD.pdf\" target=\"_blank\" rel=\"noreferrer noopener\">Inscri\u00e7\u00f5es Homologadas &#8211; Final<\/a><\/div>\n\n\n\n<div class=\"wp-block-file\"><a id=\"wp-block-file--media-4d777128-5420-480a-ad85-339a22803e27\" href=\"https:\/\/www.ifbaiano.edu.br\/unidades\/serrinha\/files\/2024\/08\/Homologacao-de-inscricoes.pdf\" target=\"_blank\" rel=\"noreferrer noopener\">Homologa\u00e7\u00e3o de inscri\u00e7\u00f5es<\/a><\/div>\n\n\n\n<div class=\"wp-block-file\"><a id=\"wp-block-file--media-41ecad64-d56b-4cd7-b495-864fcf7b11b2\" href=\"https:\/\/www.ifbaiano.edu.br\/unidades\/serrinha\/files\/2024\/08\/EDITALNo-18DE-15-DEAGOSTO-DE2024.pdf\" target=\"_blank\" rel=\"noreferrer noopener\">EDITALN\u00ba 18,DE 15 DEAGOSTO DE2024<\/a><\/div>\n\n\n\n<div class=\"wp-block-file\"><a id=\"wp-block-file--media-d9835815-915c-4768-8dae-83fef54825fa\" href=\"https:\/\/www.ifbaiano.edu.br\/unidades\/serrinha\/files\/2024\/08\/Anexo-II.pdf\" target=\"_blank\" rel=\"noreferrer noopener\">Anexo II<\/a><\/div>\n\n\n\n<div class=\"wp-block-file\"><a id=\"wp-block-file--media-1c47370c-9d25-44af-a489-350012a3c30a\" href=\"https:\/\/www.ifbaiano.edu.br\/unidades\/serrinha\/files\/2024\/08\/Anexo-III.pdf\" target=\"_blank\" rel=\"noreferrer noopener\">Anexo III<\/a><\/div>\n\n\n\n<div class=\"wp-block-file\"><a id=\"wp-block-file--media-3d56185b-0087-4f2d-a376-e17f0d271067\" href=\"https:\/\/www.ifbaiano.edu.br\/unidades\/serrinha\/files\/2024\/08\/Anexo-IV.pdf\" target=\"_blank\" rel=\"noreferrer noopener\">Anexo IV<\/a><\/div>\n\n\n\n<div class=\"wp-block-file\"><a id=\"wp-block-file--media-97c84d38-150a-44af-a43b-1fd422957881\" href=\"https:\/\/www.ifbaiano.edu.br\/unidades\/serrinha\/files\/2024\/08\/Lista-de-Votantes-Docentes-Campus-Serrinha.pdf\" target=\"_blank\" rel=\"noreferrer noopener\">Lista de Votantes Docentes &#8211; Campus Serrinha<\/a><\/div>\n","protected":false},"excerpt":{"rendered":"<p>De 16 a 19 de agosto de 2024, estar\u00e3o abertas as inscri\u00e7\u00f5es para o processo eleitoral que definir\u00e1 os membros do N\u00facleo Permanente de Pessoal Docente (NPPD) do Instituto Federal Baiano \u2013 Campus Serrinha. A vota\u00e7\u00e3o ocorrer\u00e1 de forma direta e ser\u00e1 organizada pela Comiss\u00e3o Eleitoral durante Reuni\u00e3o Geral no dia 21 de agosto de [&hellip;]<\/p>\n","protected":false},"author":186,"featured_media":0,"parent":468,"menu_order":0,"comment_status":"closed","ping_status":"closed","template":"","meta":[],"_links":{"self":[{"href":"https:\/\/www.ifbaiano.edu.br\/unidades\/serrinha\/wp-json\/wp\/v2\/pages\/8265"}],"collection":[{"href":"https:\/\/www.ifbaiano.edu.br\/unidades\/serrinha\/wp-json\/wp\/v2\/pages"}],"about":[{"href":"https:\/\/www.ifbaiano.edu.br\/unidades\/serrinha\/wp-json\/wp\/v2\/types\/page"}],"author":[{"embeddable":true,"href":"https:\/\/www.ifbaiano.edu.br\/unidades\/serrinha\/wp-json\/wp\/v2\/users\/186"}],"replies":[{"embeddable":true,"href":"https:\/\/www.ifbaiano.edu.br\/unidades\/serrinha\/wp-json\/wp\/v2\/comments?post=8265"}],"version-history":[{"count":9,"href":"https:\/\/www.ifbaiano.edu.br\/unidades\/serrinha\/wp-json\/wp\/v2\/pages\/8265\/revisions"}],"predecessor-version":[{"id":8402,"href":"https:\/\/www.ifbaiano.edu.br\/unidades\/serrinha\/wp-json\/wp\/v2\/pages\/8265\/revisions\/8402"}],"up":[{"embeddable":true,"href":"https:\/\/www.ifbaiano.edu.br\/unidades\/serrinha\/wp-json\/wp\/v2\/pages\/468"}],"wp:attachment":[{"href":"https:\/\/www.ifbaiano.edu.br\/unidades\/serrinha\/wp-json\/wp\/v2\/media?parent=8265"}],"curies":[{"name":"wp","href":"https:\/\/api.w.org\/{rel}","templated":true}]}}