{"id":8352,"date":"2024-08-12T13:39:44","date_gmt":"2024-08-12T16:39:44","guid":{"rendered":"https:\/\/www.ifbaiano.edu.br\/unidades\/serrinha\/?page_id=8352"},"modified":"2024-08-12T13:39:45","modified_gmt":"2024-08-12T16:39:45","slug":"pregao-eletronico-01-2024-contratacao-de-empresa-especializada-no-fornecimento-de-refeicao-para-o-if-baiano-campus-serrinha","status":"publish","type":"page","link":"https:\/\/www.ifbaiano.edu.br\/unidades\/serrinha\/diretoria-administrativa\/licitacoes-e-contratos\/licitacoes-nova\/licitacoes-2024\/pregao-eletronico-01-2024-contratacao-de-empresa-especializada-no-fornecimento-de-refeicao-para-o-if-baiano-campus-serrinha\/","title":{"rendered":"Preg\u00e3o Eletr\u00f4nico 01\/2024 &#8211; Contrata\u00e7\u00e3o de Empresa especializada no fornecimento de Refei\u00e7\u00e3o para o IF Baiano &#8211; Campus Serrinha"},"content":{"rendered":"\n<div class=\"wp-block-file\"><a id=\"wp-block-file--media-1f6c92c5-eb33-4692-9ac0-22a03d9b2231\" href=\"https:\/\/www.ifbaiano.edu.br\/unidades\/serrinha\/files\/2024\/08\/EDITAL.pdf\" target=\"_blank\" rel=\"noreferrer noopener\">EDITAL N\u00ba17, DE 8 DE AGOSTO DE 2024<\/a><\/div>\n\n\n\n<div class=\"wp-block-file\"><a id=\"wp-block-file--media-0543be73-4669-4a95-b0e3-6c9dcb85ce39\" href=\"https:\/\/www.ifbaiano.edu.br\/unidades\/serrinha\/files\/2024\/08\/MINUTA-CONTRATO-REFEICAO-14133.pdf\" target=\"_blank\" rel=\"noreferrer noopener\">MINUTA &#8211; CONTRATO &#8211; REFEI\u00c7\u00c3O &#8211; 14133<\/a><\/div>\n\n\n\n<div class=\"wp-block-file\"><a id=\"wp-block-file--media-47e4f81d-1522-4ece-80f6-9c9f9f5180fa\" href=\"https:\/\/www.ifbaiano.edu.br\/unidades\/serrinha\/files\/2024\/08\/RELACAO-DOS-ITENS.pdf\" target=\"_blank\" rel=\"noreferrer noopener\">RELA\u00c7\u00c3O DOS ITENS<\/a><\/div>\n\n\n\n<div class=\"wp-block-file\"><a id=\"wp-block-file--media-841dc684-6a73-4f07-a0b5-84274d7500a2\" href=\"https:\/\/www.ifbaiano.edu.br\/unidades\/serrinha\/files\/2024\/08\/TERMO-DE-REFERENCIA.pdf\" target=\"_blank\" rel=\"noreferrer noopener\">TERMO DE REFERENCIA<\/a><\/div>\n","protected":false},"excerpt":{"rendered":"","protected":false},"author":186,"featured_media":0,"parent":8258,"menu_order":0,"comment_status":"closed","ping_status":"closed","template":"","meta":[],"_links":{"self":[{"href":"https:\/\/www.ifbaiano.edu.br\/unidades\/serrinha\/wp-json\/wp\/v2\/pages\/8352"}],"collection":[{"href":"https:\/\/www.ifbaiano.edu.br\/unidades\/serrinha\/wp-json\/wp\/v2\/pages"}],"about":[{"href":"https:\/\/www.ifbaiano.edu.br\/unidades\/serrinha\/wp-json\/wp\/v2\/types\/page"}],"author":[{"embeddable":true,"href":"https:\/\/www.ifbaiano.edu.br\/unidades\/serrinha\/wp-json\/wp\/v2\/users\/186"}],"replies":[{"embeddable":true,"href":"https:\/\/www.ifbaiano.edu.br\/unidades\/serrinha\/wp-json\/wp\/v2\/comments?post=8352"}],"version-history":[{"count":1,"href":"https:\/\/www.ifbaiano.edu.br\/unidades\/serrinha\/wp-json\/wp\/v2\/pages\/8352\/revisions"}],"predecessor-version":[{"id":8353,"href":"https:\/\/www.ifbaiano.edu.br\/unidades\/serrinha\/wp-json\/wp\/v2\/pages\/8352\/revisions\/8353"}],"up":[{"embeddable":true,"href":"https:\/\/www.ifbaiano.edu.br\/unidades\/serrinha\/wp-json\/wp\/v2\/pages\/8258"}],"wp:attachment":[{"href":"https:\/\/www.ifbaiano.edu.br\/unidades\/serrinha\/wp-json\/wp\/v2\/media?parent=8352"}],"curies":[{"name":"wp","href":"https:\/\/api.w.org\/{rel}","templated":true}]}}