{"id":8429,"date":"2024-09-04T15:35:09","date_gmt":"2024-09-04T18:35:09","guid":{"rendered":"https:\/\/www.ifbaiano.edu.br\/unidades\/serrinha\/?page_id=8429"},"modified":"2024-09-27T12:53:25","modified_gmt":"2024-09-27T15:53:25","slug":"dispensa-de-licitacao-eletronica-90003-2024-aquisicao-com-instalacao-de-assentos-e-encostos-para-as-carteiras-escolares","status":"publish","type":"page","link":"https:\/\/www.ifbaiano.edu.br\/unidades\/serrinha\/dispensa-de-licitacao-eletronica-90003-2024-aquisicao-com-instalacao-de-assentos-e-encostos-para-as-carteiras-escolares\/","title":{"rendered":"Dispensa de Licita\u00e7\u00e3o Eletr\u00f4nica 90003\/2024 &#8211; Aquisi\u00e7\u00e3o com instala\u00e7\u00e3o de assentos e encostos para as carteiras escolares"},"content":{"rendered":"\n<div class=\"wp-block-file\"><a id=\"wp-block-file--media-c29a1d1d-dab2-4590-a285-6eaaeff4f689\" href=\"https:\/\/www.ifbaiano.edu.br\/unidades\/serrinha\/files\/2024\/09\/RELATORIO-DA-DISPENSA-ADJUDICACAO-e-HOMOLOGACAO.pdf\" target=\"_blank\" rel=\"noreferrer noopener\">RELATORIO DA DISPENSA &#8211; ADJUDICA\u00c7\u00c3O e HOMOLOGA\u00c7\u00c3O<\/a><\/div>\n\n\n\n<div class=\"wp-block-file\"><a id=\"wp-block-file--media-e305db0b-3205-4423-8cb5-84601ed0bb82\" href=\"https:\/\/www.ifbaiano.edu.br\/unidades\/serrinha\/files\/2024\/09\/AVISO-e-TERMO-DE-REFERENCIA-ASSINADOS-04.09.2024.pdf\" target=\"_blank\" rel=\"noreferrer noopener\">AVISO e TERMO DE REFER\u00caNCIA ASSINADOS<\/a><\/div>\n\n\n\n<p><\/p>\n","protected":false},"excerpt":{"rendered":"","protected":false},"author":186,"featured_media":0,"parent":0,"menu_order":0,"comment_status":"closed","ping_status":"closed","template":"","meta":[],"_links":{"self":[{"href":"https:\/\/www.ifbaiano.edu.br\/unidades\/serrinha\/wp-json\/wp\/v2\/pages\/8429"}],"collection":[{"href":"https:\/\/www.ifbaiano.edu.br\/unidades\/serrinha\/wp-json\/wp\/v2\/pages"}],"about":[{"href":"https:\/\/www.ifbaiano.edu.br\/unidades\/serrinha\/wp-json\/wp\/v2\/types\/page"}],"author":[{"embeddable":true,"href":"https:\/\/www.ifbaiano.edu.br\/unidades\/serrinha\/wp-json\/wp\/v2\/users\/186"}],"replies":[{"embeddable":true,"href":"https:\/\/www.ifbaiano.edu.br\/unidades\/serrinha\/wp-json\/wp\/v2\/comments?post=8429"}],"version-history":[{"count":2,"href":"https:\/\/www.ifbaiano.edu.br\/unidades\/serrinha\/wp-json\/wp\/v2\/pages\/8429\/revisions"}],"predecessor-version":[{"id":8463,"href":"https:\/\/www.ifbaiano.edu.br\/unidades\/serrinha\/wp-json\/wp\/v2\/pages\/8429\/revisions\/8463"}],"wp:attachment":[{"href":"https:\/\/www.ifbaiano.edu.br\/unidades\/serrinha\/wp-json\/wp\/v2\/media?parent=8429"}],"curies":[{"name":"wp","href":"https:\/\/api.w.org\/{rel}","templated":true}]}}