{"id":843,"date":"2016-08-24T14:25:11","date_gmt":"2016-08-24T14:25:11","guid":{"rendered":"http:\/\/www.ifbaiano.edu.br\/unidades\/serrinha\/?page_id=843"},"modified":"2019-02-25T11:58:38","modified_gmt":"2019-02-25T11:58:38","slug":"espoaco-do-servidor","status":"publish","type":"page","link":"https:\/\/www.ifbaiano.edu.br\/unidades\/serrinha\/espoaco-do-servidor\/","title":{"rendered":"Documentos"},"content":{"rendered":"<p><a href=\"http:\/\/www.ifbaiano.edu.br\/unidades\/serrinha\/files\/2016\/08\/Boletim-semanal-para-atividade-realizada-fora-da-sede-1.pdf\">Boletim semanal para atividade realizada fora da sede<\/a><\/p>\n<p><a href=\"http:\/\/www.ifbaiano.edu.br\/unidades\/serrinha\/files\/2016\/08\/FORMUL\u00c1RIO-DE-RESSARCIMENTO-DE-PASSAGENS-1.pdf\">Formul\u00e1rio de Ressarcimento de Passagens<\/a><\/p>\n<p><a href=\"http:\/\/www.ifbaiano.edu.br\/unidades\/serrinha\/files\/2016\/08\/FORMUL\u00c1RIO-DE-SOLICITA\u00c7\u00c3O-DE-DI\u00c1RIAS-1.pdf\">Formul\u00e1rio de Solicita\u00e7\u00e3o de Di\u00e1rias<\/a><\/p>\n<p><a href=\"http:\/\/www.ifbaiano.edu.br\/unidades\/serrinha\/files\/2016\/08\/FORMUL\u00c1RIO-DE-RELAT\u00d3RIO-DE-VIAGEM.pdf\">Relat\u00f3rio de Viagem<\/a><\/p>\n<p>&nbsp;<\/p>\n","protected":false},"excerpt":{"rendered":"<p>Boletim semanal para atividade realizada fora da sede Formul\u00e1rio de Ressarcimento de Passagens Formul\u00e1rio de Solicita\u00e7\u00e3o de Di\u00e1rias Relat\u00f3rio de Viagem &nbsp;<\/p>\n","protected":false},"author":70,"featured_media":0,"parent":0,"menu_order":0,"comment_status":"open","ping_status":"closed","template":"","meta":[],"_links":{"self":[{"href":"https:\/\/www.ifbaiano.edu.br\/unidades\/serrinha\/wp-json\/wp\/v2\/pages\/843"}],"collection":[{"href":"https:\/\/www.ifbaiano.edu.br\/unidades\/serrinha\/wp-json\/wp\/v2\/pages"}],"about":[{"href":"https:\/\/www.ifbaiano.edu.br\/unidades\/serrinha\/wp-json\/wp\/v2\/types\/page"}],"author":[{"embeddable":true,"href":"https:\/\/www.ifbaiano.edu.br\/unidades\/serrinha\/wp-json\/wp\/v2\/users\/70"}],"replies":[{"embeddable":true,"href":"https:\/\/www.ifbaiano.edu.br\/unidades\/serrinha\/wp-json\/wp\/v2\/comments?post=843"}],"version-history":[{"count":12,"href":"https:\/\/www.ifbaiano.edu.br\/unidades\/serrinha\/wp-json\/wp\/v2\/pages\/843\/revisions"}],"predecessor-version":[{"id":2906,"href":"https:\/\/www.ifbaiano.edu.br\/unidades\/serrinha\/wp-json\/wp\/v2\/pages\/843\/revisions\/2906"}],"wp:attachment":[{"href":"https:\/\/www.ifbaiano.edu.br\/unidades\/serrinha\/wp-json\/wp\/v2\/media?parent=843"}],"curies":[{"name":"wp","href":"https:\/\/api.w.org\/{rel}","templated":true}]}}