{"id":8497,"date":"2024-12-05T16:09:59","date_gmt":"2024-12-05T19:09:59","guid":{"rendered":"https:\/\/www.ifbaiano.edu.br\/unidades\/serrinha\/?page_id=8497"},"modified":"2025-01-22T09:18:37","modified_gmt":"2025-01-22T12:18:37","slug":"ingresso-de-estudantes-2025","status":"publish","type":"page","link":"https:\/\/www.ifbaiano.edu.br\/unidades\/serrinha\/ingresso-de-estudantes-2025\/","title":{"rendered":"Processo Seletivo Cursos Ensino M\u00e9dio\/Integrado 2025"},"content":{"rendered":"\n<p><strong>A DIRETORA-GERAL&nbsp; DO INSTITUTO FEDERAL DE EDUCA\u00c7\u00c3O, CI\u00caNCIA E TECNOLOGIA BAIANO \u2013 CAMPUS SERRINHA<\/strong>, no uso de suas atribui\u00e7\u00f5es legais torna p\u00fablica a abertura das inscri\u00e7\u00f5es do processo seletivo para ingresso em 2025. S\u00e3o ofertadas vagas para cursos de Educa\u00e7\u00e3o Profissional T\u00e9cnica para alunos que terminaram o ensino fundamental como tamb\u00e9m para concluintes do n\u00edvel m\u00e9dio.<\/p>\n\n\n\n<div id=\"TituloMenu\" class=\"dnone\" align=\"center\">NOSSOS CURSOS<\/div>\n\n\n\n<div style=\"height:20px\" aria-hidden=\"true\" class=\"wp-block-spacer\"><\/div>\n\n\n\n<div id=\"TituloMenu\" class=\"dnone\" align=\"center\">Cursos na modalidade Integrada ao Ensino M\u00e9dio<\/div>\n\n\n\n<p><strong>Per\u00edodo de Inscri\u00e7\u00f5es: 05\/12\/2024 a 05\/01\/2025<\/strong>&nbsp;(at\u00e9 \u00e0s&nbsp;<strong>23h59<\/strong>, para as inscri\u00e7\u00f5es realizadas de forma&nbsp;<strong>online<\/strong>, e at\u00e9 \u00e0s&nbsp;<strong>14h<\/strong>, para as inscri\u00e7\u00f5es realizadas de forma&nbsp;<strong>presencial<\/strong>&nbsp;no Campus Serrinha).<\/p>\n\n\n\n<ul>\n<li><strong>Administra\u00e7\u00e3o<\/strong>\u2013 40 vagas<\/li>\n\n\n\n<li><strong>Agroecologia&nbsp;<\/strong>\u2013 80 vagas<\/li>\n\n\n\n<li><strong>Alimentos&nbsp;<\/strong>\u2013 40 vagas<\/li>\n<\/ul>\n\n\n\n<div class=\"wp-block-buttons is-content-justification-center is-layout-flex wp-container-1\">\n<div class=\"wp-block-button is-style-outline\"><a class=\"wp-block-button__link has-text-color wp-element-button\" href=\"https:\/\/concurso.ifbaiano.edu.br\/portal\/ingresso-2025-integrado-serrinha\/\" style=\"color:#03651a\" target=\"_blank\" rel=\"noreferrer noopener\"><strong>CLIQUE AQUI PARA INSCRI\u00c7\u00c3O E ACOMPANHAMENTO<\/strong><\/a><\/div>\n<\/div>\n\n\n\n<div style=\"height:27px\" aria-hidden=\"true\" class=\"wp-block-spacer\"><\/div>\n\n\n<div class=\"wp-block-image\">\n<figure class=\"aligncenter is-resized\"><a href=\"https:\/\/www.ifbaiano.edu.br\/unidades\/serrinha\/files\/2024\/12\/MANUAL-DE-INSCRICAO-PROCESSO-SELETIVO-SERRINHA.pdf\" target=\"_blank\" rel=\"noreferrer noopener\"><img decoding=\"async\" loading=\"lazy\" src=\"https:\/\/www.ifbaiano.edu.br\/unidades\/serrinha\/files\/2024\/12\/imagem-inscricao.jpg\" alt=\"\" class=\"wp-image-8502\" width=\"450\" height=\"450\" \/><\/a><\/figure><\/div>\n\n\n<div class=\"wp-block-file\"><object class=\"wp-block-file__embed\" data=\"https:\/\/www.ifbaiano.edu.br\/unidades\/serrinha\/files\/2025\/01\/MANUAL-ABERTURA-DE-RECURSO-1.pdf\" type=\"application\/pdf\" style=\"width:100%;height:600px\" aria-label=\"Incorporado de MANUAL - ABERTURA DE RECURSO.\"><\/object><a id=\"wp-block-file--media-f25cbb1e-7aa2-4031-9104-c7047afd3990\" href=\"https:\/\/www.ifbaiano.edu.br\/unidades\/serrinha\/files\/2025\/01\/MANUAL-ABERTURA-DE-RECURSO-1.pdf\">MANUAL &#8211; ABERTURA DE RECURSO<\/a><a href=\"https:\/\/www.ifbaiano.edu.br\/unidades\/serrinha\/files\/2025\/01\/MANUAL-ABERTURA-DE-RECURSO-1.pdf\" class=\"wp-block-file__button wp-element-button\" download aria-describedby=\"wp-block-file--media-f25cbb1e-7aa2-4031-9104-c7047afd3990\">Baixar<\/a><\/div>\n","protected":false},"excerpt":{"rendered":"<p>A DIRETORA-GERAL&nbsp; DO INSTITUTO FEDERAL DE EDUCA\u00c7\u00c3O, CI\u00caNCIA E TECNOLOGIA BAIANO \u2013 CAMPUS SERRINHA, no uso de suas atribui\u00e7\u00f5es legais torna p\u00fablica a abertura das inscri\u00e7\u00f5es do processo seletivo para ingresso em 2025. S\u00e3o ofertadas vagas para cursos de Educa\u00e7\u00e3o Profissional T\u00e9cnica para alunos que terminaram o ensino fundamental como tamb\u00e9m para concluintes do n\u00edvel [&hellip;]<\/p>\n","protected":false},"author":186,"featured_media":0,"parent":0,"menu_order":0,"comment_status":"closed","ping_status":"closed","template":"","meta":[],"_links":{"self":[{"href":"https:\/\/www.ifbaiano.edu.br\/unidades\/serrinha\/wp-json\/wp\/v2\/pages\/8497"}],"collection":[{"href":"https:\/\/www.ifbaiano.edu.br\/unidades\/serrinha\/wp-json\/wp\/v2\/pages"}],"about":[{"href":"https:\/\/www.ifbaiano.edu.br\/unidades\/serrinha\/wp-json\/wp\/v2\/types\/page"}],"author":[{"embeddable":true,"href":"https:\/\/www.ifbaiano.edu.br\/unidades\/serrinha\/wp-json\/wp\/v2\/users\/186"}],"replies":[{"embeddable":true,"href":"https:\/\/www.ifbaiano.edu.br\/unidades\/serrinha\/wp-json\/wp\/v2\/comments?post=8497"}],"version-history":[{"count":16,"href":"https:\/\/www.ifbaiano.edu.br\/unidades\/serrinha\/wp-json\/wp\/v2\/pages\/8497\/revisions"}],"predecessor-version":[{"id":8562,"href":"https:\/\/www.ifbaiano.edu.br\/unidades\/serrinha\/wp-json\/wp\/v2\/pages\/8497\/revisions\/8562"}],"wp:attachment":[{"href":"https:\/\/www.ifbaiano.edu.br\/unidades\/serrinha\/wp-json\/wp\/v2\/media?parent=8497"}],"curies":[{"name":"wp","href":"https:\/\/api.w.org\/{rel}","templated":true}]}}