{"id":8547,"date":"2025-01-17T08:19:46","date_gmt":"2025-01-17T11:19:46","guid":{"rendered":"https:\/\/www.ifbaiano.edu.br\/unidades\/serrinha\/?page_id=8547"},"modified":"2025-11-04T11:44:45","modified_gmt":"2025-11-04T14:44:45","slug":"licitacoes-2025","status":"publish","type":"page","link":"https:\/\/www.ifbaiano.edu.br\/unidades\/serrinha\/diretoria-administrativa\/licitacoes-e-contratos\/licitacoes-nova\/licitacoes-2025\/","title":{"rendered":"Licita\u00e7\u00f5es 2025"},"content":{"rendered":"\n<div id=\"TituloMenu\" class=\"dnone\" align=\"center\">Chamada P\u00fablica<\/div>\n\n\n\n<p><a href=\"https:\/\/www.ifbaiano.edu.br\/unidades\/serrinha\/files\/2025\/11\/AVISO-DE-LICITACAO-AVISO-DE-LICITACAO-DOU-Imprensa-Nacional.pdf\" target=\"_blank\" rel=\"noreferrer noopener\">AVISO DE LICITA\u00c7\u00c3O &#8211; DOU &#8211; Imprensa Nacional<\/a><\/p>\n\n\n\n<p><a href=\"https:\/\/www.ifbaiano.edu.br\/unidades\/serrinha\/files\/2025\/11\/EDITAL-TR-e-ATA-SRP-26.09.2025.pdf\" target=\"_blank\" rel=\"noreferrer noopener\">EDITAL &#8211; TR e ATA SRP 26.09.2025<\/a><\/p>\n\n\n\n<p><a href=\"https:\/\/www.ifbaiano.edu.br\/unidades\/serrinha\/files\/2025\/07\/Aviso-de-chamada-publica-Aviso-de-chamada-publica-DOU-Imprensa-Nacional.pdf\" target=\"_blank\" rel=\"noreferrer noopener\">Chamada P\u00fablica 01\/2025. Aquisi\u00e7\u00e3o de G\u00eaneros aliment\u00edcios atrav\u00e9s do PNAE<\/a><\/p>\n\n\n\n<p><a href=\"https:\/\/www.ifbaiano.edu.br\/unidades\/serrinha\/files\/2025\/07\/Edital-29.2025.pdf\" target=\"_blank\" rel=\"noreferrer noopener\">Edital 29-2025<\/a><\/p>\n\n\n\n<p><a href=\"https:\/\/www.ifbaiano.edu.br\/unidades\/serrinha\/files\/2025\/07\/1-Anexo-I-Especificacoes-TERMO-DE-REFERENCIA-OK.pdf\" target=\"_blank\" rel=\"noreferrer noopener\">Anexo I &#8211; Especifica\u00e7\u00f5es TERMO DE REFER\u00caNCIA<\/a><\/p>\n\n\n\n<p><a href=\"https:\/\/www.ifbaiano.edu.br\/unidades\/serrinha\/files\/2025\/07\/2-Anexo-II-Projeto-de-Vendas-OK.pdf\" target=\"_blank\" rel=\"noreferrer noopener\">Anexo II &#8211; Projeto de Vendas<\/a><\/p>\n\n\n\n<p><a href=\"https:\/\/www.ifbaiano.edu.br\/unidades\/serrinha\/files\/2025\/07\/3-Anexo-III-Declaracao-de-Origem-dos-Produtos-OK.pdf\" target=\"_blank\" rel=\"noreferrer noopener\">Anexo III- Declara\u00e7\u00e3o de Origem dos Produtos<\/a><\/p>\n\n\n\n<p><a href=\"https:\/\/www.ifbaiano.edu.br\/unidades\/serrinha\/files\/2025\/07\/4-Anexo-IV-Modelo-de-Termo-de-Recebimento-OK.pdf\" target=\"_blank\" rel=\"noreferrer noopener\">Anexo IV &#8211; Modelo de Termo de Recebimento<\/a><\/p>\n\n\n\n<p><a href=\"https:\/\/www.ifbaiano.edu.br\/unidades\/serrinha\/files\/2025\/07\/Anexo-V-MINUTA-DE-CONTRATO.pdf\" target=\"_blank\" rel=\"noreferrer noopener\">Anexo V &#8211; MINUTA DE CONTRATO<\/a><\/p>\n\n\n\n<p><a href=\"https:\/\/www.ifbaiano.edu.br\/unidades\/serrinha\/files\/2025\/07\/5-Anexo-VI-Modelo-de-Declaracao-do-Controle-do-Limite-Individual-de-Vendas-OK.pdf\" target=\"_blank\" rel=\"noreferrer noopener\">Anexo VI &#8211; Modelo de Declara\u00e7\u00e3o do Controle do Limite Individual de Vendas<\/a><\/p>\n\n\n\n<p><a href=\"https:\/\/www.ifbaiano.edu.br\/unidades\/serrinha\/files\/2025\/07\/NOTA-TECNICA-PNAE-DESEMPATE.pdf\" target=\"_blank\" rel=\"noreferrer noopener\">NOTA T\u00c9CNICA &#8211; PNAE &#8211; DESEMPATE<\/a><\/p>\n\n\n\n<p><a href=\"https:\/\/www.ifbaiano.edu.br\/unidades\/serrinha\/files\/2025\/07\/Analise-Habilitatoria-da-Empresas-e-Resultado-Final-do-Processo.pdf\" target=\"_blank\" rel=\"noreferrer noopener\">Analise Habilitat\u00f3ria da Empresas e Resultado Final do Processo<\/a><\/p>\n\n\n\n<div style=\"height:20px\" aria-hidden=\"true\" class=\"wp-block-spacer\"><\/div>\n\n\n\n<p><\/p>\n\n\n\n<div id=\"TituloMenu\" class=\"dnone\" align=\"center\">Preg\u00e3o Eletr\u00f4nico<\/div>\n\n\n\n<p><strong><a href=\"https:\/\/www.ifbaiano.edu.br\/unidades\/serrinha\/diretoria-administrativa\/licitacoes-e-contratos\/licitacoes-nova\/licitacoes-2025\/pregao-eletronico-01-2025-contratacao-de-prestacao-de-servico-de-manutencao-preventiva-corretiva-remocao-desinstalacao-instalacao-reinstalacao-de-aparelhos-de-ar-condicionado-com-fornecimento-d\/\" target=\"_blank\" rel=\"noreferrer noopener\">Preg\u00e3o Eletr\u00f4nico 01\/2025 \u2013 Contrata\u00e7\u00e3o de Presta\u00e7\u00e3o de Servi\u00e7o de Manuten\u00e7\u00e3o Preventiva, Corretiva, Remo\u00e7\u00e3o\/Desinstala\u00e7\u00e3o, Instala\u00e7\u00e3o, Reinstala\u00e7\u00e3o de Aparelhos de Ar Condicionado, com fornecimento de pe\u00e7as e componentes, por demanda, para atendimento ao IF Baiano \u2013 Campus Serrinha<\/a><\/strong><\/p>\n\n\n\n<p><a href=\"https:\/\/www.ifbaiano.edu.br\/unidades\/serrinha\/files\/2025\/07\/EDITAL-25.06.2025-27.06.2025-ATUAL.pdf\" target=\"_blank\" rel=\"noreferrer noopener\">Preg\u00e3o Eletr\u00f4nico 9002\/2025. Contrata\u00e7\u00e3o de Empresa especializada em Vigil\u00e2ncia armada patrimonial para o IF Baiano &#8211; Campus Serrinha<\/a><\/p>\n\n\n\n<p><a href=\"https:\/\/www.ifbaiano.edu.br\/unidades\/serrinha\/files\/2025\/07\/ANEXO-I-TERMO-DE-REFERENCIA.pdf\" target=\"_blank\" rel=\"noreferrer noopener\">ANEXO I &#8211; TERMO DE REFER\u00caNCIA<\/a><\/p>\n\n\n\n<p><a href=\"https:\/\/www.ifbaiano.edu.br\/unidades\/serrinha\/files\/2025\/07\/ANEXO-II-MINUTA-DE-CONTRATO.pdf\" target=\"_blank\" rel=\"noreferrer noopener\">ANEXO II &#8211; MINUTA DE CONTRATO<\/a><\/p>\n\n\n\n<p><a href=\"https:\/\/www.ifbaiano.edu.br\/unidades\/serrinha\/files\/2025\/07\/ANEXO-III-PLANILHA-DE-CUSTOS-E-FORMACAO-DE-PRECOS-SERVICO-DE-VIGILANCIA-ARMADA_ATUALIZADA.pdf\" target=\"_blank\" rel=\"noreferrer noopener\">ANEXO III &#8211; PLANILHA DE CUSTOS E FORMA\u00c7\u00c3O DE PRE\u00c7OS SERVI\u00c7O DE VIGIL\u00c2NCIA ARMADA_ATUALIZADA<\/a><\/p>\n\n\n\n<p><a href=\"https:\/\/www.ifbaiano.edu.br\/unidades\/serrinha\/files\/2025\/07\/ANEXO-IV-INSTRUMENTO-DE-MEDICAO-DE-RESULTADO.pdf\" target=\"_blank\" rel=\"noreferrer noopener\">ANEXO IV &#8211; INSTRUMENTO DE MEDI\u00c7\u00c3O DE RESULTADO<\/a>&#8216;<\/p>\n\n\n\n<p><a href=\"https:\/\/www.ifbaiano.edu.br\/unidades\/serrinha\/files\/2025\/07\/ANEXO-V-\u2013-REMOCAO-DE-CUSTOS-NAO-RENOVAVEIS.pdf\" target=\"_blank\" rel=\"noreferrer noopener\">ANEXO V \u2013 REMO\u00c7\u00c3O DE CUSTOS N\u00c3O RENOV\u00c1VEIS<\/a><\/p>\n\n\n\n<p><a href=\"https:\/\/www.ifbaiano.edu.br\/unidades\/serrinha\/files\/2025\/07\/ANEXO-VI-\u2013-MODELO-DECLARACAO-DE-VISITA-AO-LOCAL-DO-SERVICO.pdf\" target=\"_blank\" rel=\"noreferrer noopener\">ANEXO VI \u2013 MODELO DECLARA\u00c7\u00c3O DE VISITA AO LOCAL DO SERVI\u00c7O<\/a><\/p>\n\n\n\n<p><a href=\"https:\/\/www.ifbaiano.edu.br\/unidades\/serrinha\/files\/2025\/07\/ANEXO-VII-\u2013-MODELO-DE-AUTORIZACAO-PARA-SOLICITACAO-DE-ABERTURA-DE-CONTA-VINCULADA-EM-NOME-DA-EMPRESA.pdf\" target=\"_blank\" rel=\"noreferrer noopener\">ANEXO VII \u2013 MODELO DE AUTORIZA\u00c7\u00c3O PARA SOLICITA\u00c7\u00c3O DE ABERTURA DE CONTA VINCULADA EM NOME DA EMPRESA<\/a><\/p>\n\n\n\n<p><a href=\"https:\/\/www.ifbaiano.edu.br\/unidades\/serrinha\/files\/2025\/07\/ANEXO-VIII-\u2013-MODELO-DE-AUTORIZACAO-PARA-UTILIZACAO-DA-GARANTIA-E-DE-PAGAMENTO-DIRETO-RELATIVO-AO-CONTRATO-No-XX.2025.pdf\" target=\"_blank\" rel=\"noreferrer noopener\">ANEXO VIII \u2013 MODELO DE AUTORIZA\u00c7\u00c3O PARA UTILIZA\u00c7\u00c3O DA GARANTIA E DE PAGAMENTO DIRETO RELATIVO AO CONTRATO N\u00ba XX.2025<\/a><\/p>\n\n\n\n<p><a href=\"https:\/\/www.ifbaiano.edu.br\/unidades\/serrinha\/files\/2025\/07\/ANEXO-IX-Modelo-Declaracao-LDO.pdf\" target=\"_blank\" rel=\"noreferrer noopener\">ANEXO IX &#8211; Modelo Declara\u00e7\u00e3o LDO<\/a><\/p>\n\n\n\n<p><a href=\"https:\/\/www.ifbaiano.edu.br\/unidades\/serrinha\/files\/2025\/07\/ANEXO-X-Autorizacao-para-Solicitacao-de-Abertura-de-Conta-Vinculada.pdf\" target=\"_blank\" rel=\"noreferrer noopener\">ANEXO X &#8211; Autoriza\u00e7\u00e3o para Solicita\u00e7\u00e3o de Abertura de Conta Vinculada<\/a><\/p>\n\n\n\n<p><a href=\"https:\/\/www.ifbaiano.edu.br\/unidades\/serrinha\/files\/2025\/07\/MEMORIA-DE-CALCULO.pdf\" target=\"_blank\" rel=\"noreferrer noopener\">MEM\u00d3RIA DE C\u00c1LCULO<\/a><\/p>\n\n\n\n<div style=\"height:20px\" aria-hidden=\"true\" class=\"wp-block-spacer\"><\/div>\n\n\n\n<div id=\"TituloMenu\" class=\"dnone\" align=\"center\">Inexigibilidade de Licita\u00e7\u00e3o<\/div>\n\n\n\n<div style=\"height:20px\" aria-hidden=\"true\" class=\"wp-block-spacer\"><\/div>\n\n\n\n<div id=\"TituloMenu\" class=\"dnone\" align=\"center\">Dispensa de Licita\u00e7\u00e3o<\/div>\n\n\n\n<p><a href=\"https:\/\/www.ifbaiano.edu.br\/unidades\/serrinha\/files\/2025\/01\/Aviso-e-Termo-de-Referencia-da-Dispensa-Eletronica-Assinada.pdf\" target=\"_blank\" rel=\"noreferrer noopener\">Titulo: Aviso de Dispensa de Licita\u00e7\u00e3o Eletr\u00f4nica 90001\/2025 &#8211; Aquisi\u00e7\u00e3o de materiais para utiliza\u00e7\u00e3o na Jornada Pedag\u00f3gica Ano 2025<\/a><\/p>\n\n\n\n<p><a rel=\"noreferrer noopener\" href=\"https:\/\/www.ifbaiano.edu.br\/unidades\/serrinha\/files\/2025\/03\/Aviso-e-TR-da-Dispensa-Eletronica.pdf\" target=\"_blank\">Titulo: Dispensa de Licita\u00e7\u00e3o <\/a><a href=\"https:\/\/www.ifbaiano.edu.br\/unidades\/serrinha\/files\/2025\/03\/Aviso-e-TR-da-Dispensa-Eletronica.pdf\" target=\"_blank\" rel=\"noreferrer noopener\">Eletr\u00f4nica<\/a><a rel=\"noreferrer noopener\" href=\"https:\/\/www.ifbaiano.edu.br\/unidades\/serrinha\/files\/2025\/03\/Aviso-e-TR-da-Dispensa-Eletronica.pdf\" target=\"_blank\"> 90002\/2025 &#8211; Aquisi\u00e7\u00e3o de insumos para a produ\u00e7\u00e3o de ra\u00e7\u00e3o animal e demais materiais para a CUEC do IF Baiano &#8211; Campus Serrinha<\/a><\/p>\n","protected":false},"excerpt":{"rendered":"<p>Chamada P\u00fablica AVISO DE LICITA\u00c7\u00c3O &#8211; DOU &#8211; Imprensa Nacional EDITAL &#8211; TR e ATA SRP 26.09.2025 Chamada P\u00fablica 01\/2025. Aquisi\u00e7\u00e3o de G\u00eaneros aliment\u00edcios atrav\u00e9s do PNAE Edital 29-2025 Anexo I &#8211; Especifica\u00e7\u00f5es TERMO DE REFER\u00caNCIA Anexo II &#8211; Projeto de Vendas Anexo III- Declara\u00e7\u00e3o de Origem dos Produtos Anexo IV &#8211; Modelo de Termo [&hellip;]<\/p>\n","protected":false},"author":98,"featured_media":0,"parent":5803,"menu_order":0,"comment_status":"closed","ping_status":"closed","template":"","meta":[],"_links":{"self":[{"href":"https:\/\/www.ifbaiano.edu.br\/unidades\/serrinha\/wp-json\/wp\/v2\/pages\/8547"}],"collection":[{"href":"https:\/\/www.ifbaiano.edu.br\/unidades\/serrinha\/wp-json\/wp\/v2\/pages"}],"about":[{"href":"https:\/\/www.ifbaiano.edu.br\/unidades\/serrinha\/wp-json\/wp\/v2\/types\/page"}],"author":[{"embeddable":true,"href":"https:\/\/www.ifbaiano.edu.br\/unidades\/serrinha\/wp-json\/wp\/v2\/users\/98"}],"replies":[{"embeddable":true,"href":"https:\/\/www.ifbaiano.edu.br\/unidades\/serrinha\/wp-json\/wp\/v2\/comments?post=8547"}],"version-history":[{"count":13,"href":"https:\/\/www.ifbaiano.edu.br\/unidades\/serrinha\/wp-json\/wp\/v2\/pages\/8547\/revisions"}],"predecessor-version":[{"id":8747,"href":"https:\/\/www.ifbaiano.edu.br\/unidades\/serrinha\/wp-json\/wp\/v2\/pages\/8547\/revisions\/8747"}],"up":[{"embeddable":true,"href":"https:\/\/www.ifbaiano.edu.br\/unidades\/serrinha\/wp-json\/wp\/v2\/pages\/5803"}],"wp:attachment":[{"href":"https:\/\/www.ifbaiano.edu.br\/unidades\/serrinha\/wp-json\/wp\/v2\/media?parent=8547"}],"curies":[{"name":"wp","href":"https:\/\/api.w.org\/{rel}","templated":true}]}}