{"id":879,"date":"2017-02-02T14:27:16","date_gmt":"2017-02-02T14:27:16","guid":{"rendered":"http:\/\/www.ifbaiano.edu.br\/unidades\/serrinha\/?page_id=879"},"modified":"2020-09-22T18:29:30","modified_gmt":"2020-09-22T18:29:30","slug":"tecnico-administrativo","status":"publish","type":"page","link":"https:\/\/www.ifbaiano.edu.br\/unidades\/serrinha\/tecnico-administrativo\/","title":{"rendered":"Rela\u00e7\u00e3o de T\u00e9cnico-Administrativos"},"content":{"rendered":"\n\n<table id=\"tablepress-4\" class=\"tablepress tablepress-id-4\">\n<thead>\n<tr class=\"row-1 odd\">\n\t<th class=\"column-1\">SERVIDOR<\/th><th class=\"column-2\">CARGO <\/th><th class=\"column-3\">E-MAIL<\/th><th class=\"column-4\">LATTES<\/th>\n<\/tr>\n<\/thead>\n<tbody class=\"row-hover\">\n<tr class=\"row-2 even\">\n\t<td class=\"column-1\">ADDLA THAINE SANTOS OLIVEIRA<\/td><td class=\"column-2\">ASSISTENTE DE LABORATORIO<\/td><td class=\"column-3\">addla.morais@ifbaiano.edu.br<\/td><td class=\"column-4\">http:\/\/lattes.cnpq.br\/2567099402111494<\/td>\n<\/tr>\n<tr class=\"row-3 odd\">\n\t<td class=\"column-1\">ADREAN MOREIRA DA SILVA<\/td><td class=\"column-2\">ASSISTENTE EM ADMINISTRACAO<\/td><td class=\"column-3\">adrean.silva@ifbaiano.edu.br<\/td><td class=\"column-4\">http:\/\/lattes.cnpq.br\/1550065629185580<\/td>\n<\/tr>\n<tr class=\"row-4 even\">\n\t<td class=\"column-1\">ANA RITA CARLOS BRITO<\/td><td class=\"column-2\">ASSISTENTE EM ADMINISTRACAO<\/td><td class=\"column-3\">ana.brito@ifbaiano.edu.br<\/td><td class=\"column-4\">http:\/\/lattes.cnpq.br\/0707798540428830<\/td>\n<\/tr>\n<tr class=\"row-5 odd\">\n\t<td class=\"column-1\">BRENDA GRAZIELLE MERCES SILVA<\/td><td class=\"column-2\">ADMINISTRADOR<\/td><td class=\"column-3\">brenda.silva@ifbaiano.edu.br<\/td><td class=\"column-4\">http:\/\/lattes.cnpq.br\/2888252297719118<\/td>\n<\/tr>\n<tr class=\"row-6 even\">\n\t<td class=\"column-1\">CARLA MARY CARVALHO SALES DE OLIVEIRA QUEIROZ<\/td><td class=\"column-2\">ASSISTENTE EM ADMINISTRACAO<\/td><td class=\"column-3\">carla.oliveira@ifbaiano.edu.br<\/td><td class=\"column-4\">http:\/\/lattes.cnpq.br\/3901368870407314<\/td>\n<\/tr>\n<tr class=\"row-7 odd\">\n\t<td class=\"column-1\">CINTIA DE OLIVEIRA SANTANA<\/td><td class=\"column-2\">ASSISTENTE DE ALUNO<\/td><td class=\"column-3\">cintia.santana@ifbaiano.edu.br<\/td><td class=\"column-4\"><\/td>\n<\/tr>\n<tr class=\"row-8 even\">\n\t<td class=\"column-1\">EDVAN DOS SANTOS ANGELO<\/td><td class=\"column-2\">AUX EM ADMINISTRACAO<\/td><td class=\"column-3\">edvan.angelo@ifbaiano.edu.br<\/td><td class=\"column-4\"><\/td>\n<\/tr>\n<tr class=\"row-9 odd\">\n\t<td class=\"column-1\">EMERSON PEREIRA DA SILVA<\/td><td class=\"column-2\">TECNICO EM AGROPECUARIA<\/td><td class=\"column-3\">emerson.silva@ifbaiano.edu.br<\/td><td class=\"column-4\">http:\/\/lattes.cnpq.br\/7632756320857740<\/td>\n<\/tr>\n<tr class=\"row-10 even\">\n\t<td class=\"column-1\">EVANDRO SANTIAGO NUNES<\/td><td class=\"column-2\">TECNICO EM ASSUNTOS EDUCACIONAIS<\/td><td class=\"column-3\">evandro.nunes@ifbaiano.edu.br<\/td><td class=\"column-4\">http:\/\/lattes.cnpq.br\/1551461688304006<\/td>\n<\/tr>\n<tr class=\"row-11 odd\">\n\t<td class=\"column-1\">EVANILTON DA CRUZ SILVA<\/td><td class=\"column-2\">PEDAGOGO-AREA<\/td><td class=\"column-3\">evanilton.silva@ifbaiano.edu.br<\/td><td class=\"column-4\">http:\/\/lattes.cnpq.br\/8799170174304143<\/td>\n<\/tr>\n<tr class=\"row-12 even\">\n\t<td class=\"column-1\">FABIANA ARCANJA DOS SANTOS<\/td><td class=\"column-2\">BIBLIOTECARIO-DOCUMENTALISTA<\/td><td class=\"column-3\">fabiana.santos@ifbaiano.edu.br<\/td><td class=\"column-4\">http:\/\/lattes.cnpq.br\/1845555331133825<\/td>\n<\/tr>\n<tr class=\"row-13 odd\">\n\t<td class=\"column-1\">GERSON LIMOEIRO ALVES<\/td><td class=\"column-2\">TECNICO DE LABORATORIO AREA<\/td><td class=\"column-3\">gerson.alves@ifbaiano.edu.br<\/td><td class=\"column-4\">http:\/\/lattes.cnpq.br\/5629565272653544<\/td>\n<\/tr>\n<tr class=\"row-14 even\">\n\t<td class=\"column-1\">GIVALDO DA SILVA VISITACAO<\/td><td class=\"column-2\">ASSISTENTE DE ALUNO<\/td><td class=\"column-3\">givaldo.visitacao@ifbaiano.edu.br<\/td><td class=\"column-4\">http:\/\/lattes.cnpq.br\/0815563323714312<\/td>\n<\/tr>\n<tr class=\"row-15 odd\">\n\t<td class=\"column-1\">GIVALDO DE OLIVEIRA COSTA<\/td><td class=\"column-2\">TECNICO EM CONTABILIDADE<\/td><td class=\"column-3\">givaldo.costa@ifbaiano.edu.br<\/td><td class=\"column-4\">http:\/\/lattes.cnpq.br\/1178217688223479<\/td>\n<\/tr>\n<tr class=\"row-16 even\">\n\t<td class=\"column-1\">HORTENCIA ARAUJO SOARES<\/td><td class=\"column-2\">TECNICO DE LABORATORIO AREA<\/td><td class=\"column-3\">hortencia.soares@ifbaiano.edu.br<\/td><td class=\"column-4\">http:\/\/lattes.cnpq.br\/0422841106585286<\/td>\n<\/tr>\n<tr class=\"row-17 odd\">\n\t<td class=\"column-1\">JORGE LUIZ PEIXOTO BISPO<\/td><td class=\"column-2\">TECNICO EM ALIMENTOS E LATICINIOS<\/td><td class=\"column-3\">jorge.bispo@ifbaiano.edu.br<\/td><td class=\"column-4\">http:\/\/lattes.cnpq.br\/0847721203347190<\/td>\n<\/tr>\n<tr class=\"row-18 even\">\n\t<td class=\"column-1\">JOSE ALEXANDRE DA SILVA<\/td><td class=\"column-2\">TRADUTOR INTERPRETE DE LINGUAGEM SINAIS<\/td><td class=\"column-3\">jose.alexandre@ifbaiano.edu.br<\/td><td class=\"column-4\">http:\/\/lattes.cnpq.br\/0008990309056209<\/td>\n<\/tr>\n<tr class=\"row-19 odd\">\n\t<td class=\"column-1\">JOSE FRANCISCO NEVES<\/td><td class=\"column-2\">ASSISTENTE EM ADMINISTRACAO<\/td><td class=\"column-3\">jose.neves@ifbaiano.edu.br<\/td><td class=\"column-4\"><\/td>\n<\/tr>\n<tr class=\"row-20 even\">\n\t<td class=\"column-1\">JOSSANIEL DA SILVA CARNEIRO<\/td><td class=\"column-2\">ASSISTENTE EM ADMINISTRACAO<\/td><td class=\"column-3\">jossaniel.carneiro@ifbaiano.edu.br<\/td><td class=\"column-4\"><\/td>\n<\/tr>\n<tr class=\"row-21 odd\">\n\t<td class=\"column-1\">JULIANA DE OLIVEIRA ALMEIDA<\/td><td class=\"column-2\">AUXILIAR DE BIBLIOTECA<\/td><td class=\"column-3\">juliana.almeida@ifbaiano.edu.br<\/td><td class=\"column-4\"><\/td>\n<\/tr>\n<tr class=\"row-22 even\">\n\t<td class=\"column-1\">JULLIANA PENA DE CARVALHO<\/td><td class=\"column-2\">ASSISTENTE SOCIAL<\/td><td class=\"column-3\">juliana.carvalho@ifbaiano.edu.br<\/td><td class=\"column-4\">http:\/\/lattes.cnpq.br\/5848024271741834<\/td>\n<\/tr>\n<tr class=\"row-23 odd\">\n\t<td class=\"column-1\">KERDOVAL DA SILVA SOUZA<\/td><td class=\"column-2\">TECNICO EM AGROPECUARIA<\/td><td class=\"column-3\">kerdoval.souza@ifbaiano.edu.br<\/td><td class=\"column-4\">http:\/\/lattes.cnpq.br\/6010535371646940<\/td>\n<\/tr>\n<tr class=\"row-24 even\">\n\t<td class=\"column-1\">KAROLYNY DE OLIVEIRA ALMEIDA<\/td><td class=\"column-2\">TECNICO EM ASSUNTOS EDUCACIONAIS<\/td><td class=\"column-3\">karolyny.almeida@ifbaiano.edu.br<\/td><td class=\"column-4\">http:\/\/lattes.cnpq.br\/3406159284978183<\/td>\n<\/tr>\n<tr class=\"row-25 odd\">\n\t<td class=\"column-1\">LAERCIO DOS SANTOS CRISTO<\/td><td class=\"column-2\">AUX EM ADMINISTRACAO<\/td><td class=\"column-3\">laercio.cristo@ifbaiano.edu.br<\/td><td class=\"column-4\">http:\/\/lattes.cnpq.br\/5266205853343154<\/td>\n<\/tr>\n<tr class=\"row-26 even\">\n\t<td class=\"column-1\">LARISSA DE QUEIROZ SANTOS<\/td><td class=\"column-2\">PEDAGOGO-AREA<\/td><td class=\"column-3\">larissa.queiroz@ifbaiano.edu.br<\/td><td class=\"column-4\">http:\/\/lattes.cnpq.br\/1723027336981866<\/td>\n<\/tr>\n<tr class=\"row-27 odd\">\n\t<td class=\"column-1\">LEANDRO MOURA SANTOS<\/td><td class=\"column-2\">TEC DE TECNOLOGIA DA INFORMACAO<\/td><td class=\"column-3\">leandro.moura@ifbaiano.edu.br<\/td><td class=\"column-4\">http:\/\/lattes.cnpq.br\/3422356653364822<\/td>\n<\/tr>\n<tr class=\"row-28 even\">\n\t<td class=\"column-1\">LETICIA LIMA DE SOUSA FERNANDES<\/td><td class=\"column-2\">TECNOLOGO EM COOPERATIVISMO<\/td><td class=\"column-3\">leticia.fernandes@ifbaiano.edu.br<\/td><td class=\"column-4\">http:\/\/lattes.cnpq.br\/7327645034551505<\/td>\n<\/tr>\n<tr class=\"row-29 odd\">\n\t<td class=\"column-1\">LUIZ GONZAGA DA SILVA NETTO<\/td><td class=\"column-2\">TECNICO EM AGROPECUARIA<\/td><td class=\"column-3\">luiz.gonzaga@ifbaiano.edu.br<\/td><td class=\"column-4\">http:\/\/lattes.cnpq.br\/4508142507271233<\/td>\n<\/tr>\n<tr class=\"row-30 even\">\n\t<td class=\"column-1\">MAYARA PIMENTEL ALMEIDA<\/td><td class=\"column-2\">NUTRICIONISTA-HABILITACAO<\/td><td class=\"column-3\">mayara.almeida@ifbaiano.edu.br<\/td><td class=\"column-4\">http:\/\/lattes.cnpq.br\/9609147515195918<\/td>\n<\/tr>\n<tr class=\"row-31 odd\">\n\t<td class=\"column-1\">OSIDENIE PINHEIRO DA SILVA EVANGELISTA<\/td><td class=\"column-2\">ASSISTENTE SOCIAL<\/td><td class=\"column-3\">osidenie.evangelista@ifbaiano.edu.br<\/td><td class=\"column-4\">http:\/\/lattes.cnpq.br\/6587746195995054<\/td>\n<\/tr>\n<tr class=\"row-32 even\">\n\t<td class=\"column-1\">OTHON JOSE LIMA DO SACRAMENTO<\/td><td class=\"column-2\">AUX EM ADMINISTRACAO<\/td><td class=\"column-3\">othon.sacramento@ifbaiano.edu.br<\/td><td class=\"column-4\">http:\/\/lattes.cnpq.br\/8791174582626666<\/td>\n<\/tr>\n<tr class=\"row-33 odd\">\n\t<td class=\"column-1\">PAULA SANTOS OLIVEIRA<\/td><td class=\"column-2\">ASSISTENTE EM ADMINISTRACAO<\/td><td class=\"column-3\">paula.santos@ifbaiano.edu.br<\/td><td class=\"column-4\"><\/td>\n<\/tr>\n<tr class=\"row-34 even\">\n\t<td class=\"column-1\">PAULO RICARDO DA SILVA BARBOSA MASCARENHAS<\/td><td class=\"column-2\">ASSISTENTE DE ALUNO<\/td><td class=\"column-3\">paulo.ricardo@ifbaiano.edu.br<\/td><td class=\"column-4\">http:\/\/lattes.cnpq.br\/0109711361204067<\/td>\n<\/tr>\n<tr class=\"row-35 odd\">\n\t<td class=\"column-1\">RAIMUNDO JUNIOR RIBEIRO DE AMORIM<\/td><td class=\"column-2\">TEC DE TECNOLOGIA DA INFORMACAO<\/td><td class=\"column-3\">raimundo.amorim@ifbaiano.edu.br<\/td><td class=\"column-4\">http:\/\/lattes.cnpq.br\/5690362640563393<\/td>\n<\/tr>\n<tr class=\"row-36 even\">\n\t<td class=\"column-1\">RICARDO SANTOS DO CARMO REIS<\/td><td class=\"column-2\">BIBLIOTECARIO-DOCUMENTALISTA<\/td><td class=\"column-3\">ricardo.reis@ifbaiano.edu.br<\/td><td class=\"column-4\">http:\/\/lattes.cnpq.br\/4611737382849665<\/td>\n<\/tr>\n<tr class=\"row-37 odd\">\n\t<td class=\"column-1\">SILVANI SILVA DE ALMEIDA<\/td><td class=\"column-2\">TECNICO EM ENFERMAGEM<\/td><td class=\"column-3\">silvani.almeida@ifbaiano.edu.br<\/td><td class=\"column-4\">http:\/\/lattes.cnpq.br\/3761289580033874<\/td>\n<\/tr>\n<tr class=\"row-38 even\">\n\t<td class=\"column-1\">SUZANA CARDOSO CARVALHO<\/td><td class=\"column-2\">TECNICO EM AGROPECUARIA<\/td><td class=\"column-3\">suzana.carvalho@ifbaiano.edu.br<\/td><td class=\"column-4\">http:\/\/lattes.cnpq.br\/7389108178196754<\/td>\n<\/tr>\n<tr class=\"row-39 odd\">\n\t<td class=\"column-1\">TAMILLE MARINS SANTOS CERQUEIRA<\/td><td class=\"column-2\">ENFERMEIRO-AREA<\/td><td class=\"column-3\">tamille.cerqueira@ifbaiano.edu.br<\/td><td class=\"column-4\">http:\/\/lattes.cnpq.br\/7977457023570317<\/td>\n<\/tr>\n<tr class=\"row-40 even\">\n\t<td class=\"column-1\">TAMIRES CONCEICAO DA SILVA DOS SANTOS<\/td><td class=\"column-2\">PSICOLOGO-AREA<\/td><td class=\"column-3\">tamires.santos@ifbaiano.edu.br<\/td><td class=\"column-4\">http:\/\/lattes.cnpq.br\/3320351132004872<\/td>\n<\/tr>\n<tr class=\"row-41 odd\">\n\t<td class=\"column-1\">TIAGO SANTOS OLIVEIRA DE SOUSA<\/td><td class=\"column-2\">ASSISTENTE EM ADMINISTRACAO<\/td><td class=\"column-3\">tiago.sousa@ifbaiano.edu.br<\/td><td class=\"column-4\"><\/td>\n<\/tr>\n<\/tbody>\n<\/table>\n<!-- #tablepress-4 from cache -->\n\n\n","protected":false},"excerpt":{"rendered":"","protected":false},"author":70,"featured_media":0,"parent":0,"menu_order":0,"comment_status":"closed","ping_status":"closed","template":"","meta":[],"_links":{"self":[{"href":"https:\/\/www.ifbaiano.edu.br\/unidades\/serrinha\/wp-json\/wp\/v2\/pages\/879"}],"collection":[{"href":"https:\/\/www.ifbaiano.edu.br\/unidades\/serrinha\/wp-json\/wp\/v2\/pages"}],"about":[{"href":"https:\/\/www.ifbaiano.edu.br\/unidades\/serrinha\/wp-json\/wp\/v2\/types\/page"}],"author":[{"embeddable":true,"href":"https:\/\/www.ifbaiano.edu.br\/unidades\/serrinha\/wp-json\/wp\/v2\/users\/70"}],"replies":[{"embeddable":true,"href":"https:\/\/www.ifbaiano.edu.br\/unidades\/serrinha\/wp-json\/wp\/v2\/comments?post=879"}],"version-history":[{"count":40,"href":"https:\/\/www.ifbaiano.edu.br\/unidades\/serrinha\/wp-json\/wp\/v2\/pages\/879\/revisions"}],"predecessor-version":[{"id":4410,"href":"https:\/\/www.ifbaiano.edu.br\/unidades\/serrinha\/wp-json\/wp\/v2\/pages\/879\/revisions\/4410"}],"wp:attachment":[{"href":"https:\/\/www.ifbaiano.edu.br\/unidades\/serrinha\/wp-json\/wp\/v2\/media?parent=879"}],"curies":[{"name":"wp","href":"https:\/\/api.w.org\/{rel}","templated":true}]}}