{"id":948,"date":"2017-02-02T21:41:18","date_gmt":"2017-02-02T21:41:18","guid":{"rendered":"http:\/\/www.ifbaiano.edu.br\/unidades\/serrinha\/?page_id=948"},"modified":"2026-04-22T08:38:02","modified_gmt":"2026-04-22T11:38:02","slug":"diretoria-academica","status":"publish","type":"page","link":"https:\/\/www.ifbaiano.edu.br\/unidades\/serrinha\/diretoria-academica\/","title":{"rendered":"Diretoria Acad\u00eamica"},"content":{"rendered":"\n<div id=\"TituloMenu\" class=\"dnone\">\nDiretoria Acad\u00eamica\n<\/div><\/a>\n\n\n\n<p><br><em><strong>Papel:<\/strong><\/em><\/p>\n\n\n\n<p>A Diretoria Acad\u00eamica (DA)\u00a0\u00e9 respons\u00e1vel por\u00a0articular as atividades acad\u00eamicas realizadas no\u00a0<em>Campus<\/em>\u00a0Serrinha. \u00c9 composta pelas Coordena\u00e7\u00f5es de Ensino, de Pesquisa, de Extens\u00e3o, das Unidades Educativas de Campo, de Assist\u00eancia Estudantil,\u00a0dos Cursos Ead, Superiores\u00a0e de P\u00f3s-gradua\u00e7\u00e3o.\u00a0Em parceria com a Diretoria Administrativa e Diretoria Geral, garante a realiza\u00e7\u00e3o das aulas, sejam elas te\u00f3ricas ou pr\u00e1ticas; visitas t\u00e9cnicas; a\u00e7\u00f5es de pesquisa, extens\u00e3o e est\u00e1gio; assist\u00eancia estudantil; atividades em laborat\u00f3rios ou em unidades educativas de campo.\u00a0<\/p>\n\n\n\n<figure class=\"wp-block-image size-full\"><a href=\"https:\/\/www.ifbaiano.edu.br\/unidades\/serrinha\/files\/2026\/04\/7869-Camila.webp\"><img decoding=\"async\" loading=\"lazy\" width=\"1011\" height=\"639\" src=\"https:\/\/www.ifbaiano.edu.br\/unidades\/serrinha\/files\/2026\/04\/7869-Camila.webp\" alt=\"\" class=\"wp-image-8784\" srcset=\"https:\/\/www.ifbaiano.edu.br\/unidades\/serrinha\/files\/2026\/04\/7869-Camila.webp 1011w, https:\/\/www.ifbaiano.edu.br\/unidades\/serrinha\/files\/2026\/04\/7869-Camila-300x190.webp 300w, https:\/\/www.ifbaiano.edu.br\/unidades\/serrinha\/files\/2026\/04\/7869-Camila-768x485.webp 768w, https:\/\/www.ifbaiano.edu.br\/unidades\/serrinha\/files\/2026\/04\/7869-Camila-100x63.webp 100w\" sizes=\"(max-width: 1011px) 100vw, 1011px\" \/><\/a><\/figure>\n\n\n\n<p><\/p>\n","protected":false},"excerpt":{"rendered":"<p>Diretoria Acad\u00eamica Papel: A Diretoria Acad\u00eamica (DA)\u00a0\u00e9 respons\u00e1vel por\u00a0articular as atividades acad\u00eamicas realizadas no\u00a0Campus\u00a0Serrinha. \u00c9 composta pelas Coordena\u00e7\u00f5es de Ensino, de Pesquisa, de Extens\u00e3o, das Unidades Educativas de Campo, de Assist\u00eancia Estudantil,\u00a0dos Cursos Ead, Superiores\u00a0e de P\u00f3s-gradua\u00e7\u00e3o.\u00a0Em parceria com a Diretoria Administrativa e Diretoria Geral, garante a realiza\u00e7\u00e3o das aulas, sejam elas te\u00f3ricas ou pr\u00e1ticas; [&hellip;]<\/p>\n","protected":false},"author":70,"featured_media":0,"parent":0,"menu_order":0,"comment_status":"closed","ping_status":"closed","template":"","meta":[],"_links":{"self":[{"href":"https:\/\/www.ifbaiano.edu.br\/unidades\/serrinha\/wp-json\/wp\/v2\/pages\/948"}],"collection":[{"href":"https:\/\/www.ifbaiano.edu.br\/unidades\/serrinha\/wp-json\/wp\/v2\/pages"}],"about":[{"href":"https:\/\/www.ifbaiano.edu.br\/unidades\/serrinha\/wp-json\/wp\/v2\/types\/page"}],"author":[{"embeddable":true,"href":"https:\/\/www.ifbaiano.edu.br\/unidades\/serrinha\/wp-json\/wp\/v2\/users\/70"}],"replies":[{"embeddable":true,"href":"https:\/\/www.ifbaiano.edu.br\/unidades\/serrinha\/wp-json\/wp\/v2\/comments?post=948"}],"version-history":[{"count":18,"href":"https:\/\/www.ifbaiano.edu.br\/unidades\/serrinha\/wp-json\/wp\/v2\/pages\/948\/revisions"}],"predecessor-version":[{"id":8785,"href":"https:\/\/www.ifbaiano.edu.br\/unidades\/serrinha\/wp-json\/wp\/v2\/pages\/948\/revisions\/8785"}],"wp:attachment":[{"href":"https:\/\/www.ifbaiano.edu.br\/unidades\/serrinha\/wp-json\/wp\/v2\/media?parent=948"}],"curies":[{"name":"wp","href":"https:\/\/api.w.org\/{rel}","templated":true}]}}