{"id":957,"date":"2017-02-02T21:49:37","date_gmt":"2017-02-02T21:49:37","guid":{"rendered":"http:\/\/www.ifbaiano.edu.br\/unidades\/serrinha\/?page_id=957"},"modified":"2017-02-06T19:21:50","modified_gmt":"2017-02-06T19:21:50","slug":"ngti","status":"publish","type":"page","link":"https:\/\/www.ifbaiano.edu.br\/unidades\/serrinha\/ngti\/","title":{"rendered":"NGTI"},"content":{"rendered":"<p><strong>N\u00facleo de Gest\u00e3o da Tecnologia da Informa\u00e7\u00e3o<\/strong><\/p>\n<p>Raimundo\u00a0Junior Ribeiro de Amorim<\/p>\n<p>Email: ngti@serrinha.ifbaiano.edu.br<\/p>\n<p>&nbsp;<\/p>\n<p>&nbsp;<\/p>\n<p>&nbsp;<\/p>\n","protected":false},"excerpt":{"rendered":"<p>N\u00facleo de Gest\u00e3o da Tecnologia da Informa\u00e7\u00e3o Raimundo\u00a0Junior Ribeiro de Amorim Email: ngti@serrinha.ifbaiano.edu.br &nbsp; &nbsp; &nbsp;<\/p>\n","protected":false},"author":70,"featured_media":0,"parent":0,"menu_order":0,"comment_status":"closed","ping_status":"closed","template":"","meta":[],"_links":{"self":[{"href":"https:\/\/www.ifbaiano.edu.br\/unidades\/serrinha\/wp-json\/wp\/v2\/pages\/957"}],"collection":[{"href":"https:\/\/www.ifbaiano.edu.br\/unidades\/serrinha\/wp-json\/wp\/v2\/pages"}],"about":[{"href":"https:\/\/www.ifbaiano.edu.br\/unidades\/serrinha\/wp-json\/wp\/v2\/types\/page"}],"author":[{"embeddable":true,"href":"https:\/\/www.ifbaiano.edu.br\/unidades\/serrinha\/wp-json\/wp\/v2\/users\/70"}],"replies":[{"embeddable":true,"href":"https:\/\/www.ifbaiano.edu.br\/unidades\/serrinha\/wp-json\/wp\/v2\/comments?post=957"}],"version-history":[{"count":4,"href":"https:\/\/www.ifbaiano.edu.br\/unidades\/serrinha\/wp-json\/wp\/v2\/pages\/957\/revisions"}],"predecessor-version":[{"id":989,"href":"https:\/\/www.ifbaiano.edu.br\/unidades\/serrinha\/wp-json\/wp\/v2\/pages\/957\/revisions\/989"}],"wp:attachment":[{"href":"https:\/\/www.ifbaiano.edu.br\/unidades\/serrinha\/wp-json\/wp\/v2\/media?parent=957"}],"curies":[{"name":"wp","href":"https:\/\/api.w.org\/{rel}","templated":true}]}}