{"id":96,"date":"2015-10-11T01:54:21","date_gmt":"2015-10-11T01:54:21","guid":{"rendered":"http:\/\/www.ifbaiano.edu.br\/unidades\/serrinha\/?page_id=96"},"modified":"2026-04-22T08:35:14","modified_gmt":"2026-04-22T11:35:14","slug":"calendario-academico","status":"publish","type":"page","link":"https:\/\/www.ifbaiano.edu.br\/unidades\/serrinha\/calendario-academico\/","title":{"rendered":"Calend\u00e1rio Acad\u00eamico"},"content":{"rendered":"\n<div class=\"wp-block-file\"><a id=\"wp-block-file--media-582a26f4-53c9-4992-b26f-73edf014cefb\" href=\"https:\/\/www.ifbaiano.edu.br\/unidades\/serrinha\/files\/2026\/04\/Superiores-Calendario-2026.1-e-2026.2-Bio-e-Coop-MINUTA.pdf\" target=\"_blank\" rel=\"noreferrer noopener\">Superiores-Calendario-2026.1-e-2026.2-Bio-e-Coop-MINUTA<\/a><\/div>\n\n\n\n<div class=\"wp-block-file\"><a id=\"wp-block-file--media-582a26f4-53c9-4992-b26f-73edf014cefb\" href=\"https:\/\/www.ifbaiano.edu.br\/unidades\/serrinha\/files\/2026\/04\/Superiores-Calendario-2025-MINUTA.pdf\" target=\"_blank\" rel=\"noreferrer noopener\">Superiores-Calendario-2025-MINUTA<\/a><\/div>\n\n\n\n<div class=\"wp-block-file\"><a id=\"wp-block-file--media-582a26f4-53c9-4992-b26f-73edf014cefb\" href=\"https:\/\/www.ifbaiano.edu.br\/unidades\/serrinha\/files\/2026\/04\/Subsequentes-Calendario-2026-Agropecuaria-e-Inst-Musical-MINUTA.pdf\" target=\"_blank\" rel=\"noreferrer noopener\">Subsequentes-Calendario-2026-Agropecuaria-e-Inst-Musical-MINUTA<\/a><\/div>\n\n\n\n<div class=\"wp-block-file\"><a id=\"wp-block-file--media-582a26f4-53c9-4992-b26f-73edf014cefb\" href=\"https:\/\/www.ifbaiano.edu.br\/unidades\/serrinha\/files\/2026\/04\/Subsequentes-Calendario-2025-MINUTA.pdf\" target=\"_blank\" rel=\"noreferrer noopener\">Subsequentes-Calendario-2025-MINUTA<\/a><\/div>\n\n\n\n<div class=\"wp-block-file\"><a id=\"wp-block-file--media-582a26f4-53c9-4992-b26f-73edf014cefb\" href=\"https:\/\/www.ifbaiano.edu.br\/unidades\/serrinha\/files\/2026\/04\/Integrados-Calendario-2026-Ingressantes-2025-MINUTA.pdf\" target=\"_blank\" rel=\"noreferrer noopener\">Integrados-Calendario-2026-Ingressantes-2025-MINUTA<\/a><\/div>\n\n\n\n<div class=\"wp-block-file\"><a id=\"wp-block-file--media-582a26f4-53c9-4992-b26f-73edf014cefb\" href=\"https:\/\/www.ifbaiano.edu.br\/unidades\/serrinha\/files\/2026\/04\/Integrados-Calendario-2026-Ingresantes-2026-MINUTA.pdf\" target=\"_blank\" rel=\"noreferrer noopener\">Integrados-Calendario-2026-Ingresantes-2026-MINUTA<\/a><\/div>\n\n\n\n<div class=\"wp-block-file\"><a id=\"wp-block-file--media-582a26f4-53c9-4992-b26f-73edf014cefb\" href=\"https:\/\/www.ifbaiano.edu.br\/unidades\/serrinha\/files\/2026\/04\/Integrados-Calendario-2026-3as-series-Agro-e-Ali-MINUTA.pdf\" target=\"_blank\" rel=\"noreferrer noopener\">Integrados-Calendario-2026-3as-series-Agro-e-Ali-MINUTA<\/a><\/div>\n\n\n\n<div class=\"wp-block-file\"><a id=\"wp-block-file--media-582a26f4-53c9-4992-b26f-73edf014cefb\" href=\"https:\/\/www.ifbaiano.edu.br\/unidades\/serrinha\/files\/2026\/04\/Integrados-Calendario-2025-Ingressantes-2023-e-2024-MINUTA.pdf\" target=\"_blank\" rel=\"noreferrer noopener\">Integrados-Calendario-2025-Ingressantes-2023-e-2024-MINUTA<\/a><\/div>\n\n\n\n<div class=\"wp-block-file\"><a id=\"wp-block-file--media-582a26f4-53c9-4992-b26f-73edf014cefb\" href=\"https:\/\/www.ifbaiano.edu.br\/unidades\/serrinha\/files\/2022\/04\/Calendario-Aprovado-pelo-CONSUP.pdf\" target=\"_blank\" rel=\"noreferrer noopener\">Calend\u00e1rio Acad\u00eamico &#8211; 2021<\/a><\/div>\n\n\n\n<div class=\"wp-block-file\"><a id=\"wp-block-file--media-5c095d79-d509-4d7f-a887-016cea42a10a\" href=\"https:\/\/www.ifbaiano.edu.br\/unidades\/serrinha\/files\/2021\/06\/Calendarios-Academicos-2020-Alteracao-APNP-18.12.2020.pdf\">Calend\u00e1rios Acad\u00eamicos 2020 (Altera\u00e7\u00e3o &#8211; APNP) [18.12.2020]<\/a><\/div>\n\n\n\n<div class=\"wp-block-file\"><a id=\"wp-block-file--media-8aa3fa22-22a0-4516-b4c6-3b8232eaaa7b\" href=\"https:\/\/www.ifbaiano.edu.br\/unidades\/serrinha\/files\/2021\/06\/Calendario-Academico-Cursos-Superiores-2019.pdf\">Calend\u00e1rio Acad\u00eamico &#8211; Cursos Superiores 2019<\/a><\/div>\n\n\n\n<div class=\"wp-block-file\"><a id=\"wp-block-file--media-afc53a47-ad9a-42bf-8367-a9eb16318036\" href=\"https:\/\/www.ifbaiano.edu.br\/unidades\/serrinha\/files\/2021\/06\/Calendario-Academico-Agropecuaria-Subsequente-2019-TC.pdf\">Calend\u00e1rio Acad\u00eamico &#8211; Agropecu\u00e1ria Subsequente 2019 &#8211; TC<\/a><\/div>\n\n\n\n<div class=\"wp-block-file\"><a id=\"wp-block-file--media-5d66fe74-6f58-4681-afc5-21bb6696de0a\" href=\"https:\/\/www.ifbaiano.edu.br\/unidades\/serrinha\/files\/2021\/06\/Calendario-Academico-Agroindustria-PROEJA-2019-TC.pdf\">Calend\u00e1rio Acad\u00eamico &#8211; Agroind\u00fastria PROEJA 2019 &#8211; TC<\/a><\/div>\n\n\n\n<div class=\"wp-block-file\"><a id=\"wp-block-file--media-cfe51303-e75f-409f-b080-1f722dd29008\" href=\"https:\/\/www.ifbaiano.edu.br\/unidades\/serrinha\/files\/2021\/06\/Calendario-Academico-Agroecologia-Integrado-2019.pdf\">Calend\u00e1rio Acad\u00eamico &#8211; Agroecologia Integrado 2019<\/a><\/div>\n\n\n<p><a href=\"http:\/\/www.ifbaiano.edu.br\/unidades\/serrinha\/files\/2015\/10\/Calend\u00edrio-2018-Agroecologia-1-e-2.pdf\">Calend\u00e1rio 2018 &#8211; Agroecologia 1 e 2<\/a><\/p>\n<p><a href=\"http:\/\/www.ifbaiano.edu.br\/unidades\/serrinha\/files\/2015\/10\/Calend\u00edrio-2018-Agroecologia-3.pdf\">Calend\u00e1rio 2018 &#8211; Agroecologia 3<\/a><\/p>\n<p><a href=\"http:\/\/www.ifbaiano.edu.br\/unidades\/serrinha\/files\/2015\/10\/Calend\u00edrio-2018-Agroind\u00a6stria-1-e-2.pdf\">Calend\u00e1rio 2018 &#8211; Agroind\u00fastria 1 e 2<\/a><\/p>\n<p><a href=\"http:\/\/www.ifbaiano.edu.br\/unidades\/serrinha\/files\/2015\/10\/Calend\u00edrio-2018-Agroind\u00a6stria-3.pdf\">Calend\u00e1rio 2018 &#8211; Agroind\u00fastria 3<\/a><\/p>\n<p><a href=\"http:\/\/www.ifbaiano.edu.br\/unidades\/serrinha\/files\/2015\/10\/Calend\u00edrio-2018-Agropecu\u00edria.pdf\">Calend\u00e1rio 2018 &#8211; Agropecu\u00e1ria<\/a><\/p>","protected":false},"excerpt":{"rendered":"<p>Calend\u00e1rio 2018 &#8211; Agroecologia 1 e 2 Calend\u00e1rio 2018 &#8211; Agroecologia 3 Calend\u00e1rio 2018 &#8211; Agroind\u00fastria 1 e 2 Calend\u00e1rio 2018 &#8211; Agroind\u00fastria 3 Calend\u00e1rio 2018 &#8211; Agropecu\u00e1ria<\/p>\n","protected":false},"author":70,"featured_media":0,"parent":0,"menu_order":0,"comment_status":"open","ping_status":"open","template":"","meta":[],"_links":{"self":[{"href":"https:\/\/www.ifbaiano.edu.br\/unidades\/serrinha\/wp-json\/wp\/v2\/pages\/96"}],"collection":[{"href":"https:\/\/www.ifbaiano.edu.br\/unidades\/serrinha\/wp-json\/wp\/v2\/pages"}],"about":[{"href":"https:\/\/www.ifbaiano.edu.br\/unidades\/serrinha\/wp-json\/wp\/v2\/types\/page"}],"author":[{"embeddable":true,"href":"https:\/\/www.ifbaiano.edu.br\/unidades\/serrinha\/wp-json\/wp\/v2\/users\/70"}],"replies":[{"embeddable":true,"href":"https:\/\/www.ifbaiano.edu.br\/unidades\/serrinha\/wp-json\/wp\/v2\/comments?post=96"}],"version-history":[{"count":8,"href":"https:\/\/www.ifbaiano.edu.br\/unidades\/serrinha\/wp-json\/wp\/v2\/pages\/96\/revisions"}],"predecessor-version":[{"id":8782,"href":"https:\/\/www.ifbaiano.edu.br\/unidades\/serrinha\/wp-json\/wp\/v2\/pages\/96\/revisions\/8782"}],"wp:attachment":[{"href":"https:\/\/www.ifbaiano.edu.br\/unidades\/serrinha\/wp-json\/wp\/v2\/media?parent=96"}],"curies":[{"name":"wp","href":"https:\/\/api.w.org\/{rel}","templated":true}]}}