{"id":962,"date":"2017-02-02T21:50:04","date_gmt":"2017-02-02T21:50:04","guid":{"rendered":"http:\/\/www.ifbaiano.edu.br\/unidades\/serrinha\/?page_id=962"},"modified":"2026-04-17T10:43:03","modified_gmt":"2026-04-17T13:43:03","slug":"nagp","status":"publish","type":"page","link":"https:\/\/www.ifbaiano.edu.br\/unidades\/serrinha\/nagp\/","title":{"rendered":"NAGP"},"content":{"rendered":"<p><strong>N\u00facleo de Apoio a Gest\u00e3o de Pessoas<\/strong><\/p>\n<p>Kerdoval da Silva Souza<\/p>\n<p>Chefe do N\u00facleo de Apoio \u00e0 Gest\u00e3o de Pessoas<br \/>\nPortaria n\u00ba 467\/2026<br \/>\nDOU:\u00a0<span id=\"OBJ_PREFIX_DWT354_com_zimbra_date\" class=\"Object\" role=\"link\">01\/04\/2026<\/span><\/p>\n<p>Email: nagp@serrinha.ifbaiano.edu.br<\/p>\n<p><strong>Hor\u00e1rio de Atendimento:<\/strong><\/p>\n<p>De <span id=\"OBJ_PREFIX_DWT167_com_zimbra_date\" class=\"Object\"><span id=\"OBJ_PREFIX_DWT169_com_zimbra_date\" class=\"Object\"><span id=\"OBJ_PREFIX_DWT171_com_zimbra_date\" class=\"Object\">Segunda-feira<\/span><\/span><\/span> a S<span id=\"OBJ_PREFIX_DWT168_com_zimbra_date\" class=\"Object\"><span id=\"OBJ_PREFIX_DWT170_com_zimbra_date\" class=\"Object\"><span id=\"OBJ_PREFIX_DWT172_com_zimbra_date\" class=\"Object\">exta<\/span><\/span><\/span>-feira\u00a0 7h \u00e0s 12h\/13h \u00e0s 16h<\/p>\n","protected":false},"excerpt":{"rendered":"<p>N\u00facleo de Apoio a Gest\u00e3o de Pessoas Kerdoval da Silva Souza Chefe do N\u00facleo de Apoio \u00e0 Gest\u00e3o de Pessoas Portaria n\u00ba 467\/2026 DOU:\u00a001\/04\/2026 Email: nagp@serrinha.ifbaiano.edu.br Hor\u00e1rio de Atendimento: De Segunda-feira a Sexta-feira\u00a0 7h \u00e0s 12h\/13h \u00e0s 16h<\/p>\n","protected":false},"author":70,"featured_media":0,"parent":0,"menu_order":0,"comment_status":"closed","ping_status":"closed","template":"","meta":[],"_links":{"self":[{"href":"https:\/\/www.ifbaiano.edu.br\/unidades\/serrinha\/wp-json\/wp\/v2\/pages\/962"}],"collection":[{"href":"https:\/\/www.ifbaiano.edu.br\/unidades\/serrinha\/wp-json\/wp\/v2\/pages"}],"about":[{"href":"https:\/\/www.ifbaiano.edu.br\/unidades\/serrinha\/wp-json\/wp\/v2\/types\/page"}],"author":[{"embeddable":true,"href":"https:\/\/www.ifbaiano.edu.br\/unidades\/serrinha\/wp-json\/wp\/v2\/users\/70"}],"replies":[{"embeddable":true,"href":"https:\/\/www.ifbaiano.edu.br\/unidades\/serrinha\/wp-json\/wp\/v2\/comments?post=962"}],"version-history":[{"count":8,"href":"https:\/\/www.ifbaiano.edu.br\/unidades\/serrinha\/wp-json\/wp\/v2\/pages\/962\/revisions"}],"predecessor-version":[{"id":8769,"href":"https:\/\/www.ifbaiano.edu.br\/unidades\/serrinha\/wp-json\/wp\/v2\/pages\/962\/revisions\/8769"}],"wp:attachment":[{"href":"https:\/\/www.ifbaiano.edu.br\/unidades\/serrinha\/wp-json\/wp\/v2\/media?parent=962"}],"curies":[{"name":"wp","href":"https:\/\/api.w.org\/{rel}","templated":true}]}}