{"id":10090,"date":"2021-07-08T14:51:17","date_gmt":"2021-07-08T17:51:17","guid":{"rendered":"https:\/\/www.ifbaiano.edu.br\/unidades\/teixeira\/?page_id=10090"},"modified":"2021-07-14T23:55:18","modified_gmt":"2021-07-15T02:55:18","slug":"capacitacaodoservidortdf","status":"publish","type":"page","link":"https:\/\/www.ifbaiano.edu.br\/unidades\/teixeira\/diretoria-academica\/capacitacaodoservidortdf\/","title":{"rendered":"Capacita\u00e7\u00e3o do Servidor &#8211; TDF"},"content":{"rendered":"\n<div class=\"wp-block-columns is-layout-flex wp-container-3\">\n<div class=\"wp-block-column is-layout-flow\">\n<div id=\"documentoshome\"><div id=\"doctitulo\">\n\t\t\t\t\tSobre\n\t\t\t\t<\/div><\/div>\n\n\n\n<p>Comiss\u00e3o respons\u00e1vel por promover a\u00e7\u00f5es de capacita\u00e7\u00e3o aos docentes, t\u00e9cnicos, terceirizados e estagi\u00e1rios do campus Teixeira de Freitas.<br><br><strong>Contato:<\/strong> comissao.capacitacao@teixeira.ifbaiano.edu.br<\/p>\n<\/div>\n\n\n\n<div class=\"wp-block-column is-layout-flow\">\n<div id=\"documentoshome\"><div id=\"doctitulo\">\n\t\t\t\t\tMembros\n\t\t\t\t<\/div><\/div>\n\n\n\n<p><strong>Gutto Monzelle Rios Marques<\/strong> &#8211; Presidente<br><strong>Daniel Silva Gon\u00e7alves<\/strong> &#8211; Membro Titular<br><strong>Daniel Anacleto Ribeiro Costa dos Santos<\/strong> &#8211; Membro Titular<br><strong>\u00cdtalo Henrique Gon\u00e7alves Carneiro<\/strong> &#8211; Membro Titular<br><strong>Tiago Matos Santos<\/strong> &#8211; Membro Titular<\/p>\n<\/div>\n<\/div>\n\n\n\n\n\n<p><\/p>\n\n\n\n<h2 class=\"wp-block-heading\"><strong>Ano 2021<\/strong><\/h2>\n\n\n\n<p><strong>PALESTRA<\/strong> <em>(13\/07\/2021)<\/em> &#8211; <strong><a rel=\"noreferrer noopener\" href=\"https:\/\/youtu.be\/5nEz-PSsCQM\" target=\"_blank\">O Pl\u00e1gio e seus reflexos na Produ\u00e7\u00e3o do Conhecimento<\/a><\/strong> &#8211; Palestrante: Dr. Jo\u00e3o Rodrigues<\/p>\n\n\n\n<p><strong>PALESTRA<\/strong> <em>(23\/06\/2021)<\/em> &#8211; <strong><a rel=\"noreferrer noopener\" href=\"https:\/\/youtu.be\/WZlm2wo4GW0\" target=\"_blank\">Produ\u00e7\u00e3o de Podcast<\/a><\/strong> &#8211; Palestrante: Leandro Barros<\/p>\n\n\n\n<p><strong>OFICINA<\/strong> <em>(27\/04\/2021)<\/em> &#8211; <strong><a rel=\"noreferrer noopener\" href=\"https:\/\/youtu.be\/zGjL4d1spA0\" target=\"_blank\">Sala de Aula Invertida<\/a><\/strong> &#8211; Formadora: Prof\u00aa Carla Machado &#8211; IF Baiano campus Itaberaba<\/p>\n\n\n\n<p><strong>OFICINA<\/strong> <em>(26\/04\/2021)<\/em> &#8211; <strong><a rel=\"noreferrer noopener\" href=\"https:\/\/youtu.be\/SiZCXy3neL0\" target=\"_blank\">Como usar o OBS Studio<\/a><\/strong> &#8211; Formador: Abner de Paula &#8211; IF Baiano campus Teixeira de Freitas<\/p>\n\n\n\n<h2 class=\"wp-block-heading\"><strong>Ano 2020<\/strong><\/h2>\n\n\n\n<p><strong>OFICINA<\/strong> <em>(04\/11\/2020)<\/em> &#8211; <strong><a rel=\"noreferrer noopener\" href=\"https:\/\/youtu.be\/jFaGdEF-A6k\" target=\"_blank\">Uso da ferramenta Web Confer\u00eancia<\/a><\/strong> &#8211; Formadora: Sara Lima &#8211; IF Baiano campus Teixeira de Freitas<\/p>\n\n\n\n<p><strong>OFICINA<\/strong> <em>(06\/11\/2020)<\/em> &#8211; <strong><a rel=\"noreferrer noopener\" href=\"https:\/\/youtu.be\/CKwXzZV6EAQ\" target=\"_blank\">Uso da ferramenta Moodle &#8211; Turma 01<\/a><\/strong> &#8211; Formador: Prof\u00ba Jos\u00e9 Torres &#8211; IF Baiano campus Teixeira de Freitas<br><strong>OFICINA<\/strong> <em>(29\/10\/2020)<\/em> &#8211; <a rel=\"noreferrer noopener\" href=\"https:\/\/youtu.be\/XJcNDbFKyUA\" target=\"_blank\"><strong>Uso da ferramenta Moodle &#8211; Turma 02<\/strong><\/a> &#8211; Formador: Prof\u00ba Jos\u00e9 Torres &#8211; IF Baiano campus Teixeira de Freitas<\/p>\n\n\n\n<p><strong>OFICINA<\/strong> <em>(21\/10\/2020)<\/em> &#8211; <strong><a rel=\"noreferrer noopener\" href=\"https:\/\/youtu.be\/qiDRnPvPYxc\" target=\"_blank\">Uso da Ferramenta Zimbra &#8211; Turma 01<\/a><\/strong> &#8211; Formador: Abner de Paula &#8211; IF Baiano campus Teixeira de Freitas<br><strong>OFICINA<\/strong> <em>(21\/10\/2020)<\/em> &#8211; <strong><a rel=\"noreferrer noopener\" href=\"https:\/\/youtu.be\/9CBIEtGJHRA\" target=\"_blank\">Uso da Ferramenta Zimbra &#8211; Turma 02<\/a><\/strong> &#8211; Formador: Abner de Paula &#8211; IF Baiano campus Teixeira de Freitas<\/p>\n","protected":false},"excerpt":{"rendered":"<p>Sobre Comiss\u00e3o respons\u00e1vel por promover a\u00e7\u00f5es de capacita\u00e7\u00e3o aos docentes, t\u00e9cnicos, terceirizados e estagi\u00e1rios do campus Teixeira de Freitas. Contato: comissao.capacitacao@teixeira.ifbaiano.edu.br Membros Gutto Monzelle Rios Marques &#8211; PresidenteDaniel Silva Gon\u00e7alves &#8211; Membro TitularDaniel Anacleto Ribeiro Costa dos Santos &#8211; Membro Titular\u00cdtalo Henrique Gon\u00e7alves Carneiro &#8211; Membro TitularTiago Matos Santos &#8211; Membro Titular Ano 2021 PALESTRA [&hellip;]<\/p>\n","protected":false},"author":31,"featured_media":0,"parent":1346,"menu_order":0,"comment_status":"closed","ping_status":"closed","template":"","meta":[],"_links":{"self":[{"href":"https:\/\/www.ifbaiano.edu.br\/unidades\/teixeira\/wp-json\/wp\/v2\/pages\/10090"}],"collection":[{"href":"https:\/\/www.ifbaiano.edu.br\/unidades\/teixeira\/wp-json\/wp\/v2\/pages"}],"about":[{"href":"https:\/\/www.ifbaiano.edu.br\/unidades\/teixeira\/wp-json\/wp\/v2\/types\/page"}],"author":[{"embeddable":true,"href":"https:\/\/www.ifbaiano.edu.br\/unidades\/teixeira\/wp-json\/wp\/v2\/users\/31"}],"replies":[{"embeddable":true,"href":"https:\/\/www.ifbaiano.edu.br\/unidades\/teixeira\/wp-json\/wp\/v2\/comments?post=10090"}],"version-history":[{"count":14,"href":"https:\/\/www.ifbaiano.edu.br\/unidades\/teixeira\/wp-json\/wp\/v2\/pages\/10090\/revisions"}],"predecessor-version":[{"id":10162,"href":"https:\/\/www.ifbaiano.edu.br\/unidades\/teixeira\/wp-json\/wp\/v2\/pages\/10090\/revisions\/10162"}],"up":[{"embeddable":true,"href":"https:\/\/www.ifbaiano.edu.br\/unidades\/teixeira\/wp-json\/wp\/v2\/pages\/1346"}],"wp:attachment":[{"href":"https:\/\/www.ifbaiano.edu.br\/unidades\/teixeira\/wp-json\/wp\/v2\/media?parent=10090"}],"curies":[{"name":"wp","href":"https:\/\/api.w.org\/{rel}","templated":true}]}}