{"id":10212,"date":"2021-07-21T14:31:47","date_gmt":"2021-07-21T17:31:47","guid":{"rendered":"https:\/\/www.ifbaiano.edu.br\/unidades\/teixeira\/?page_id=10212"},"modified":"2021-12-07T20:24:48","modified_gmt":"2021-12-07T23:24:48","slug":"kit-de-alimentos-do-programa-nacional-de-alimentacao-escolar-pnae-2021","status":"publish","type":"page","link":"https:\/\/www.ifbaiano.edu.br\/unidades\/teixeira\/kit-de-alimentos-do-programa-nacional-de-alimentacao-escolar-pnae-2021\/","title":{"rendered":"Kit de alimentos do Programa Nacional de Alimenta\u00e7\u00e3o Escolar \u2013 PNAE 2021"},"content":{"rendered":"\n<figure class=\"wp-block-image size-large\"><img decoding=\"async\" loading=\"lazy\" width=\"1000\" height=\"199\" src=\"https:\/\/www.ifbaiano.edu.br\/unidades\/teixeira\/files\/2021\/07\/pnae-banner-1-2021.png\" alt=\"\" class=\"wp-image-10213\" \/><\/figure>\n\n\n\n<div align=\"center\" id=\"documentoshome\"><div id=\"doctitulo\">\n\t\t\t\t\tSOBRE\n\t\t\t\t<\/div><\/div>\n\n\n\n<p>O Programa Nacional de Alimenta\u00e7\u00e3o Escolar (PNAE) oferece alimenta\u00e7\u00e3o escolar e a\u00e7\u00f5es de educa\u00e7\u00e3o alimentar e nutricional a estudantes de todas as etapas da educa\u00e7\u00e3o b\u00e1sica p\u00fablica. O governo federal repassa, a estados, munic\u00edpios e escolas federais, valores financeiros de car\u00e1ter suplementar efetuados em 10 parcelas mensais (de fevereiro a novembro) para a cobertura de 200 dias letivos, conforme o n\u00famero de matriculados em cada rede de ensino.<\/p>\n\n\n\n<div align=\"center\" id=\"ProreitoriaTopoTitulo\">\n\t\t\t\t\tCONFIRA AS NOT\u00cdCIAS E INFORMA\u00c7\u00d5ES DO ANO 2021\n\t\t\t\t<\/div>\n\n\n\n<p class=\"has-text-align-center\"><strong>EDITAL DE CHAMADA 2021<\/strong><\/p>\n\n\n\n<div class=\"wp-block-columns is-layout-flex wp-container-4\">\n<div class=\"wp-block-column is-layout-flow\">\n<figure class=\"wp-block-embed is-type-wp-embed is-provider-campus-teixeira-de-freitas wp-block-embed-campus-teixeira-de-freitas\"><div class=\"wp-block-embed__wrapper\">\n<blockquote class=\"wp-embedded-content\" data-secret=\"yjqvG8MUbY\"><a href=\"https:\/\/www.ifbaiano.edu.br\/unidades\/teixeira\/pnae2021-1\">PNAE &#8211; Programa Nacional de Alimenta\u00e7\u00e3o Escolar &#8211; Chamada P\u00fablica 01\/2021<\/a><\/blockquote><iframe class=\"wp-embedded-content\" sandbox=\"allow-scripts\" security=\"restricted\" style=\"position: absolute; clip: rect(1px, 1px, 1px, 1px);\" title=\"&#8220;PNAE &#8211; Programa Nacional de Alimenta\u00e7\u00e3o Escolar &#8211; Chamada P\u00fablica 01\/2021&#8221; &#8212; Campus Teixeira de Freitas\" src=\"https:\/\/www.ifbaiano.edu.br\/unidades\/teixeira\/pnae2021-1\/embed\/#?secret=yjqvG8MUbY\" data-secret=\"yjqvG8MUbY\" width=\"500\" height=\"282\" frameborder=\"0\" marginwidth=\"0\" marginheight=\"0\" scrolling=\"no\"><\/iframe>\n<\/div><\/figure>\n<\/div>\n\n\n\n<div class=\"wp-block-column is-layout-flow\">\n<figure class=\"wp-block-embed is-type-wp-embed is-provider-campus-teixeira-de-freitas wp-block-embed-campus-teixeira-de-freitas\"><div class=\"wp-block-embed__wrapper\">\n<blockquote class=\"wp-embedded-content\" data-secret=\"s0djZ1O0i1\"><a href=\"https:\/\/www.ifbaiano.edu.br\/unidades\/teixeira\/pnae2021-2\">PNAE \u2013 Programa Nacional de Alimenta\u00e7\u00e3o Escolar \u2013 Chamada P\u00fablica 02\/2021<\/a><\/blockquote><iframe class=\"wp-embedded-content\" sandbox=\"allow-scripts\" security=\"restricted\" style=\"position: absolute; clip: rect(1px, 1px, 1px, 1px);\" title=\"&#8220;PNAE \u2013 Programa Nacional de Alimenta\u00e7\u00e3o Escolar \u2013 Chamada P\u00fablica 02\/2021&#8221; &#8212; Campus Teixeira de Freitas\" src=\"https:\/\/www.ifbaiano.edu.br\/unidades\/teixeira\/pnae2021-2\/embed\/#?secret=s0djZ1O0i1\" data-secret=\"s0djZ1O0i1\" width=\"500\" height=\"282\" frameborder=\"0\" marginwidth=\"0\" marginheight=\"0\" scrolling=\"no\"><\/iframe>\n<\/div><\/figure>\n<\/div>\n\n\n\n<div class=\"wp-block-column is-layout-flow\">\n<figure class=\"wp-block-embed is-type-wp-embed is-provider-campus-teixeira-de-freitas wp-block-embed-campus-teixeira-de-freitas\"><div class=\"wp-block-embed__wrapper\">\n<blockquote class=\"wp-embedded-content\" data-secret=\"izWwy4o2CB\"><a href=\"https:\/\/www.ifbaiano.edu.br\/unidades\/teixeira\/pnae2021-3\/\">PNAE \u2013 Programa Nacional de Alimenta\u00e7\u00e3o Escolar \u2013 Chamada P\u00fablica 03\/2021<\/a><\/blockquote><iframe class=\"wp-embedded-content\" sandbox=\"allow-scripts\" security=\"restricted\" style=\"position: absolute; clip: rect(1px, 1px, 1px, 1px);\" title=\"&#8220;PNAE \u2013 Programa Nacional de Alimenta\u00e7\u00e3o Escolar \u2013 Chamada P\u00fablica 03\/2021&#8221; &#8212; Campus Teixeira de Freitas\" src=\"https:\/\/www.ifbaiano.edu.br\/unidades\/teixeira\/pnae2021-3\/embed\/#?secret=izWwy4o2CB\" data-secret=\"izWwy4o2CB\" width=\"500\" height=\"282\" frameborder=\"0\" marginwidth=\"0\" marginheight=\"0\" scrolling=\"no\"><\/iframe>\n<\/div><\/figure>\n<\/div>\n<\/div>\n\n\n\n<div align=\"center\" id=\"documentoshome\"><div id=\"doctitulo\">\n\t\t\t\t\tENTREGAS DO ANO 2021 &#8211; CHAMADA 2021\n\t\t\t\t<\/div><\/div>\n\n\n\n<figure class=\"wp-block-embed aligncenter is-type-wp-embed is-provider-campus-teixeira-de-freitas wp-block-embed-campus-teixeira-de-freitas\"><div class=\"wp-block-embed__wrapper\">\n<blockquote class=\"wp-embedded-content\" data-secret=\"xmztxMaUHY\"><a href=\"https:\/\/www.ifbaiano.edu.br\/unidades\/teixeira\/entrega-de-kit-de-alimentos-do-pnae-chamada-02-2021\/\">Entrega de Kit de alimentos do PNAE &#8211; Chamada 02\/2021<\/a><\/blockquote><iframe class=\"wp-embedded-content\" sandbox=\"allow-scripts\" security=\"restricted\" style=\"position: absolute; clip: rect(1px, 1px, 1px, 1px);\" title=\"&#8220;Entrega de Kit de alimentos do PNAE &#8211; Chamada 02\/2021&#8221; &#8212; Campus Teixeira de Freitas\" src=\"https:\/\/www.ifbaiano.edu.br\/unidades\/teixeira\/entrega-de-kit-de-alimentos-do-pnae-chamada-02-2021\/embed\/#?secret=xmztxMaUHY\" data-secret=\"xmztxMaUHY\" width=\"500\" height=\"282\" frameborder=\"0\" marginwidth=\"0\" marginheight=\"0\" scrolling=\"no\"><\/iframe>\n<\/div><\/figure>\n","protected":false},"excerpt":{"rendered":"<p>SOBRE O Programa Nacional de Alimenta\u00e7\u00e3o Escolar (PNAE) oferece alimenta\u00e7\u00e3o escolar e a\u00e7\u00f5es de educa\u00e7\u00e3o alimentar e nutricional a estudantes de todas as etapas da educa\u00e7\u00e3o b\u00e1sica p\u00fablica. O governo federal repassa, a estados, munic\u00edpios e escolas federais, valores financeiros de car\u00e1ter suplementar efetuados em 10 parcelas mensais (de fevereiro a novembro) para a cobertura [&hellip;]<\/p>\n","protected":false},"author":31,"featured_media":0,"parent":0,"menu_order":0,"comment_status":"closed","ping_status":"closed","template":"","meta":[],"_links":{"self":[{"href":"https:\/\/www.ifbaiano.edu.br\/unidades\/teixeira\/wp-json\/wp\/v2\/pages\/10212"}],"collection":[{"href":"https:\/\/www.ifbaiano.edu.br\/unidades\/teixeira\/wp-json\/wp\/v2\/pages"}],"about":[{"href":"https:\/\/www.ifbaiano.edu.br\/unidades\/teixeira\/wp-json\/wp\/v2\/types\/page"}],"author":[{"embeddable":true,"href":"https:\/\/www.ifbaiano.edu.br\/unidades\/teixeira\/wp-json\/wp\/v2\/users\/31"}],"replies":[{"embeddable":true,"href":"https:\/\/www.ifbaiano.edu.br\/unidades\/teixeira\/wp-json\/wp\/v2\/comments?post=10212"}],"version-history":[{"count":7,"href":"https:\/\/www.ifbaiano.edu.br\/unidades\/teixeira\/wp-json\/wp\/v2\/pages\/10212\/revisions"}],"predecessor-version":[{"id":10770,"href":"https:\/\/www.ifbaiano.edu.br\/unidades\/teixeira\/wp-json\/wp\/v2\/pages\/10212\/revisions\/10770"}],"wp:attachment":[{"href":"https:\/\/www.ifbaiano.edu.br\/unidades\/teixeira\/wp-json\/wp\/v2\/media?parent=10212"}],"curies":[{"name":"wp","href":"https:\/\/api.w.org\/{rel}","templated":true}]}}