{"id":1023,"date":"2012-10-05T00:36:57","date_gmt":"2012-10-05T00:36:57","guid":{"rendered":"http:\/\/www.ifbaiano.edu.br\/unidades\/teixeira\/?page_id=1023"},"modified":"2026-03-26T20:27:55","modified_gmt":"2026-03-26T23:27:55","slug":"cursos","status":"publish","type":"page","link":"https:\/\/www.ifbaiano.edu.br\/unidades\/teixeira\/cursos\/","title":{"rendered":"Cursos"},"content":{"rendered":"\n<div class=\"wp-block-columns is-layout-flex wp-container-2\">\n<div class=\"wp-block-column is-layout-flow\">\n<div id=\"documentoshome\"><div id=\"doctitulo\">\n\t\t\t\t<\/div><\/div>\n<\/div>\n<\/div>\n\n\n\n<div class=\"wp-block-media-text alignwide is-stacked-on-mobile\"><figure class=\"wp-block-media-text__media\"><img decoding=\"async\" loading=\"lazy\" width=\"1024\" height=\"683\" src=\"https:\/\/www.ifbaiano.edu.br\/unidades\/teixeira\/files\/2026\/03\/7010-ChatGPT-Image-26-de-mar.-de-2026-20_16_22-1024x683.webp\" alt=\"\" class=\"wp-image-16296 size-full\" srcset=\"https:\/\/www.ifbaiano.edu.br\/unidades\/teixeira\/files\/2026\/03\/7010-ChatGPT-Image-26-de-mar.-de-2026-20_16_22-1024x683.webp 1024w, https:\/\/www.ifbaiano.edu.br\/unidades\/teixeira\/files\/2026\/03\/7010-ChatGPT-Image-26-de-mar.-de-2026-20_16_22-300x200.webp 300w, https:\/\/www.ifbaiano.edu.br\/unidades\/teixeira\/files\/2026\/03\/7010-ChatGPT-Image-26-de-mar.-de-2026-20_16_22-768x512.webp 768w, https:\/\/www.ifbaiano.edu.br\/unidades\/teixeira\/files\/2026\/03\/7010-ChatGPT-Image-26-de-mar.-de-2026-20_16_22-100x67.webp 100w, https:\/\/www.ifbaiano.edu.br\/unidades\/teixeira\/files\/2026\/03\/7010-ChatGPT-Image-26-de-mar.-de-2026-20_16_22.webp 1536w\" sizes=\"(max-width: 1024px) 100vw, 1024px\" \/><\/figure><div class=\"wp-block-media-text__content\">\n<p>O IF Baiano \u2013 Campus Teixeira de Freitas oferece uma forma\u00e7\u00e3o completa, contemplando desde o ensino m\u00e9dio t\u00e9cnico at\u00e9 cursos superiores e de qualifica\u00e7\u00e3o profissional, com foco na excel\u00eancia acad\u00eamica, inclus\u00e3o social e prepara\u00e7\u00e3o para o mundo do trabalho.<\/p>\n\n\n\n<p>Com uma proposta educacional integrada, a institui\u00e7\u00e3o busca desenvolver compet\u00eancias t\u00e9cnicas, cient\u00edficas e humanas, formando profissionais capacitados e cidad\u00e3os comprometidos com a transforma\u00e7\u00e3o da sociedade.<\/p>\n<\/div><\/div>\n\n\n\n<\/br>\n\n\n\n<div class=\"wp-block-columns is-layout-flex wp-container-7\">\n<div class=\"wp-block-column is-layout-flow\">\n<div align=\"center\" id=\"documentoshome\"><div id=\"doctitulo\">\n\t\t\t\t\t\ud83c\udf93 Educa\u00e7\u00e3o Profissional T\u00e9cnica de N\u00edvel M\u00e9dio\n\t\t\t\t<\/div><\/div>\n\n\n\n<div class=\"wp-block-columns is-layout-flex wp-container-5\">\n<div class=\"wp-block-column is-layout-flow\">\n<p>Destinada a estudantes que conclu\u00edram o ensino fundamental e desejam cursar o ensino m\u00e9dio junto \u00e0 forma\u00e7\u00e3o t\u00e9cnica, possibilitando o desenvolvimento acad\u00eamico aliado \u00e0 qualifica\u00e7\u00e3o profissional.<br>\ud83d\udcc5 Dura\u00e7\u00e3o m\u00e9dia: 3 anos<\/p>\n\n\n\n<ul>\n<li><a href=\"https:\/\/www.ifbaiano.edu.br\/unidades\/teixeira\/cursos\/cursosintegrados\/\">Integrada ao Ensino M\u00e9dio<\/a><\/li>\n<\/ul>\n<\/div>\n\n\n\n<div class=\"wp-block-column is-layout-flow\">\n<p>Voltados para quem j\u00e1 concluiu o ensino m\u00e9dio e deseja uma forma\u00e7\u00e3o t\u00e9cnica para inser\u00e7\u00e3o mais r\u00e1pida no mercado de trabalho.<br>\ud83d\udcc5 Dura\u00e7\u00e3o m\u00e9dia: 1 a 1,5 anos<\/p>\n\n\n\n<ul>\n<li><a href=\"https:\/\/www.ifbaiano.edu.br\/unidades\/teixeira\/cursos\/subsequentespresencial\/\">Subsequente ao Ensino M\u00e9dio \u2013 Presencial<\/a><\/li>\n\n\n\n<li><a href=\"https:\/\/www.ifbaiano.edu.br\/unidades\/teixeira\/cursos\/ead\/\">Subsequente ao Ensino M\u00e9dio \u2013 EAD<\/a><\/li>\n<\/ul>\n<\/div>\n<\/div>\n<\/div>\n<\/div>\n\n\n\n<div class=\"wp-block-columns is-layout-flex wp-container-12\">\n<div class=\"wp-block-column is-layout-flow\">\n<div align=\"center\" id=\"documentoshome\"><div id=\"doctitulo\">\n\t\t\t\t\t\ud83c\udf93 Educa\u00e7\u00e3o Superior\n\t\t\t\t<\/div><\/div>\n\n\n\n<div class=\"wp-block-columns is-layout-flex wp-container-10\">\n<div class=\"wp-block-column is-layout-flow\">\n<p>Cursos de n\u00edvel superior com forma\u00e7\u00e3o ampla e s\u00f3lida, voltados ao desenvolvimento cient\u00edfico, tecnol\u00f3gico e profissional.<br>\ud83d\udcc5 Dura\u00e7\u00e3o m\u00e9dia: at\u00e9 5 anos<\/p>\n\n\n\n<ul>\n<li><a href=\"https:\/\/www.ifbaiano.edu.br\/unidades\/teixeira\/cursos\/graduacao\/\">Gradua\u00e7\u00e3o<\/a><\/li>\n<\/ul>\n<\/div>\n\n\n\n<div class=\"wp-block-column is-layout-flow\">\n<p class=\"has-text-align-left\">Cursos destinados a profissionais que j\u00e1 possuem n\u00edvel superior e buscam aperfei\u00e7oamento e especializa\u00e7\u00e3o em suas \u00e1reas de atua\u00e7\u00e3o.<\/p>\n\n\n\n<ul>\n<li><a href=\"https:\/\/www.ifbaiano.edu.br\/unidades\/teixeira\/pos-graduacao\/\">P\u00f3s-Gradua\u00e7\u00e3o<\/a><\/li>\n<\/ul>\n<\/div>\n<\/div>\n<\/div>\n<\/div>\n\n\n\n<div class=\"wp-block-columns is-layout-flex wp-container-14\">\n<div class=\"wp-block-column is-layout-flow\">\n<div align=\"center\" id=\"documentoshome\"><div id=\"doctitulo\">\n\t\t\t\t\t\ud83d\udcda Forma\u00e7\u00e3o Inicial e Continuada (FIC)\n\t\t\t\t<\/div><\/div>\n\n\n\n<p class=\"has-text-align-center\"><em>Cursos de curta dura\u00e7\u00e3o voltados para qualifica\u00e7\u00e3o, atualiza\u00e7\u00e3o profissional ou ingresso em novas \u00e1reas do conhecimento.<\/em><\/p>\n\n\n\n<div id=\"documentoshome\"><div id=\"doctitulo\">\n\t\t\t\t<\/div><\/div>\n<\/div>\n<\/div>\n","protected":false},"excerpt":{"rendered":"<p>O IF Baiano \u2013 Campus Teixeira de Freitas oferece uma forma\u00e7\u00e3o completa, contemplando desde o ensino m\u00e9dio t\u00e9cnico at\u00e9 cursos superiores e de qualifica\u00e7\u00e3o profissional, com foco na excel\u00eancia acad\u00eamica, inclus\u00e3o social e prepara\u00e7\u00e3o para o mundo do trabalho. Com uma proposta educacional integrada, a institui\u00e7\u00e3o busca desenvolver compet\u00eancias t\u00e9cnicas, cient\u00edficas e humanas, formando profissionais [&hellip;]<\/p>\n","protected":false},"author":31,"featured_media":0,"parent":0,"menu_order":0,"comment_status":"open","ping_status":"closed","template":"","meta":[],"_links":{"self":[{"href":"https:\/\/www.ifbaiano.edu.br\/unidades\/teixeira\/wp-json\/wp\/v2\/pages\/1023"}],"collection":[{"href":"https:\/\/www.ifbaiano.edu.br\/unidades\/teixeira\/wp-json\/wp\/v2\/pages"}],"about":[{"href":"https:\/\/www.ifbaiano.edu.br\/unidades\/teixeira\/wp-json\/wp\/v2\/types\/page"}],"author":[{"embeddable":true,"href":"https:\/\/www.ifbaiano.edu.br\/unidades\/teixeira\/wp-json\/wp\/v2\/users\/31"}],"replies":[{"embeddable":true,"href":"https:\/\/www.ifbaiano.edu.br\/unidades\/teixeira\/wp-json\/wp\/v2\/comments?post=1023"}],"version-history":[{"count":35,"href":"https:\/\/www.ifbaiano.edu.br\/unidades\/teixeira\/wp-json\/wp\/v2\/pages\/1023\/revisions"}],"predecessor-version":[{"id":16297,"href":"https:\/\/www.ifbaiano.edu.br\/unidades\/teixeira\/wp-json\/wp\/v2\/pages\/1023\/revisions\/16297"}],"wp:attachment":[{"href":"https:\/\/www.ifbaiano.edu.br\/unidades\/teixeira\/wp-json\/wp\/v2\/media?parent=1023"}],"curies":[{"name":"wp","href":"https:\/\/api.w.org\/{rel}","templated":true}]}}