{"id":10813,"date":"2021-12-20T11:51:04","date_gmt":"2021-12-20T14:51:04","guid":{"rendered":"https:\/\/www.ifbaiano.edu.br\/unidades\/teixeira\/?page_id=10813"},"modified":"2024-09-10T09:04:59","modified_gmt":"2024-09-10T12:04:59","slug":"sobre-o-ngti","status":"publish","type":"page","link":"https:\/\/www.ifbaiano.edu.br\/unidades\/teixeira\/sobre-o-ngti\/","title":{"rendered":"Sobre o NGTI"},"content":{"rendered":"\n<div id=\"documentoshome\"><div id=\"doctitulo\">\n\t\t\t\t\tAPRESENTA\u00c7\u00c3O\n\t\t\t\t<\/div><\/div>\n\n\n\n<p>As a\u00e7\u00f5es&nbsp;relacionadas a Tecnologia da Informa\u00e7\u00e3o&nbsp;do Instituto Federal de Educa\u00e7\u00e3o, Ci\u00eancia e Tecnologia Baiano (IF Baiano) s\u00e3o de responsabilidade da Diretoria de Tecnologia da Informa\u00e7\u00e3o, localizada na Reitoria, que tem como miss\u00e3o&nbsp;prover, de forma estrat\u00e9gica, solu\u00e7\u00f5es de Tecnologia da Informa\u00e7\u00e3o aliadas \u00e0&nbsp;Gest\u00e3o Institucional para promo\u00e7\u00e3o de uma Educa\u00e7\u00e3o Profissional e Tecnol\u00f3gica,&nbsp;p\u00fablica, gratuita e de qualidade.&nbsp;<\/p>\n\n\n\n<p>Nos campi, os N\u00facleos de Gest\u00e3o de TI (NGTI) est\u00e3o ligados diretamente a Diretoria Geral do Campus onde atuam principalmente no suporte e atendimento aos usu\u00e1rios (discentes, servidores e visitantes) e servi\u00e7os locais.<\/p>\n\n\n\n<div id=\"documentoshome\"><div id=\"doctitulo\">\n\t\t\t\t\tEQUIPE\n\t\t\t\t<\/div><\/div>\n\n\n\n<p><strong>Chefe do N\u00facleo de Gest\u00e3o de Tecnologia da Informa\u00e7\u00e3o<\/strong> <br>Wilder Machado da Cruz<\/p>\n\n\n\n<p><strong>Servidores do N\u00facleo de Gest\u00e3o de Tecnologia da Informa\u00e7\u00e3o<\/strong> <br>Aelsio Pereira de Almeida<br>Gabriel Sena Almeida<br><\/p>\n\n\n\n<div id=\"documentoshome\"><div id=\"doctitulo\">\n\t\t\t\t\tCONTATOS\n\t\t\t\t<\/div><\/div>\n\n\n\n<p><strong>E-mail:<\/strong><br>ngti@teixeira.ifbaiano.edu.br<\/p>\n","protected":false},"excerpt":{"rendered":"<p>APRESENTA\u00c7\u00c3O As a\u00e7\u00f5es&nbsp;relacionadas a Tecnologia da Informa\u00e7\u00e3o&nbsp;do Instituto Federal de Educa\u00e7\u00e3o, Ci\u00eancia e Tecnologia Baiano (IF Baiano) s\u00e3o de responsabilidade da Diretoria de Tecnologia da Informa\u00e7\u00e3o, localizada na Reitoria, que tem como miss\u00e3o&nbsp;prover, de forma estrat\u00e9gica, solu\u00e7\u00f5es de Tecnologia da Informa\u00e7\u00e3o aliadas \u00e0&nbsp;Gest\u00e3o Institucional para promo\u00e7\u00e3o de uma Educa\u00e7\u00e3o Profissional e Tecnol\u00f3gica,&nbsp;p\u00fablica, gratuita e de [&hellip;]<\/p>\n","protected":false},"author":139,"featured_media":0,"parent":0,"menu_order":0,"comment_status":"closed","ping_status":"closed","template":"","meta":[],"_links":{"self":[{"href":"https:\/\/www.ifbaiano.edu.br\/unidades\/teixeira\/wp-json\/wp\/v2\/pages\/10813"}],"collection":[{"href":"https:\/\/www.ifbaiano.edu.br\/unidades\/teixeira\/wp-json\/wp\/v2\/pages"}],"about":[{"href":"https:\/\/www.ifbaiano.edu.br\/unidades\/teixeira\/wp-json\/wp\/v2\/types\/page"}],"author":[{"embeddable":true,"href":"https:\/\/www.ifbaiano.edu.br\/unidades\/teixeira\/wp-json\/wp\/v2\/users\/139"}],"replies":[{"embeddable":true,"href":"https:\/\/www.ifbaiano.edu.br\/unidades\/teixeira\/wp-json\/wp\/v2\/comments?post=10813"}],"version-history":[{"count":6,"href":"https:\/\/www.ifbaiano.edu.br\/unidades\/teixeira\/wp-json\/wp\/v2\/pages\/10813\/revisions"}],"predecessor-version":[{"id":13962,"href":"https:\/\/www.ifbaiano.edu.br\/unidades\/teixeira\/wp-json\/wp\/v2\/pages\/10813\/revisions\/13962"}],"wp:attachment":[{"href":"https:\/\/www.ifbaiano.edu.br\/unidades\/teixeira\/wp-json\/wp\/v2\/media?parent=10813"}],"curies":[{"name":"wp","href":"https:\/\/api.w.org\/{rel}","templated":true}]}}