{"id":10817,"date":"2021-12-20T11:55:48","date_gmt":"2021-12-20T14:55:48","guid":{"rendered":"https:\/\/www.ifbaiano.edu.br\/unidades\/teixeira\/?page_id=10817"},"modified":"2024-02-05T10:07:17","modified_gmt":"2024-02-05T13:07:17","slug":"ngti-documentos-e-informacoes","status":"publish","type":"page","link":"https:\/\/www.ifbaiano.edu.br\/unidades\/teixeira\/ngti-documentos-e-informacoes\/","title":{"rendered":"NGTI &#8211; Documentos e Informa\u00e7\u00f5es"},"content":{"rendered":"\n<div id=\"documentoshome\"><div id=\"doctitulo\">\n\t\t\t\t\tDOCUMENTOS\n\t\t\t\t<\/div><\/div>\n\n\n\n<p><a rel=\"noreferrer noopener\" href=\"https:\/\/www.ifbaiano.edu.br\/unidades\/teixeira\/files\/2021\/12\/PDTI-2020-2024.pdf\" target=\"_blank\">Plano Diretor de Tecnologia da Informa\u00e7\u00e3o &#8211; PDTI, 2020 -2024<\/a><\/p>\n\n\n\n<p><a href=\"https:\/\/www.ifbaiano.edu.br\/unidades\/teixeira\/files\/2024\/01\/Portaria-100-2023-REGULAMENTO-INTERNO-DO-NGTI.pdf\">REGULAMENTO INTERNO DO N\u00daCLEO DE GEST\u00c3O DE TECNOLOGIA DA INFORMA\u00c7\u00c3O DO IF BAIANO, CAMPUS TEIXEIRA DE FREITAS<\/a>,&nbsp;&nbsp;aprovado com a publica\u00e7\u00e3o da Portaria&nbsp;&nbsp;100\/2023 &#8211; TDF-GAB\/TDF-DG\/RET\/IFBAIANO, de&nbsp;&nbsp;11\/07\/2023.<\/p>\n\n\n\n<p><a href=\"https:\/\/www.ifbaiano.edu.br\/unidades\/teixeira\/files\/2024\/01\/Portaria-99-2023-Plano-de-Aquisicao-e-Expansao-dos-Equipamentos-de-TI.pdf\">PLANO DE AQUISI\u00c7\u00c3O E EXPANS\u00c3O DOS EQUIPAMENTOS DE TECNOLOGIA DA INFORMA\u00c7\u00c3O DO IF BAIANO, CAMPUS TEIXEIRA DE FREITAS<\/a>, aprovado com a publica\u00e7\u00e3o da Portaria&nbsp;&nbsp;99\/2023 &#8211; TDF-GAB\/TDF-DG\/RET\/IFBAIANO, de&nbsp;&nbsp;11\/07\/2023<\/p>\n\n\n\n<p><\/p>\n\n\n\n<div id=\"documentoshome\"><div id=\"doctitulo\">\n\t\t\t\t\tINFORMA\u00c7\u00d5ES\n\t\t\t\t<\/div><\/div>\n\n\n\n<p><strong>Guia para autentica\u00e7\u00e3o de dois fatores (2FA): credencial (usu\u00e1rio e senha) + OTP (senha de uso \u00fanico):<\/strong><\/p>\n\n\n\n<p>Link:&nbsp;&nbsp;<a rel=\"noreferrer noopener\" href=\"https:\/\/wiki.ifbaiano.edu.br\/bin\/view\/Wikis\/DGTI\/COTEC\/Guia%20para%20autentica%C3%A7%C3%A3o%20utilizando%20o%20duplo%20fator%20-%20OTP%28Senha%20de%20uso%20%C3%BAnico%29\/\" target=\"_blank\">Guia para autentica\u00e7\u00e3o de dois fatores (2FA): credencial (usu\u00e1rio e senha) + OTP (senha de uso \u00fanico) (ifbaiano.edu.br)<\/a><\/p>\n\n\n\n<hr class=\"wp-block-separator has-alpha-channel-opacity\" \/>\n\n\n\n<p><strong>Orienta\u00e7\u00e3o para os discentes:<\/strong>&nbsp;Como realizar o&nbsp;primeiro acesso ao SUAP:<\/p>\n\n\n\n<p><strong>Link do v\u00eddeo:<\/strong><a href=\"https:\/\/meudrive.ifbaiano.edu.br\/owncloud\/index.php\/s\/EFgEU6zqtspFl3R\" target=\"_blank\" rel=\"noreferrer noopener\">https:\/\/meudrive.ifbaiano.edu.br\/owncloud\/index.php\/s\/EFgEU6zqtspFl3R<\/a><\/p>\n","protected":false},"excerpt":{"rendered":"<p>DOCUMENTOS Plano Diretor de Tecnologia da Informa\u00e7\u00e3o &#8211; PDTI, 2020 -2024 REGULAMENTO INTERNO DO N\u00daCLEO DE GEST\u00c3O DE TECNOLOGIA DA INFORMA\u00c7\u00c3O DO IF BAIANO, CAMPUS TEIXEIRA DE FREITAS,&nbsp;&nbsp;aprovado com a publica\u00e7\u00e3o da Portaria&nbsp;&nbsp;100\/2023 &#8211; TDF-GAB\/TDF-DG\/RET\/IFBAIANO, de&nbsp;&nbsp;11\/07\/2023. PLANO DE AQUISI\u00c7\u00c3O E EXPANS\u00c3O DOS EQUIPAMENTOS DE TECNOLOGIA DA INFORMA\u00c7\u00c3O DO IF BAIANO, CAMPUS TEIXEIRA DE FREITAS, aprovado [&hellip;]<\/p>\n","protected":false},"author":139,"featured_media":0,"parent":0,"menu_order":0,"comment_status":"closed","ping_status":"closed","template":"","meta":[],"_links":{"self":[{"href":"https:\/\/www.ifbaiano.edu.br\/unidades\/teixeira\/wp-json\/wp\/v2\/pages\/10817"}],"collection":[{"href":"https:\/\/www.ifbaiano.edu.br\/unidades\/teixeira\/wp-json\/wp\/v2\/pages"}],"about":[{"href":"https:\/\/www.ifbaiano.edu.br\/unidades\/teixeira\/wp-json\/wp\/v2\/types\/page"}],"author":[{"embeddable":true,"href":"https:\/\/www.ifbaiano.edu.br\/unidades\/teixeira\/wp-json\/wp\/v2\/users\/139"}],"replies":[{"embeddable":true,"href":"https:\/\/www.ifbaiano.edu.br\/unidades\/teixeira\/wp-json\/wp\/v2\/comments?post=10817"}],"version-history":[{"count":5,"href":"https:\/\/www.ifbaiano.edu.br\/unidades\/teixeira\/wp-json\/wp\/v2\/pages\/10817\/revisions"}],"predecessor-version":[{"id":13259,"href":"https:\/\/www.ifbaiano.edu.br\/unidades\/teixeira\/wp-json\/wp\/v2\/pages\/10817\/revisions\/13259"}],"wp:attachment":[{"href":"https:\/\/www.ifbaiano.edu.br\/unidades\/teixeira\/wp-json\/wp\/v2\/media?parent=10817"}],"curies":[{"name":"wp","href":"https:\/\/api.w.org\/{rel}","templated":true}]}}