{"id":10828,"date":"2021-12-27T19:06:00","date_gmt":"2021-12-27T22:06:00","guid":{"rendered":"https:\/\/www.ifbaiano.edu.br\/unidades\/teixeira\/?page_id=10828"},"modified":"2022-01-24T18:28:22","modified_gmt":"2022-01-24T21:28:22","slug":"especializacao-em-ensino-de-ciencias-naturais-e-matematica","status":"publish","type":"page","link":"https:\/\/www.ifbaiano.edu.br\/unidades\/teixeira\/pos-graduacao\/especializacao-em-ensino-de-ciencias-naturais-e-matematica\/","title":{"rendered":"P\u00f3s-Gradua\u00e7\u00e3o em Educa\u00e7\u00e3o: Especializa\u00e7\u00e3o em Ensino de Ci\u00eancias Naturais e Matem\u00e1tica"},"content":{"rendered":"\n<div class=\"wp-block-columns is-layout-flex wp-container-3\">\n<div class=\"wp-block-column is-layout-flow\">\n<div id=\"ProreitoriaTopoTitulo\" align=\"center\">\n\t\t\t\t\tApresenta\u00e7\u00e3o\n\t\t\t\t<\/div>\n\n\n\n<p id=\"block-cd125828-0804-4094-8a82-68ff82bd25ce\"><br>A Especializa\u00e7\u00e3o em Ensino de Ci\u00eancias Naturais e Matem\u00e1tica objetiva capacitar professores ou profissionais que atuam ou desejam atuar na \u00e1rea de ensino de Biologia, F\u00edsica, Qu\u00edmica e Matem\u00e1tica ou \u00e1reas afins, com base em saberes espec\u00edficos, curriculares e experienciais, visando contribuir para a melhoria da Educa\u00e7\u00e3o B\u00e1sica.<\/p>\n\n\n\n<p>Em fun\u00e7\u00e3o da atual organiza\u00e7\u00e3o dos curr\u00edculos das licenciaturas e da educa\u00e7\u00e3o b\u00e1sica, o&nbsp; curso ser\u00e1 destinado aos licenciados em Biologia, F\u00edsica, Qu\u00edmica, Ci\u00eancias Naturais, Matem\u00e1tica e\/ou \u00e1reas afins, e tamb\u00e9m aos profissionais graduados que atuam ou desejam atuar em espa\u00e7os formais e\/ou n\u00e3o formais da educa\u00e7\u00e3o, ministrando aulas na \u00e1rea de Ci\u00eancias Naturais e Matem\u00e1tica.<\/p>\n<\/div>\n\n\n\n<div class=\"wp-block-column is-layout-flow\" style=\"flex-basis:43%\">\n<div id=\"ProreitoriaTopoTitulo\" align=\"center\">\n\t\t\t\t\tInforma\u00e7\u00f5es Gerais\n\t\t\t\t<\/div>\n\n\n\n<figure class=\"wp-block-table is-style-stripes\"><table><tbody><tr><td><strong>Denomina\u00e7\u00e3o do Curso:<\/strong>&nbsp;Curso de P\u00f3s-Gradua\u00e7\u00e3o&nbsp;<em>Lato sensu<\/em>&nbsp;em Ensino de Ci\u00eancias Naturais e Matem\u00e1tica<\/td><\/tr><tr><td><strong>Ato Autorizativo:<\/strong> Resolu\u00e7\u00e3o 174\/2021 &#8211; OS-CONSUP\/IFBAIANO, de&nbsp;7 de dezembro&nbsp;de 2021<\/td><\/tr><tr><td><strong>\u00c1rea do conhecimento (CAPES)&nbsp;Educa\u00e7\u00e3o: <\/strong>Ensino (90200000)<strong>&nbsp;<\/strong><\/td><\/tr><tr><td><strong>Modalidade de ensino:<\/strong>&nbsp;Presencial&nbsp;<\/td><\/tr><tr><td><strong>Tipo<\/strong>&nbsp;P\u00f3s-Gradua\u00e7\u00e3o <em>Lato Sensu<\/em><\/td><\/tr><tr><td><strong>Numero de Vagas<\/strong>&nbsp;30 vagas<\/td><\/tr><tr><td><strong>Turno de Funcionamento:<\/strong>&nbsp;Sexta-feira no per\u00edodo noturno e&nbsp;s\u00e1bado&nbsp;no per\u00edodo diurno<\/td><\/tr><tr><td><strong>Periodicidade da Oferta<\/strong>&nbsp;Bianual<\/td><\/tr><tr><td><strong>Carga Hor\u00e1ria:<\/strong>&nbsp;400 horas<\/td><\/tr><tr><td><strong>Forma de ingresso<\/strong>: o acesso ao curso ocorrer\u00e1 mediante processo seletivo por meio de Edital P\u00fablico.<\/td><\/tr><\/tbody><\/table><\/figure>\n<\/div>\n<\/div>\n\n\n\n<div class=\"wp-block-columns is-layout-flex wp-container-8\">\n<div class=\"wp-block-column is-vertically-aligned-top is-layout-flow\">\n<div id=\"ProreitoriaTopoTitulo\" align=\"center\">\n\t\t\t\t\tCoordena\u00e7\u00e3o do Curso\n\t\t\t\t<\/div>\n\n\n\n<p><\/p>\n\n\n\n<div class=\"wp-block-columns is-layout-flex wp-container-5\">\n<div class=\"wp-block-column is-vertically-aligned-center is-layout-flow\">\n<p><strong>Gutto Monzelle Rios Marques<\/strong><br><em>Graduado em Engenharia de Alimentos<\/em><br>Mestre em Engenharia de Alimentos<br>gutto.monzelle@ifbaiano.edu.br<br>CV:&nbsp;<a href=\"http:\/\/lattes.cnpq.br\/4952310015262938\">http:\/\/lattes.cnpq.br\/4952310015262938<\/a><\/p>\n<\/div>\n<\/div>\n<\/div>\n\n\n\n<div class=\"wp-block-column is-layout-flow\" style=\"flex-basis:43%\">\n<div id=\"ProreitoriaTopoTitulo\" align=\"center\">\n\t\t\t\t\tDocumentos\n\t\t\t\t<\/div>\n\n\n\n<p><a href=\"https:\/\/www.ifbaiano.edu.br\/unidades\/teixeira\/files\/2021\/12\/PPC-Especializacao-Ensino-de-Ciencias-Naturais-e-Matematica_2021.pdf\" target=\"_blank\" rel=\"noreferrer noopener\">Projeto Pedag\u00f3gico do Curso de Especializa\u00e7\u00e3o em Ensino de Ci\u00eancias Naturais e Matem\u00e1tica.<\/a><\/p>\n\n\n\n<hr class=\"wp-block-separator\" \/>\n\n\n\n<p><a href=\"https:\/\/www.ifbaiano.edu.br\/unidades\/teixeira\/files\/2021\/12\/Regimento-da-Especializacao-em-Ensino-de-Ciencias-Naturais-e-Matematica-Campus-Teixeira-de-Freitas_2021.pdf\" target=\"_blank\" rel=\"noreferrer noopener\">Regimento interno da P\u00f3s-gradua\u00e7\u00e3o <em>Lato sensu<\/em> em Ensino de Ci\u00eancias Naturais e Matem\u00e1tica.<\/a><\/p>\n\n\n\n<hr class=\"wp-block-separator\" \/>\n\n\n\n<p><a href=\"https:\/\/www.ifbaiano.edu.br\/unidades\/teixeira\/files\/2021\/12\/Resolucao-174_2021-OS-CONSUP-IFBAIANO.pdf\" target=\"_blank\" rel=\"noreferrer noopener\">Ato autorizativo: Resolu\u00e7\u00e3o 174\/2021 &#8211; OS-CONSUP\/IFBAIANO.<\/a><\/p>\n<\/div>\n<\/div>\n\n\n\n<div class=\"wp-block-columns is-layout-flex wp-container-12\">\n<div class=\"wp-block-column is-layout-flow\">\n<div id=\"ProreitoriaTopoTitulo\" align=\"center\">\n\t\t\t\t\tPerfil Profissional\n\t\t\t\t<\/div>\n\n\n\n<p id=\"block-9a06a6ad-77f7-4759-bd24-5ded7f018ffd\"><strong>Perfil Profissional<\/strong><\/p>\n\n\n\n<p id=\"block-9a06a6ad-77f7-4759-bd24-5ded7f018ffd\">O perfil do egresso do Curso de Especializa\u00e7\u00e3o de Ci\u00eancias Naturais e Matem\u00e1tica ser\u00e1 de um profissional com forma\u00e7\u00e3o generalista t\u00e9cnico-cient\u00edfica, com vis\u00e3o cr\u00edtica e human\u00edstica atento aos aspectos sociais, dentro de princ\u00edpios \u00e9ticos, tendo a capacidade de contribuir de forma eficaz com o processo de ensino-aprendizagem de Ci\u00eancias Naturais e Matem\u00e1tica.<\/p>\n\n\n\n<div id=\"ProreitoriaTopoTitulo\" align=\"center\">\n\t\t\t\t\tDocentes\n\t\t\t\t<\/div>\n\n\n\n<p><\/p>\n\n\n\n<div class=\"wp-block-buttons is-content-justification-center is-layout-flex\">\n<div class=\"wp-block-button is-style-outline\"><a class=\"wp-block-button__link\" href=\"https:\/\/www.ifbaiano.edu.br\/unidades\/teixeira\/pos-graduacao\/especializacao-em-ensino-de-ciencias-naturais-e-matematica\/2\/\">Corpo docente<\/a><\/div>\n<\/div>\n<\/div>\n\n\n\n<div class=\"wp-block-column is-layout-flow\" style=\"flex-basis:43%\">\n<div id=\"ProreitoriaTopoTitulo\" align=\"center\">\n\t\t\t\t\tCampo de Atua\u00e7\u00e3o\n\t\t\t\t<\/div>\n\n\n\n<p><strong>Campo de atua\u00e7\u00e3o<\/strong><br><br>O egresso ser\u00e1 especialista em Ensino de Ci\u00eancias Naturais e Matem\u00e1tica, apresentando as seguintes habilidades:<\/p>\n\n\n\n<ul><li>Estabelecer rela\u00e7\u00f5es entre as disciplinas, de modo a possibilitar a constru\u00e7\u00e3o de saberes e pr\u00e1ticas inter e transdisciplinares no ensino de Biologia, de F\u00edsica, de Matem\u00e1tica e de Qu\u00edmica;<\/li><li>Formular estrat\u00e9gias para o ensino de Ci\u00eancias Naturais e Matem\u00e1tica voltadas para a Educa\u00e7\u00e3o de Jovens e Adultos;<\/li><li>Possibilitar a capacidade de reflex\u00e3o, no sentido de rever pressupostos te\u00f3ricos e metodol\u00f3gicos das disciplinas que leciona, inter-relacionando-as com as demais disciplinas do curr\u00edculo escolar;<\/li><li>Articular, integrar e sistematizar fen\u00f4menos e teorias, utilizando linguagem cient\u00edfica em suas diferentes representa\u00e7\u00f5es, bem como reconhecer e interpretar modelos explicativos para fen\u00f4menos das Ci\u00eancias Naturais e da Matem\u00e1tica;<\/li><li>Identificar informa\u00e7\u00f5es relevantes e formular poss\u00edveis estrat\u00e9gias para resolver situa\u00e7\u00f5es-problema, interpretando textos cient\u00edficos, argumentando criticamente e comunicando-se em suas m\u00faltiplas formas.<\/li><\/ul>\n<\/div>\n<\/div>\n\n\n\n<div class=\"wp-block-columns is-layout-flex wp-container-16\">\n<div class=\"wp-block-column is-layout-flow\">\n<div id=\"ProreitoriaTopoTitulo\" align=\"center\">\n\t\t\t\t\tInfraestrutura\n\t\t\t\t<\/div>\n\n\n\n<p>O campus Teixeira de Freitas apresenta a infraestrutura necess\u00e1ria para a operacionaliza\u00e7\u00e3o deste curso de especializa\u00e7\u00e3o. A estrutura e recursos utilizados consistem em: (1) sala de aula com capacidade para 35 pessoas, climatizada e com equipamento de multim\u00eddia; (2) equipe de apoio para realiza\u00e7\u00e3o das matr\u00edculas e registros acad\u00eamicos; (3) espa\u00e7o para a realiza\u00e7\u00e3o de eventos comportando at\u00e9 300 pessoas; (4) laborat\u00f3rio de inform\u00e1tica com vinte m\u00e1quinas e softwares de edi\u00e7\u00e3o de texto, planilhas, apresenta\u00e7\u00f5es e imagem; (5) biblioteca com diversos t\u00edtulos, inclusive a maioria dos citados na bibliografia; (6) laborat\u00f3rio de Biologia e Qu\u00edmica com recursos b\u00e1sicos; (7) equipamentos de laborat\u00f3rio de F\u00edsica e Matem\u00e1tica m\u00f3veis com recursos b\u00e1sicos e (8) professores capacitados para ministrar todos os componentes curriculares do curso.<\/p>\n<\/div>\n\n\n\n<div class=\"wp-block-column is-layout-flow\">\n<div id=\"ProreitoriaTopoTitulo\" align=\"center\">\n\t\t\t\t\tComunica\u00e7\u00e3o e Marketing\n\t\t\t\t<\/div>\n\n\n\n<p>Em 2022 o Programa ofertar\u00e1 nova turma com 30 vagas.<br>Em breve mais informa\u00e7\u00f5es sobre o processo seletivo.<\/p>\n<\/div>\n\n\n\n<div class=\"wp-block-column is-layout-flow\">\n<div id=\"ProreitoriaTopoTitulo\" align=\"center\">\n\t\t\t\t\tNot\u00edcias e Projetos\n\t\t\t\t<\/div>\n<\/div>\n<\/div>\n\n\n\n<!--nextpage-->\n\n\n\n<div id=\"ProreitoriaTopoTitulo\" align=\"center\">\n\t\t\t\t\tDocentes\n\t\t\t\t<\/div>\n\n\n\n<div class=\"wp-block-columns is-layout-flex wp-container-20\">\n<div class=\"wp-block-column is-layout-flow\">\n<hr class=\"wp-block-separator\" id=\"block-9420f223-281f-4b95-89cf-a616640f5fa1\" \/>\n\n\n\n<p><strong>Alana Araujo dos Santos<\/strong><br><em>Graduada em Ci\u00eancia Biol\u00f3gica Licenciatura<\/em><br>Doutora em Bot\u00e2nica<br><a href=\"mailto:alana.santos@ifbaiano.edu.br\">alana.santos@ifbaiano.edu.br<\/a><br>CV: <a href=\"http:\/\/lattes.cnpq.br\/3535325553286070\">http:\/\/lattes.cnpq.br\/3535325553286070<\/a><\/p>\n\n\n\n<hr class=\"wp-block-separator\" id=\"block-4604ef6a-2ce9-4315-9ffc-cad4974e8fd6\" \/>\n\n\n\n<p><strong>Flavio Araujo Vieira<\/strong><br><em>Graduado em Ci\u00eancias Habilita\u00e7\u00e3o em F\u00edsica Licenciatura Plena<\/em><br>Doutor em Educa\u00e7\u00e3o<br><a href=\"mailto:flavio.vieira@ifbaiano.edu.br\">flavio.vieira@ifbaiano.edu.br<\/a><br>CV: <a href=\"http:\/\/lattes.cnpq.br\/5105623941097244\">http:\/\/lattes.cnpq.br\/5105623941097244<\/a><\/p>\n\n\n\n<hr class=\"wp-block-separator\" id=\"block-82760981-3c76-4565-bf42-1684cac9a967\" \/>\n\n\n\n<p><strong>Joselito da Silva Bispo<\/strong><br><em>Graduado em Licenciatura Plena em Ci\u00eancias com Hab. em Matem\u00e1tica<\/em><br>Mestre em Educa\u00e7\u00e3o Matem\u00e1tica<br><a href=\"mailto:joselito.bispo@ifbaiano.edu.br\">joselito.bispo@ifbaiano.edu.br<\/a><br>CV: <a href=\"http:\/\/lattes.cnpq.br\/4992667850771322\">http:\/\/lattes.cnpq.br\/4992667850771322<\/a><\/p>\n\n\n\n<hr class=\"wp-block-separator\" id=\"block-8924a782-41c5-497f-890f-02b163d490a3\" \/>\n<\/div>\n\n\n\n<div class=\"wp-block-column is-layout-flow\">\n<hr class=\"wp-block-separator\" id=\"block-49deec33-2c2e-49ff-92be-08528b09235f\" \/>\n\n\n\n<p><strong>Alexandra Bom fim de Oliveira<\/strong><br><em>Graduada em Ci\u00eancia Biol\u00f3gicas<\/em><br>Mestre em Sistemas Aqu\u00e1ticos Tropicais<br><a href=\"mailto:alexandra.oliveira@ifbaiano.edu.br\">alexandra.oliveira@ifbaiano.edu.br<\/a><br>CV: <a href=\"http:\/\/lattes.cnpq.br\/2796159535209830\">http:\/\/lattes.cnpq.br\/2796159535209830<\/a><\/p>\n\n\n\n<hr class=\"wp-block-separator\" id=\"block-69f8ba81-03d6-487f-b9e6-e0ba7a196fc5\" \/>\n\n\n\n<p><strong>Gutto Monzelle Rios Marques<\/strong><br><em>Graduado em Engenharia de Alimentos<\/em><br>Mestre em Engenharia de Alimentos<br><a href=\"mailto:gutto.monzelle@ifbaiano.edu.br\">gutto.monzelle@ifbaiano.edu.br<\/a><br>CV: <a href=\"http:\/\/lattes.cnpq.br\/4952310015262938\">http:\/\/lattes.cnpq.br\/4952310015262938<\/a><\/p>\n\n\n\n<hr class=\"wp-block-separator\" id=\"block-f3a26de8-7569-4f6f-a50d-7c6391a24166\" \/>\n\n\n\n<p><strong>Rodrigo Loreto Peres<\/strong><br>Graduado em Qu\u00edmica Industrial<br>P\u00f3s-Doutor em Qu\u00edmica<br><a href=\"mailto:rodrigo.peres@ifbaiano.edu.br\">rodrigo.peres@ifbaiano.edu.br<\/a><br>CV: <a href=\"http:\/\/lattes.cnpq.br\/4301232947879065\">http:\/\/lattes.cnpq.br\/4301232947879065<\/a><\/p>\n\n\n\n<hr class=\"wp-block-separator\" id=\"block-9c67d10d-b424-478a-a590-61cbe047e497\" \/>\n<\/div>\n\n\n\n<div class=\"wp-block-column is-layout-flow\">\n<hr class=\"wp-block-separator\" id=\"block-c4b4eda4-cae2-47d8-b2a8-f0da9b9345cb\" \/>\n\n\n\n<p><strong>Eva Aparecida de Oliveira<\/strong><br><em>Graduada em Letras \u2013 Portugu\u00eas e Italiano<\/em><br>Doutora em Teoria e Hist\u00f3ria Liter\u00e1ria<br><a href=\"mailto:eva.oliveira@ifbaiano.edu.br\">eva.oliveira@ifbaiano.edu.br<\/a><br>CV: <a href=\"http:\/\/lattes.cnpq.br\/2912560230988856\">http:\/\/lattes.cnpq.br\/2912560230988856<\/a><\/p>\n\n\n\n<hr class=\"wp-block-separator\" id=\"block-89352429-fbf5-4b73-842d-e83b8eda6bad\" \/>\n\n\n\n<p> <strong>Laikui Cardoso Lins<\/strong><br><em>Gradua\u00e7\u00e3o em Licenciatura em Letras Vern\u00e1culas<\/em><br>Mestrado em Licenciatura e Diversidade Cultural<a href=\"mailto:laikui.lins@ifbaiano.edu.br\"><br>laikui.lins@ifbaiano.edu.br<\/a><br>CV:&nbsp;<a href=\"http:\/\/lattes.cnpq.br\/0859047882947007\">http:\/\/lattes.cnpq.br\/0859047882947007<\/a> <\/p>\n\n\n\n<hr class=\"wp-block-separator\" id=\"block-70776564-423a-462b-9dc2-884e1a0b67bf\" \/>\n\n\n\n<p id=\"block-5f720152-c68a-4475-8414-779047884150\"><strong>Welton Rodrigues Santos<\/strong><br><em>Graduado em Letras \u2013 Portugu\u00eas, Espanhol e Literaturas<\/em><br>Mestre em Lingu\u00edsticas e L\u00edngua Portuguesa<br><a href=\"mailto:welton.santos@ifbaiano.edu.br\">welton.santos@ifbaiano.edu.br<\/a><br>CV:&nbsp;<a href=\"http:\/\/lattes.cnpq.br\/8944044951262477\">http:\/\/lattes.cnpq.br\/8944044951262477<\/a><\/p>\n\n\n\n<hr class=\"wp-block-separator\" id=\"block-5509776d-9d51-42a5-9867-9e7290dea49f\" \/>\n<\/div>\n<\/div>\n\n\n\n<div class=\"wp-block-buttons is-content-justification-center is-layout-flex\">\n<div class=\"wp-block-button is-style-outline\"><a class=\"wp-block-button__link\" href=\"https:\/\/www.ifbaiano.edu.br\/unidades\/teixeira\/pos-graduacao\/especializacao-em-ensino-de-ciencias-naturais-e-matematica\/\">P\u00e1gina do curso<\/a><\/div>\n<\/div>\n","protected":false},"excerpt":{"rendered":"<p>Apresenta\u00e7\u00e3o A Especializa\u00e7\u00e3o em Ensino de Ci\u00eancias Naturais e Matem\u00e1tica objetiva capacitar professores ou profissionais que atuam ou desejam atuar na \u00e1rea de ensino de Biologia, F\u00edsica, Qu\u00edmica e Matem\u00e1tica ou \u00e1reas afins, com base em saberes espec\u00edficos, curriculares e experienciais, visando contribuir para a melhoria da Educa\u00e7\u00e3o B\u00e1sica. Em fun\u00e7\u00e3o da atual organiza\u00e7\u00e3o dos [&hellip;]<\/p>\n","protected":false},"author":31,"featured_media":0,"parent":9479,"menu_order":0,"comment_status":"closed","ping_status":"closed","template":"","meta":[],"_links":{"self":[{"href":"https:\/\/www.ifbaiano.edu.br\/unidades\/teixeira\/wp-json\/wp\/v2\/pages\/10828"}],"collection":[{"href":"https:\/\/www.ifbaiano.edu.br\/unidades\/teixeira\/wp-json\/wp\/v2\/pages"}],"about":[{"href":"https:\/\/www.ifbaiano.edu.br\/unidades\/teixeira\/wp-json\/wp\/v2\/types\/page"}],"author":[{"embeddable":true,"href":"https:\/\/www.ifbaiano.edu.br\/unidades\/teixeira\/wp-json\/wp\/v2\/users\/31"}],"replies":[{"embeddable":true,"href":"https:\/\/www.ifbaiano.edu.br\/unidades\/teixeira\/wp-json\/wp\/v2\/comments?post=10828"}],"version-history":[{"count":13,"href":"https:\/\/www.ifbaiano.edu.br\/unidades\/teixeira\/wp-json\/wp\/v2\/pages\/10828\/revisions"}],"predecessor-version":[{"id":10889,"href":"https:\/\/www.ifbaiano.edu.br\/unidades\/teixeira\/wp-json\/wp\/v2\/pages\/10828\/revisions\/10889"}],"up":[{"embeddable":true,"href":"https:\/\/www.ifbaiano.edu.br\/unidades\/teixeira\/wp-json\/wp\/v2\/pages\/9479"}],"wp:attachment":[{"href":"https:\/\/www.ifbaiano.edu.br\/unidades\/teixeira\/wp-json\/wp\/v2\/media?parent=10828"}],"curies":[{"name":"wp","href":"https:\/\/api.w.org\/{rel}","templated":true}]}}