{"id":12334,"date":"2023-05-18T17:32:54","date_gmt":"2023-05-18T20:32:54","guid":{"rendered":"https:\/\/www.ifbaiano.edu.br\/unidades\/teixeira\/?page_id=12334"},"modified":"2024-02-16T12:17:07","modified_gmt":"2024-02-16T15:17:07","slug":"docentes-2","status":"publish","type":"page","link":"https:\/\/www.ifbaiano.edu.br\/unidades\/teixeira\/docentes-2\/","title":{"rendered":"Docentes"},"content":{"rendered":"\n<figure class=\"wp-block-image size-large is-resized\"><img decoding=\"async\" loading=\"lazy\" src=\"https:\/\/www.ifbaiano.edu.br\/unidades\/teixeira\/files\/2020\/08\/Cabe\u00e7alho-Docentes.jpg\" alt=\"\" class=\"wp-image-8186\" width=\"970\" height=\"76\" \/><\/figure>\n\n\n\n<hr class=\"wp-block-separator has-alpha-channel-opacity\" \/>\n\n\n\n<table id=\"tablepress-9\" class=\"tablepress tablepress-id-9\">\n<thead>\n<tr class=\"row-1 odd\">\n\t<th class=\"column-1\">Docentes<\/th><th class=\"column-2\">Forma\u00e7\u00e3o<\/th><th class=\"column-3\">Lattes<\/th>\n<\/tr>\n<\/thead>\n<tbody class=\"row-hover\">\n<tr class=\"row-2 even\">\n\t<td class=\"column-1\"><a href=\"https:\/\/www.ifbaiano.edu.br\/unidades\/teixeira\/alana-araujo-dos-santos\/\">Alana Araujo dos Santos<\/a><\/td><td class=\"column-2\">Graduada em Ci\u00eancias Biol\u00f3gicas e Doutora em Bot\u00e2nica<\/td><td class=\"column-3\">http:\/\/lattes.cnpq.br\/3535325553286070<\/td>\n<\/tr>\n<tr class=\"row-3 odd\">\n\t<td class=\"column-1\"><a href=\"https:\/\/www.ifbaiano.edu.br\/unidades\/teixeira\/alberto-tomo-chirinda\/\">Alberto Tomo Chirinda<\/a><\/td><td class=\"column-2\">Graduado em Engenharia Florestal e Mestre em Engenharia Florestal<\/td><td class=\"column-3\">http:\/\/lattes.cnpq.br\/4634519980442452<\/td>\n<\/tr>\n<tr class=\"row-4 even\">\n\t<td class=\"column-1\"><a href=\"https:\/\/www.ifbaiano.edu.br\/unidades\/teixeira\/alexandra-bomfim-de-oliveira\/\">Alexandra Bomfim de Oliveira<\/a><\/td><td class=\"column-2\">Graduada em Ci\u00eancia Biol\u00f3gicas e Mestre em Sistemas Aqu\u00e1ticos Tropicais<\/td><td class=\"column-3\">http:\/\/lattes.cnpq.br\/2796159535209830<\/td>\n<\/tr>\n<tr class=\"row-5 odd\">\n\t<td class=\"column-1\"><a href=\"https:\/\/www.ifbaiano.edu.br\/unidades\/teixeira\/aline-fonseca-gomes\/\">Aline Fonseca Gomes<\/a><\/td><td class=\"column-2\">Graduada em Administra\u00e7\u00e3o e Doutora em Desenvolvimento Regional e Urbano<\/td><td class=\"column-3\">http:\/\/lattes.cnpq.br\/1317795059868209<\/td>\n<\/tr>\n<tr class=\"row-6 even\">\n\t<td class=\"column-1\"><a href=\"https:\/\/www.ifbaiano.edu.br\/unidades\/teixeira\/aline-passos-araujo\/\">Aline Passos Araujo<\/a><\/td><td class=\"column-2\">Graduada em Turismo e Mestre em Educa\u00e7\u00e3o Tecnol\u00f3gica<\/td><td class=\"column-3\">http:\/\/lattes.cnpq.br\/8164845235453312<\/td>\n<\/tr>\n<tr class=\"row-7 odd\">\n\t<td class=\"column-1\"><a href=\"https:\/\/www.ifbaiano.edu.br\/unidades\/teixeira\/ana-rosa-alves-de-oliveira\/\">Ana Rosa Alves de Oliveira<\/a><\/td><td class=\"column-2\">Graduada em Zootecnia e Doutora em Zootecnia<\/td><td class=\"column-3\">http:\/\/lattes.cnpq.br\/4170557967350236<\/td>\n<\/tr>\n<tr class=\"row-8 even\">\n\t<td class=\"column-1\"><a href=\"https:\/\/www.ifbaiano.edu.br\/unidades\/teixeira\/andressa-vieira-de-castro\/\">Andressa Vieira de Castro<\/a><\/td><td class=\"column-2\">Graduada em Agronomia e Doutora em Gen\u00e9tica e Biologia Molecular<\/td><td class=\"column-3\">http:\/\/lattes.cnpq.br\/6406861309275214<\/td>\n<\/tr>\n<tr class=\"row-9 odd\">\n\t<td class=\"column-1\"><a href=\"https:\/\/www.ifbaiano.edu.br\/unidades\/teixeira\/cassia-cilene-fernandes-avila\/\">Cassia Cilene Fernandes Avila<\/a><\/td><td class=\"column-2\">Graduada em Letras e Doutoranda em L\u00edngua Portuguesa<\/td><td class=\"column-3\">http:\/\/lattes.cnpq.br\/7072790433066976<\/td>\n<\/tr>\n<tr class=\"row-10 even\">\n\t<td class=\"column-1\"><a href=\"https:\/\/www.ifbaiano.edu.br\/unidades\/teixeira\/cecilia-freitas-martins\/\">Cecilia Freitas Martins<\/a><\/td><td class=\"column-2\">Gradua\u00e7\u00e3o em Ci\u00eancias Biol\u00f3gicas (licenciatura e bacharelado) e mestrado em Engenharia Ambiental (Saneamento Ambiental).<\/td><td class=\"column-3\">http:\/\/lattes.cnpq.br\/7168063704121251<\/td>\n<\/tr>\n<tr class=\"row-11 odd\">\n\t<td class=\"column-1\"><a href=\"https:\/\/www.ifbaiano.edu.br\/unidades\/teixeira\/cintia-aparecida-amorim\/\">C\u00edntia Aparecida Amorim<\/a><\/td><td class=\"column-2\">Graduada em ABI \u2013 Letras Vern\u00e1culas e L\u00edngua Estrangeira Moderna e Mestre em M\u00e1ster en formaci\u00f3n de profesores de espa\u00f1ol \u2013 LE<\/td><td class=\"column-3\">http:\/\/lattes.cnpq.br\/7734446904571298<\/td>\n<\/tr>\n<tr class=\"row-12 even\">\n\t<td class=\"column-1\"><a href=\"https:\/\/www.ifbaiano.edu.br\/unidades\/teixeira\/charles-leonel-galvao-sanches\/\">Charles Leonel Galv\u00e3o Sanch\u00eas<\/a><\/td><td class=\"column-2\">Graduado em Engenharia Agron\u00f4mica e Mestre em Produ\u00e7\u00e3o Vegetal<\/td><td class=\"column-3\">http:\/\/lattes.cnpq.br\/8716799409306874<\/td>\n<\/tr>\n<tr class=\"row-13 odd\">\n\t<td class=\"column-1\"><a href=\"https:\/\/www.ifbaiano.edu.br\/unidades\/teixeira\/cleidida-barros-de-carvalho\/\">Cleidida Barros de Carvalho<\/a><\/td><td class=\"column-2\">Graduada em Zootecnia e Doutora em Zootecnia \u2013 Nutri\u00e7\u00e3o de N\u00e3o Ruminantes<\/td><td class=\"column-3\">http:\/\/lattes.cnpq.br\/6835179580161118<\/td>\n<\/tr>\n<tr class=\"row-14 even\">\n\t<td class=\"column-1\"><a href=\"https:\/\/www.ifbaiano.edu.br\/unidades\/teixeira\/cleverson-carlos-pereira\/\">Cleverson Carlos Pereira<\/a><\/td><td class=\"column-2\">Graduado em Ci\u00eancias \u2013 Habilita\u00e7\u00e3o em F\u00edsica \u2013 Licenciatura Plena e  Doutor em Educa\u00e7\u00e3o<\/td><td class=\"column-3\">http:\/\/lattes.cnpq.br\/6825052818749124<\/td>\n<\/tr>\n<tr class=\"row-15 odd\">\n\t<td class=\"column-1\"><a href=\"https:\/\/www.ifbaiano.edu.br\/unidades\/teixeira\/daniele-dos-santos-barreto\/\">Daniele dos Santos Barreto<\/a><\/td><td class=\"column-2\">Doutoranda e mestra em Lingu\u00edstica pelo Programa de P\u00f3s-gradua\u00e7\u00e3o em Lingu\u00edstica (PPGLIN) da Universidade Estadual do Sudoeste da Bahia- UESB, Graduada em Letras pela Universidade do Estado da Bahia (UNEB)<\/td><td class=\"column-3\">http:\/\/lattes.cnpq.br\/0127218296711043<\/td>\n<\/tr>\n<tr class=\"row-16 even\">\n\t<td class=\"column-1\"><a href=\"https:\/\/www.ifbaiano.edu.br\/unidades\/teixeira\/dhanyane-alves-castro\/\">Dhanyane Alves Castro<\/a><\/td><td class=\"column-2\">Graduada em Ci\u00eancias Sociais e Doutora em Ci\u00eancias Sociais<\/td><td class=\"column-3\">http:\/\/lattes.cnpq.br\/1477428164496562<\/td>\n<\/tr>\n<tr class=\"row-17 odd\">\n\t<td class=\"column-1\"><a href=\"https:\/\/www.ifbaiano.edu.br\/unidades\/teixeira\/dimas-catai-santos-junior\/\">Dimas Catai Santos Junior<\/a><\/td><td class=\"column-2\">Graduado em Historia e Mestre em Hist\u00f3ria<\/td><td class=\"column-3\">http:\/\/lattes.cnpq.br\/6354385971906798<\/td>\n<\/tr>\n<tr class=\"row-18 even\">\n\t<td class=\"column-1\"><a href=\"https:\/\/www.ifbaiano.edu.br\/unidades\/teixeira\/dionei-lima-santos\/\">Dionei Lima Santos<\/a><\/td><td class=\"column-2\">Gradua\u00e7\u00e3o em Agronomia. Mestrado em Engenharia Agr\u00edcola, Doutorado em Engenharia Agr\u00edcola.<\/td><td class=\"column-3\">http:\/\/lattes.cnpq.br\/8710200268321886<\/td>\n<\/tr>\n<tr class=\"row-19 odd\">\n\t<td class=\"column-1\"><a href=\"https:\/\/www.ifbaiano.edu.br\/unidades\/teixeira\/elen-sonia-maria-duarte-rosa\/\">Elen Sonia Maria Duarte Rosa<\/a><\/td><td class=\"column-2\">Graduada em Agronomia e Doutora em Fitotecnia (Produ\u00e7\u00e3o Vegetal)<\/td><td class=\"column-3\">http:\/\/lattes.cnpq.br\/7588333558477010<\/td>\n<\/tr>\n<tr class=\"row-20 even\">\n\t<td class=\"column-1\"><a href=\"https:\/\/www.ifbaiano.edu.br\/unidades\/teixeira\/erllens-eder-silva\/\">Erllens Eder Silva<\/a><\/td><td class=\"column-2\">Engenheiro Agr\u00f4nomo e Doutor em Agronomia<\/td><td class=\"column-3\">http:\/\/lattes.cnpq.br\/8987866888319889<\/td>\n<\/tr>\n<tr class=\"row-21 odd\">\n\t<td class=\"column-1\"><a href=\"https:\/\/www.ifbaiano.edu.br\/unidades\/teixeira\/eva-aparecida-de-oliveira\/\">Eva Aparecida de Oliveira<\/a><\/td><td class=\"column-2\">Graduada em Letras \u2013 Portugu\u00eas e Italiano e Doutora em Teoria e Hist\u00f3ria Liter\u00e1ria<\/td><td class=\"column-3\">http:\/\/lattes.cnpq.br\/2912560230988856<\/td>\n<\/tr>\n<tr class=\"row-22 even\">\n\t<td class=\"column-1\"><a href=\"https:\/\/www.ifbaiano.edu.br\/unidades\/teixeira\/flavio-araujo-vieira\/\">Flavio Araujo Vieira<\/a><\/td><td class=\"column-2\">Graduado em Ci\u00eancias Habilita\u00e7\u00e3o em F\u00edsica Licenciatura Plena e Doutor em Educa\u00e7\u00e3o<\/td><td class=\"column-3\">http:\/\/lattes.cnpq.br\/5105623941097244<\/td>\n<\/tr>\n<tr class=\"row-23 odd\">\n\t<td class=\"column-1\"><a href=\"https:\/\/www.ifbaiano.edu.br\/unidades\/teixeira\/francisco-jose-de-oliveira-andrade\/\">Francisco Jose de Oliveira Andrade<\/a><\/td><td class=\"column-2\">Graduado em Administra\u00e7\u00e3o e Mestrado Profissional de Administra\u00e7\u00e3o<\/td><td class=\"column-3\">http:\/\/lattes.cnpq.br\/6096311741666363<\/td>\n<\/tr>\n<tr class=\"row-24 even\">\n\t<td class=\"column-1\"><a href=\"https:\/\/www.ifbaiano.edu.br\/unidades\/teixeira\/gutto-monzelle-rios-marques\/\">Gutto Monzelle Rios Marques<\/a><\/td><td class=\"column-2\">Graduado em Engenharia de Alimentos e Mestre em Engenharia de Alimentos<\/td><td class=\"column-3\">http:\/\/lattes.cnpq.br\/4952310015262938<\/td>\n<\/tr>\n<tr class=\"row-25 odd\">\n\t<td class=\"column-1\"><a href=\"https:\/\/www.ifbaiano.edu.br\/unidades\/teixeira\/isis-vanessa-halim-de-lima\/\">Isis Vanessa Halim de Lima<\/a><\/td><td class=\"column-2\">Graduada em Turismo e Hotelaria e Meste em Gest\u00e3o e Planejamento em Turismo<\/td><td class=\"column-3\">http:\/\/lattes.cnpq.br\/1126706823094441<\/td>\n<\/tr>\n<tr class=\"row-26 even\">\n\t<td class=\"column-1\"><a href=\"https:\/\/www.ifbaiano.edu.br\/unidades\/teixeira\/ivana-lemos-souza\/\">Ivana Lemos Souza<\/a><\/td><td class=\"column-2\">Agr\u00f4noma e Doutora em Agronomia<\/td><td class=\"column-3\">http:\/\/lattes.cnpq.br\/1344147899355434<\/td>\n<\/tr>\n<tr class=\"row-27 odd\">\n\t<td class=\"column-1\"><a href=\"https:\/\/www.ifbaiano.edu.br\/unidades\/teixeira\/ivanildo-rocha-porto\/\">Ivanildo Rocha Porto<\/a><\/td><td class=\"column-2\">Graduado em Licenciatura com Habilita\u00e7\u00e3o em Matem\u00e1tica e Especialista em Matem\u00e1tica e Estat\u00edstica<\/td><td class=\"column-3\">http:\/\/lattes.cnpq.br\/7292775991102962<\/td>\n<\/tr>\n<tr class=\"row-28 even\">\n\t<td class=\"column-1\"><a href=\"https:\/\/www.ifbaiano.edu.br\/unidades\/teixeira\/joabe-jobson-de-oliveira-pimentel\/\">Joabe Jobson de Oliveira Pimentel<\/a><\/td><td class=\"column-2\">Graduado em Zootecnia e Doutor em Zootecnia<\/td><td class=\"column-3\">http:\/\/lattes.cnpq.br\/4376088315738298<\/td>\n<\/tr>\n<tr class=\"row-29 odd\">\n\t<td class=\"column-1\"><a href=\"https:\/\/www.ifbaiano.edu.br\/unidades\/teixeira\/joao-batista-botton\/\">Joao Batista Botton<\/a><\/td><td class=\"column-2\">Graduado em Filosofia &#8211; Licenciatura Plena e Doutor em Filosofia<\/td><td class=\"column-3\">http:\/\/lattes.cnpq.br\/2934841447337623<\/td>\n<\/tr>\n<tr class=\"row-30 even\">\n\t<td class=\"column-1\"><a href=\"https:\/\/www.ifbaiano.edu.br\/unidades\/teixeira\/joselito-da-silva-bispo\/\">Joselito da Silva Bispo<\/a><\/td><td class=\"column-2\">Graduado em Licenciatura Plena em Ci\u00eancias com Hab. em Matem\u00e1tica e Mestre em Educa\u00e7\u00e3o Matem\u00e1tica<\/td><td class=\"column-3\">http:\/\/lattes.cnpq.br\/4992667850771322<\/td>\n<\/tr>\n<tr class=\"row-31 odd\">\n\t<td class=\"column-1\"><a href=\"https:\/\/www.ifbaiano.edu.br\/unidades\/teixeira\/jose-pereira-torres\/\">Jose Pereira Torres<\/a><\/td><td class=\"column-2\">Graduado em Pedagogia e Especialista em Educa\u00e7\u00e3o Profissional e Tecnol\u00f3gica<\/td><td class=\"column-3\">http:\/\/lattes.cnpq.br\/2666124254603993<\/td>\n<\/tr>\n<tr class=\"row-32 even\">\n\t<td class=\"column-1\"><a href=\"https:\/\/www.ifbaiano.edu.br\/unidades\/teixeira\/julia-siqueira-moreau\/\">Julia Siqueira Moreau<\/a><\/td><td class=\"column-2\">Graduada em Engenharia Florestal pela Universidade Federal do Esp\u00edrito Santo (2012), mestra e doutora em Ci\u00eancias Florestais pela mesma institui\u00e7\u00e3o (2014 &#8211; 2021).<\/td><td class=\"column-3\">http:\/\/lattes.cnpq.br\/5574175997236987<\/td>\n<\/tr>\n<tr class=\"row-33 odd\">\n\t<td class=\"column-1\"><a href=\"https:\/\/www.ifbaiano.edu.br\/unidades\/teixeira\/laikui-cardoso-lins\/\">Laikui Cardoso Lins<\/a><\/td><td class=\"column-2\">Gradua\u00e7\u00e3o em Licenciatura em Letras Vern\u00e1culas e Mestrado em Licenciatura e Diversidade Cultural<\/td><td class=\"column-3\">http:\/\/lattes.cnpq.br\/0859047882947007<\/td>\n<\/tr>\n<tr class=\"row-34 even\">\n\t<td class=\"column-1\"><a href=\"https:\/\/www.ifbaiano.edu.br\/unidades\/teixeira\/lucas-possedente-emerique\/\">Lucas Possedente Emerique<\/a><\/td><td class=\"column-2\">Gradua\u00e7\u00e3o Geografia e Doutorado em Geografia Humana<\/td><td class=\"column-3\">http:\/\/lattes.cnpq.br\/4270536493515325<\/td>\n<\/tr>\n<tr class=\"row-35 odd\">\n\t<td class=\"column-1\"><a href=\"https:\/\/www.ifbaiano.edu.br\/unidades\/teixeira\/leila-cristina-rosa-de-lins\/\">Leila Cristina Rosa de Lins<\/a><\/td><td class=\"column-2\">Gradua\u00e7\u00e3o em Engenharia Agron\u00f4mica. Mestrado em Fitotecnia. Doutorado em Fitotecnia (Produ\u00e7\u00e3o Vegetal).<\/td><td class=\"column-3\">http:\/\/lattes.cnpq.br\/6826584411637380<\/td>\n<\/tr>\n<tr class=\"row-36 even\">\n\t<td class=\"column-1\"><a href=\"https:\/\/www.ifbaiano.edu.br\/unidades\/teixeira\/mardel-miranda-mendes-lopes\/\">Mardel Miranda Mendes Lopes<\/a><\/td><td class=\"column-2\">Gradua\u00e7\u00e3o em Engenharia Florestal e Mestre em Bot\u00e2nica<\/td><td class=\"column-3\">http:\/\/lattes.cnpq.br\/8178113502015697<\/td>\n<\/tr>\n<tr class=\"row-37 odd\">\n\t<td class=\"column-1\"><a href=\"https:\/\/www.ifbaiano.edu.br\/unidades\/teixeira\/marta-cristina-silva-carvalho\/\">Marta Cristina Silva Carvalho<\/a><\/td><td class=\"column-2\">Gradua\u00e7\u00e3o em Engenharia Agr\u00edcola e Ambiental e Doutor em Engenharia Agr\u00edcola<\/td><td class=\"column-3\">http:\/\/lattes.cnpq.br\/3971407415198467<\/td>\n<\/tr>\n<tr class=\"row-38 even\">\n\t<td class=\"column-1\"><a href=\"https:\/\/www.ifbaiano.edu.br\/unidades\/teixeira\/mauriceia-costa-carvalho-barros\/\">Mauriceia Costa Carvalho Barros<\/a><\/td><td class=\"column-2\">Graduada em Zootecnia e Doutora em Zootecnia<\/td><td class=\"column-3\">http:\/\/lattes.cnpq.br\/0558487589241284<\/td>\n<\/tr>\n<tr class=\"row-39 odd\">\n\t<td class=\"column-1\"><a href=\"https:\/\/www.ifbaiano.edu.br\/unidades\/teixeira\/nayara-silva-souza\/\">Nayara Silva Souza<\/a><\/td><td class=\"column-2\">Graduada em Tecnologia em Gest\u00e3o Ambiental e Mestre em Ci\u00eancias Ambientais<\/td><td class=\"column-3\">http:\/\/lattes.cnpq.br\/9383277199841964<\/td>\n<\/tr>\n<tr class=\"row-40 even\">\n\t<td class=\"column-1\"><a href=\"https:\/\/www.ifbaiano.edu.br\/unidades\/teixeira\/neidiane-brito-da-silva-sa\/\">Neidiane Brito da Silva Sa<\/a><\/td><td class=\"column-2\">Graduada em Letras e Artes e Mestre em Letras: Linguagens e Representa\u00e7\u00f5es<\/td><td class=\"column-3\">http:\/\/lattes.cnpq.br\/2202793488354009<\/td>\n<\/tr>\n<tr class=\"row-41 odd\">\n\t<td class=\"column-1\"><a href=\"https:\/\/www.ifbaiano.edu.br\/unidades\/teixeira\/patricia-correa-santos\/\">Patricia Correa Santos<\/a><\/td><td class=\"column-2\">Graduada em Licenciatura em Matem\u00e1tica e Doutora em Ensino de Matem\u00e1tica e Ci\u00eancias<\/td><td class=\"column-3\">http:\/\/lattes.cnpq.br\/5522189073031578<\/td>\n<\/tr>\n<tr class=\"row-42 even\">\n\t<td class=\"column-1\"><a href=\"https:\/\/www.ifbaiano.edu.br\/unidades\/teixeira\/patricia-ferreira-coimbra-pimentel\/\">Patricia Ferreira Coimbra Pimentel<\/a><\/td><td class=\"column-2\">Graduada em Administra\u00e7\u00e3o de Empresas e Mestre em Extens\u00e3o Rural<\/td><td class=\"column-3\">http:\/\/lattes.cnpq.br\/5397447823492700<\/td>\n<\/tr>\n<tr class=\"row-43 odd\">\n\t<td class=\"column-1\"><a href=\"https:\/\/www.ifbaiano.edu.br\/unidades\/teixeira\/priscila-ferreira-de-oliveira\/\">Priscila Ferreira de Oliveira<\/a><\/td><td class=\"column-2\">Graduada em Qu\u00edmica e Doutora em Ci\u00eancias e Tecnologia de Pol\u00edmeros<\/td><td class=\"column-3\">http:\/\/lattes.cnpq.br\/4720682410981701<\/td>\n<\/tr>\n<tr class=\"row-44 even\">\n\t<td class=\"column-1\"><a href=\"https:\/\/www.ifbaiano.edu.br\/unidades\/teixeira\/quedma-rocha-cristal\/\">Quedma Rocha Cristal<\/a><\/td><td class=\"column-2\">Graduada em Licenciatura em M\u00fasica e Especialista em Psicopedagogia Institucional e Educa\u00e7\u00e3o Especial<\/td><td class=\"column-3\">http:\/\/lattes.cnpq.br\/4190724894229421<\/td>\n<\/tr>\n<tr class=\"row-45 odd\">\n\t<td class=\"column-1\"><a href=\"https:\/\/www.ifbaiano.edu.br\/unidades\/teixeira\/ricardo-rocha-rabelo\/\">Ricardo Rocha Rabelo<\/a><\/td><td class=\"column-2\">Gradua\u00e7\u00e3o em Educa\u00e7\u00e3o F\u00edsica e Mestre em Educa\u00e7\u00e3o<\/td><td class=\"column-3\">http:\/\/lattes.cnpq.br\/9120947479754293<\/td>\n<\/tr>\n<tr class=\"row-46 even\">\n\t<td class=\"column-1\"><a href=\"https:\/\/www.ifbaiano.edu.br\/unidades\/teixeira\/rodrigo-diego-quoos\/\">Rodrigo Diego Quoos<\/a><\/td><td class=\"column-2\">Graduado em Engenharia Florestal e Doutor em Zootecnia<\/td><td class=\"column-3\">http:\/\/lattes.cnpq.br\/7323538926576707<\/td>\n<\/tr>\n<tr class=\"row-47 odd\">\n\t<td class=\"column-1\"><a href=\"https:\/\/www.ifbaiano.edu.br\/unidades\/teixeira\/rodrigo-octavio-de-carvalho-junior\/\">Rodrigo Octavio de Carvalho Junior<\/a><\/td><td class=\"column-2\">Graduado em Educa\u00e7\u00e3o F\u00edsica e Mestre em Educa\u00e7\u00e3o, Administra\u00e7\u00e3o e Comunica\u00e7\u00e3o<\/td><td class=\"column-3\">http:\/\/lattes.cnpq.br\/5181984836157727<\/td>\n<\/tr>\n<tr class=\"row-48 even\">\n\t<td class=\"column-1\"><a href=\"https:\/\/www.ifbaiano.edu.br\/unidades\/teixeira\/rogerio-quinhones\/\">Rogerio Quinhones<\/a><\/td><td class=\"column-2\">Graduado em Engenharia Florestal e Doutor em Ci\u00eancias e Tecnologia da Madeira<\/td><td class=\"column-3\">http:\/\/lattes.cnpq.br\/0023111942685277<\/td>\n<\/tr>\n<tr class=\"row-49 odd\">\n\t<td class=\"column-1\"><a href=\"https:\/\/www.ifbaiano.edu.br\/unidades\/teixeira\/rogeria-de-souza-vieira\/\">Rog\u00e9ria de Souza Vieira<\/a><\/td><td class=\"column-2\">Mestra em Geografia Humana &#8211; Ordenamento do Territ\u00f3rio e Desenvolvimento pela Universidade de Coimbra, Portugal. Especialista em Ensino de Geografia pela Universidade Federal de Alagoas &#8211; UFAL<\/td><td class=\"column-3\">http:\/\/lattes.cnpq.br\/4748980748542981<\/td>\n<\/tr>\n<tr class=\"row-50 even\">\n\t<td class=\"column-1\"><a href=\"https:\/\/www.ifbaiano.edu.br\/unidades\/teixeira\/tiago-nascimento-da-costa\/\">Tiago Nascimento da Costa<\/a><\/td><td class=\"column-2\">Licenciado em Hist\u00f3ria e Mestre em Educa\u00e7\u00e3o Profissional e Tecnol\u00f3gica<\/td><td class=\"column-3\">http:\/\/lattes.cnpq.br\/8714158491103358<\/td>\n<\/tr>\n<tr class=\"row-51 odd\">\n\t<td class=\"column-1\"><a href=\"https:\/\/www.ifbaiano.edu.br\/unidades\/teixeira\/vagner-costa-oliveira\/\">Vagner Costa Oliveira<\/a><\/td><td class=\"column-2\">Graduado em Administra\u00e7\u00e3o e Especialista em Gest\u00e3o e Doc\u00eancia no Ensino Superior, M\u00e9dio e T\u00e9cnico<\/td><td class=\"column-3\">http:\/\/lattes.cnpq.br\/4622025743553228<\/td>\n<\/tr>\n<tr class=\"row-52 even\">\n\t<td class=\"column-1\"><a href=\"https:\/\/www.ifbaiano.edu.br\/unidades\/teixeira\/valeria-pancieri-sallin\/\">Valeria Pancieri Sallin<\/a><\/td><td class=\"column-2\">Graduada em Agronomia e Mestra em Agricultura Tropical<\/td><td class=\"column-3\">http:\/\/lattes.cnpq.br\/2962498665242692<\/td>\n<\/tr>\n<tr class=\"row-53 odd\">\n\t<td class=\"column-1\"><a href=\"https:\/\/www.ifbaiano.edu.br\/unidades\/teixeira\/welton-rodrigues-santos\/\">Welton Rodrigues Santos<\/a><\/td><td class=\"column-2\">Graduado em Letras \u2013 Portugu\u00eas, Espanhol e Literaturas e Mestre em Lingu\u00edsticas e L\u00edngua Portuguesa<\/td><td class=\"column-3\">http:\/\/lattes.cnpq.br\/8944044951262477<\/td>\n<\/tr>\n<\/tbody>\n<\/table>\n<!-- #tablepress-9 from cache -->","protected":false},"excerpt":{"rendered":"","protected":false},"author":152,"featured_media":0,"parent":0,"menu_order":0,"comment_status":"closed","ping_status":"closed","template":"","meta":[],"_links":{"self":[{"href":"https:\/\/www.ifbaiano.edu.br\/unidades\/teixeira\/wp-json\/wp\/v2\/pages\/12334"}],"collection":[{"href":"https:\/\/www.ifbaiano.edu.br\/unidades\/teixeira\/wp-json\/wp\/v2\/pages"}],"about":[{"href":"https:\/\/www.ifbaiano.edu.br\/unidades\/teixeira\/wp-json\/wp\/v2\/types\/page"}],"author":[{"embeddable":true,"href":"https:\/\/www.ifbaiano.edu.br\/unidades\/teixeira\/wp-json\/wp\/v2\/users\/152"}],"replies":[{"embeddable":true,"href":"https:\/\/www.ifbaiano.edu.br\/unidades\/teixeira\/wp-json\/wp\/v2\/comments?post=12334"}],"version-history":[{"count":3,"href":"https:\/\/www.ifbaiano.edu.br\/unidades\/teixeira\/wp-json\/wp\/v2\/pages\/12334\/revisions"}],"predecessor-version":[{"id":13450,"href":"https:\/\/www.ifbaiano.edu.br\/unidades\/teixeira\/wp-json\/wp\/v2\/pages\/12334\/revisions\/13450"}],"wp:attachment":[{"href":"https:\/\/www.ifbaiano.edu.br\/unidades\/teixeira\/wp-json\/wp\/v2\/media?parent=12334"}],"curies":[{"name":"wp","href":"https:\/\/api.w.org\/{rel}","templated":true}]}}