{"id":12398,"date":"2023-07-04T08:24:50","date_gmt":"2023-07-04T11:24:50","guid":{"rendered":"https:\/\/www.ifbaiano.edu.br\/unidades\/teixeira\/?page_id=12398"},"modified":"2023-08-31T10:13:04","modified_gmt":"2023-08-31T13:13:04","slug":"comissao-propria-de-avaliacao-cpa","status":"publish","type":"page","link":"https:\/\/www.ifbaiano.edu.br\/unidades\/teixeira\/comissao-propria-de-avaliacao-cpa\/","title":{"rendered":"Comiss\u00e3o Pr\u00f3pria de Avalia\u00e7\u00e3o (CPA)"},"content":{"rendered":"\n<p><strong><u><strong>O que \u00e9 CPA?<\/strong><\/u><\/strong><\/p>\n\n\n\n<p>Comiss\u00e3o Pr\u00f3pria de Avalia\u00e7\u00e3o, institu\u00edda pelo Sistema Nacional de Avalia\u00e7\u00e3o da Educa\u00e7\u00e3o Superior \u2013 SINAES, conforme previsto lei federal n\u00ba 10861\/2004, tendo como uma das suas principais atribui\u00e7\u00f5es a implanta\u00e7\u00e3o e o desenvolvimento de processos de avalia\u00e7\u00e3o institucional.<\/p>\n\n\n\n<p><\/p>\n\n\n\n<p><strong><u>Quais s\u00e3o os objetivos?<\/u><\/strong><\/p>\n\n\n\n<p>Coletar dados, sistematizar informa\u00e7\u00f5es, analisar coletivamente os significados de suas realiza\u00e7\u00f5es, assim identificar pontos fracos, pontos fortes e potencialidades da institui\u00e7\u00e3o.<\/p>\n\n\n\n<p>A atua\u00e7\u00e3o da Comiss\u00e3o Pr\u00f3pria de Avalia\u00e7\u00e3o (CPA) se fundamenta na necessidade de promover a melhoria da qualidade da educa\u00e7\u00e3o superior, a orienta\u00e7\u00e3o da expans\u00e3o da sua oferta, o aumento permanente da sua efic\u00e1cia institucional, da sua efetividade acad\u00eamica e social e, especialmente, do aprofundamento dos seus compromissos e responsabilidades sociais.<\/p>\n\n\n\n<p><\/p>\n\n\n\n<p><strong>O que a CPA avalia?<\/strong><\/p>\n\n\n\n<p>A comiss\u00e3o avalia aspectos estruturados em cinco eixos e dez dimens\u00f5es, por meio de question\u00e1rios, rodas de conversa, entrevistas e visitas <em>in loco<\/em>, destinados a comunidade acad\u00eamica e a comunidade local:<\/p>\n\n\n\n<figure class=\"wp-block-image size-full\"><img decoding=\"async\" loading=\"lazy\" width=\"3198\" height=\"989\" src=\"https:\/\/www.ifbaiano.edu.br\/unidades\/teixeira\/files\/2023\/07\/image.png\" alt=\"\" class=\"wp-image-12399\" \/><\/figure>\n\n\n\n<p><strong><u>O que \u00e9 a Autoavalia\u00e7\u00e3o ou Avalia\u00e7\u00e3o Interna?<\/u><\/strong><\/p>\n\n\n\n<p>\u00c9 um processo cont\u00ednuo por meio do qual uma institui\u00e7\u00e3o constr\u00f3i conhecimento sobre sua pr\u00f3pria realidade, refletindo sobre seus processos internos e externos, visando melhorar a qualidade educativa e alcan\u00e7ar maior relev\u00e2ncia social.<\/p>\n\n\n\n<p><\/p>\n\n\n\n<p><strong><u>Quais s\u00e3o os princ\u00edpios da Autoavalia\u00e7\u00e3o?<\/u><\/strong><\/p>\n\n\n\n<p>A Avalia\u00e7\u00e3o Interna tem como principais objetivos produzir conhecimentos aprimorados, questionar o conjunto de atividades e finalidades cumpridas pela institui\u00e7\u00e3o, identificar as causas dos seus principais problemas, aumentar a consci\u00eancia pedag\u00f3gica e a capacidade profissional do corpo docente e t\u00e9cnico-administrativo, fortalecer as rela\u00e7\u00f5es de coopera\u00e7\u00e3o com outros atores institucionais, aproximar-se da comunidade, desempenhar um papel cient\u00edfico e social e gerir informa\u00e7\u00f5es que ser\u00e3o prestadas a sociedade. A autoavalia\u00e7\u00e3o \u00e9, portanto, um instrumento valioso para tomada de decis\u00f5es na institui\u00e7\u00e3o em todos os seus seguimentos.<\/p>\n\n\n\n<p><\/p>\n\n\n\n<p><strong><u>Quem pode responder os question\u00e1rios elaborados pela CPA?<\/u><\/strong><\/p>\n\n\n\n<p>Todo o corpo docente, discentes e t\u00e9cnico administrativo, bem como a sociedade civil organizada pode e deve preencher os formul\u00e1rios de autoavalia\u00e7\u00e3o quando solicitados pela CPA. Desta forma, a institui\u00e7\u00e3o poder\u00e1 conhecer de maneira abrangente como est\u00e1 desempenhando suas fun\u00e7\u00f5es em todos os aspectos.<\/p>\n\n\n\n<p><strong><u>Por que a participa\u00e7\u00e3o das diversas categorias \u00e9 importante?<\/u><\/strong><\/p>\n\n\n\n<p>Porque \u00e9 atrav\u00e9s das informa\u00e7\u00f5es obtidas com o processo de avalia\u00e7\u00e3o e autoavalia\u00e7\u00e3o que a institui\u00e7\u00e3o IF Baiano consegue perceber quais s\u00e3o os aspectos que precisam melhorar e onde est\u00e1 obtendo \u00eaxito na sua realiza\u00e7\u00e3o. Corroborando, assim, para melhoria da qualidade dos servi\u00e7os prestados \u00e0 comunidade.<\/p>\n\n\n\n<p><strong><u>Quem s\u00e3o os membros da CPA?<\/u><\/strong><\/p>\n\n\n\n<p>As comiss\u00f5es s\u00e3o formadas por membros eleitos de diversos seguimentos: docentes, t\u00e9cnicos administrativos, discentes de n\u00edvel superior e m\u00e9dio\/t\u00e9cnico, al\u00e9m da sociedade civil. Cada categoria elege seus representantes que dever\u00e3o compor as comiss\u00f5es nos campi.<\/p>\n\n\n\n<p><strong><u>Como posso ter acesso aos relat\u00f3rios elaborados pela CPA?<\/u><\/strong><\/p>\n\n\n\n<p>Todos relat\u00f3rios da CPA est\u00e3o dispon\u00edveis no site do IF Baiano atrav\u00e9s do link: <a href=\"https:\/\/ifbaiano.edu.br\/portal\/comissoes\/comissao-propria-de-avaliacao\"><strong>https:\/\/ifbaiano.edu.br\/portal\/comissoes\/comissao-propria-de-avaliacao<\/strong><\/a><\/p>\n\n\n\n<p><strong>Ainda t\u00eam d\u00favidas? Quer saber mais? Gostaria de dar sugest\u00f5es? Ou, fazer cr\u00edticas construtivas?<\/strong><\/p>\n\n\n\n<p>Favor, entre em contato conosco atrav\u00e9s do e-mail: <a href=\"mailto:cpa@teixeira.ifbaiano.edu.br\">cpa@teixeira.ifbaiano.edu.br<\/a><\/p>\n\n\n\n<hr class=\"wp-block-separator has-alpha-channel-opacity\" \/>\n\n\n\n<p><strong><u>DOCUMENTOS<\/u><\/strong><\/p>\n\n\n\n<p><strong>Lei federal n\u00ba 10.861\/2004 (<\/strong>Institui o Sistema Nacional de Avalia\u00e7\u00e3o da Educa\u00e7\u00e3o Superior \u2013 SINAES e d\u00e1 outras provid\u00eancias<strong>): https:\/\/www.planalto.gov.br\/ccivil_03\/_ato2004-2006\/2004\/lei\/l10.861.htm<\/strong><\/p>\n\n\n\n<p><strong>Portaria do MEC n\u00ba 2.051\/2004 (Regulamenta os procedimentos de avalia\u00e7\u00e3o do Sistema Nacional de Avalia\u00e7\u00e3o da Educa\u00e7\u00e3o Superior (SINAES), institu\u00eddo na Lei n\u00ba 10.861\/2004):<\/strong><\/p>\n\n\n\n<p><a href=\"https:\/\/www.ifbaiano.edu.br\/unidades\/lapa\/files\/2019\/11\/PORTARIA_2051-2004.pdf\">https:\/\/www.ifbaiano.edu.br\/unidades\/lapa\/files\/2019\/11\/PORTARIA_2051-2004.pdf<\/a><\/p>\n\n\n\n<p><strong>Resolu\u00e7\u00e3o n\u00ba 14\/2015 do Conselho Superior do IF Baiano (Regimento Interno da CPA)<\/strong>: <a href=\"https:\/\/www.ifbaiano.edu.br\/reitoria\/wp-content\/uploads\/2012\/09\/resolucao_14-2015_alteracao_regimento_cpa_-ifbaiano.pdf\">https:\/\/www.ifbaiano.edu.br\/reitoria\/wp-content\/uploads\/2012\/09\/resolucao_14-2015_alteracao_regimento_cpa_-ifbaiano.pdf<\/a><\/p>\n\n\n\n<p><strong>PDI<\/strong><\/p>\n\n\n\n<p><a href=\"https:\/\/ifbaiano.edu.br\/portal\/comissoes\/comissao-propria-de-avaliacao\/relatorios-da-cpa\/\"><strong>Relat\u00f3rios de Autoavalia\u00e7\u00e3o Institucional: <\/strong>https:\/\/ifbaiano.edu.br\/portal\/comissoes\/comissao-propria-de-avaliacao\/relatorios-da-cpa\/<\/a><\/p>\n\n\n\n<p><strong>Portarias da CPA Local<\/strong><\/p>\n\n\n\n<p><a href=\"https:\/\/www.ifbaiano.edu.br\/unidades\/teixeira\/files\/2023\/08\/Portaria-no-117-de-2023.pdf\">Portaria n\u00ba 177 de 2023 <\/a><\/p>\n\n\n\n<p><a href=\"https:\/\/www.ifbaiano.edu.br\/unidades\/teixeira\/files\/2023\/07\/Portaria-no-22-de-2023.pdf\">Portaria n\u00ba 22 de 2023<\/a><\/p>\n\n\n\n<p><a href=\"https:\/\/www.ifbaiano.edu.br\/unidades\/teixeira\/files\/2023\/07\/Portaria-no-118-de-2022.pdf\">Portaria n\u00ba 118 de 2022<\/a><\/p>\n\n\n\n<p><a href=\"https:\/\/www.ifbaiano.edu.br\/unidades\/teixeira\/files\/2023\/07\/Portaria-no-73-de-2020.pdf\">Portaria n\u00ba 73 de 2020<\/a><\/p>\n\n\n\n<p><a href=\"https:\/\/www.ifbaiano.edu.br\/unidades\/teixeira\/files\/2023\/07\/Portaria-no-71-de-2020.pdf\">Portaria n\u00ba 71 de 2020<\/a><\/p>\n\n\n\n<p><a href=\"https:\/\/www.ifbaiano.edu.br\/unidades\/teixeira\/files\/2023\/07\/Portaria-no-31-de-2018.pdf\">Portaria n\u00ba 31 de 2018<\/a><\/p>\n\n\n\n<p><\/p>\n\n\n\n<hr class=\"wp-block-separator has-alpha-channel-opacity\" \/>\n\n\n\n<p><strong>Atas da CPA Bi\u00eanio 2022-2024<\/strong><\/p>\n\n\n\n<p><a href=\"https:\/\/www.ifbaiano.edu.br\/unidades\/teixeira\/files\/2023\/08\/1a-ata-da-CPA.pdf\">ATA DA 1\u00aa REUNI\u00c3O ORDIN\u00c1RIA-2023<\/a><\/p>\n\n\n\n<p><a href=\"https:\/\/www.ifbaiano.edu.br\/unidades\/teixeira\/files\/2023\/08\/2a-ata-da-CPA.pdf\">ATA DA 2\u00aa REUNI\u00c3O ORDIN\u00c1RIA-2023<\/a><\/p>\n\n\n\n<p><a href=\"https:\/\/www.ifbaiano.edu.br\/unidades\/teixeira\/files\/2023\/08\/3a-ata-da-CPA.pdf\">ATA DA 3\u00aa REUNI\u00c3O ORDIN\u00c1RIA-2023<\/a><\/p>\n\n\n\n<p><a href=\"https:\/\/www.ifbaiano.edu.br\/unidades\/teixeira\/files\/2023\/08\/4a-ata-da-CPA.pdf\">ATA DA 4\u00aa REUNI\u00c3O ORDIN\u00c1RIA-2023<\/a><\/p>\n\n\n\n<p><a href=\"https:\/\/www.ifbaiano.edu.br\/unidades\/teixeira\/files\/2023\/08\/5a-ata-da-CPA.pdf\">ATA DA 5\u00aa REUNI\u00c3O ORDIN\u00c1RIA-2023<\/a><\/p>\n\n\n\n<hr class=\"wp-block-separator has-alpha-channel-opacity\" \/>\n\n\n\n<p><a href=\"https:\/\/www.ifbaiano.edu.br\/unidades\/teixeira\/files\/2023\/08\/Projeto-de-Autoavaliacao-Institucional-2021-2023.pdf\">PROJETO DE AUTOAVALIA\u00c7\u00c3O INSTITUCIONAL 2021-2023<\/a><\/p>\n\n\n\n<p><\/p>\n","protected":false},"excerpt":{"rendered":"<p>O que \u00e9 CPA? Comiss\u00e3o Pr\u00f3pria de Avalia\u00e7\u00e3o, institu\u00edda pelo Sistema Nacional de Avalia\u00e7\u00e3o da Educa\u00e7\u00e3o Superior \u2013 SINAES, conforme previsto lei federal n\u00ba 10861\/2004, tendo como uma das suas principais atribui\u00e7\u00f5es a implanta\u00e7\u00e3o e o desenvolvimento de processos de avalia\u00e7\u00e3o institucional. Quais s\u00e3o os objetivos? Coletar dados, sistematizar informa\u00e7\u00f5es, analisar coletivamente os significados de [&hellip;]<\/p>\n","protected":false},"author":152,"featured_media":0,"parent":0,"menu_order":0,"comment_status":"closed","ping_status":"closed","template":"","meta":[],"_links":{"self":[{"href":"https:\/\/www.ifbaiano.edu.br\/unidades\/teixeira\/wp-json\/wp\/v2\/pages\/12398"}],"collection":[{"href":"https:\/\/www.ifbaiano.edu.br\/unidades\/teixeira\/wp-json\/wp\/v2\/pages"}],"about":[{"href":"https:\/\/www.ifbaiano.edu.br\/unidades\/teixeira\/wp-json\/wp\/v2\/types\/page"}],"author":[{"embeddable":true,"href":"https:\/\/www.ifbaiano.edu.br\/unidades\/teixeira\/wp-json\/wp\/v2\/users\/152"}],"replies":[{"embeddable":true,"href":"https:\/\/www.ifbaiano.edu.br\/unidades\/teixeira\/wp-json\/wp\/v2\/comments?post=12398"}],"version-history":[{"count":6,"href":"https:\/\/www.ifbaiano.edu.br\/unidades\/teixeira\/wp-json\/wp\/v2\/pages\/12398\/revisions"}],"predecessor-version":[{"id":12699,"href":"https:\/\/www.ifbaiano.edu.br\/unidades\/teixeira\/wp-json\/wp\/v2\/pages\/12398\/revisions\/12699"}],"wp:attachment":[{"href":"https:\/\/www.ifbaiano.edu.br\/unidades\/teixeira\/wp-json\/wp\/v2\/media?parent=12398"}],"curies":[{"name":"wp","href":"https:\/\/api.w.org\/{rel}","templated":true}]}}