{"id":125,"date":"2011-05-19T16:44:38","date_gmt":"2011-05-19T16:44:38","guid":{"rendered":"http:\/\/localhost\/unidades\/bonfim\/?page_id=125"},"modified":"2024-09-18T10:57:25","modified_gmt":"2024-09-18T13:57:25","slug":"cae","status":"publish","type":"page","link":"https:\/\/www.ifbaiano.edu.br\/unidades\/teixeira\/aluno\/cae\/","title":{"rendered":"Assuntos Estudantis"},"content":{"rendered":"\n<p>A Coordena\u00e7\u00e3o de Assuntos Estudantis \u00e9 um dos setores que comp\u00f5em o Departamento de Ensino do <em>Campus<\/em> de Teixeira de Freitas. O setor \u00e9 respons\u00e1vel pelo gerenciamento das Pol\u00edticas Estudantis e da dimens\u00e3o disciplinar dos estudantes. A Coordena\u00e7\u00e3o busca atender todas as demandas dos estudantes desde seu acesso, sua perman\u00eancia e seu \u00eaxito na Educa\u00e7\u00e3o. Esta equipe tamb\u00e9m tem o apoio da Coordena\u00e7\u00e3o Geral de Ensino, realizando um trabalho integrado para garantir o cumprimento das metas institucionais.<\/p>\n\n\n\n<p>Fazem parte da equipe:<\/p>\n\n\n\n<p><strong>Lucas Fragassi<\/strong><br>Coordenador de Assuntos Estudantis <br>E-mail: cae@teixeira.ifbaiano.edu.br<\/p>\n\n\n\n<p><strong>Cristiany Santana Monteiro<\/strong><br>Assistente de Alunos<br>E-mail:&nbsp;cristiany.monteiro@teixeira.ifbaiano.edu.br<\/p>\n\n\n\n<p><strong>Diego Ramos dos Santos<\/strong><br>Assistente de Alunos<br>E-mail: diego.santos@teixeira.ifbaiano.edu.br<\/p>\n\n\n\n<p><strong>La\u00eds de Jesus Nascimento<\/strong><br>Nutricionista<br>E-mail:&nbsp;refeitorio@teixeira.ifbaiano.edu.br<\/p>\n\n\n\n<p><strong>Jardelson Rocha Oliveira<\/strong><br>Fun\u00e7\u00e3o: Enfermeiro<\/p>\n\n\n\n<p><strong>Dalila Lopes<\/strong><br>Psic\u00f3loga<br>E-mail:&nbsp;dalila.lopes@ifbaiano.edu.br<br><\/p>\n\n\n\n<p><strong>Tainan Bogo<\/strong><br>Assistente Social<br>E-mail:&nbsp; tainan.bogo@ifbaiano.edu.br<\/p>\n\n\n\n<p><strong>Maximillan Leite<\/strong><br>Odont\u00f3logo <br>E-mail:&nbsp; maximillan.leite@ifbaiano.edu.br<\/p>\n\n\n\n<p><strong>Marilene Fontoura<\/strong><br>Assistente de Aluno<br>E-mail:&nbsp; marilene.fontoura@ifbaiano.edu.br<\/p>\n\n\n\n<p><strong>Raoni Amaral<\/strong><br>Assistente de Aluno<br>E-mail:&nbsp; raoni.amaral@ifbaiano.edu.br<\/p>\n\n\n\n<hr class=\"wp-block-separator has-alpha-channel-opacity\" \/>\n\n\n\n<p><strong>Estagi\u00e1rios CAE<\/strong><\/p>\n\n\n\n<p>E-mail:&nbsp;cae.estagiarios@ifbaiano.edu.br<\/p>\n\n\n\n<p><strong>Endere\u00e7o para Registros, reclama\u00e7\u00f5es, contribui\u00e7\u00f5es&#8230;etc. (garantindo o anonimato):<\/strong><\/p>\n\n\n\n<p>registros.cae@teixeira.ifbaiano.edu.br<\/p>\n","protected":false},"excerpt":{"rendered":"<p>A Coordena\u00e7\u00e3o de Assuntos Estudantis \u00e9 um dos setores que comp\u00f5em o Departamento de Ensino do Campus de Teixeira de Freitas. O setor \u00e9 respons\u00e1vel pelo gerenciamento das Pol\u00edticas Estudantis e da dimens\u00e3o disciplinar dos estudantes. A Coordena\u00e7\u00e3o busca atender todas as demandas dos estudantes desde seu acesso, sua perman\u00eancia e seu \u00eaxito na Educa\u00e7\u00e3o. [&hellip;]<\/p>\n","protected":false},"author":1,"featured_media":0,"parent":56,"menu_order":0,"comment_status":"closed","ping_status":"closed","template":"","meta":[],"_links":{"self":[{"href":"https:\/\/www.ifbaiano.edu.br\/unidades\/teixeira\/wp-json\/wp\/v2\/pages\/125"}],"collection":[{"href":"https:\/\/www.ifbaiano.edu.br\/unidades\/teixeira\/wp-json\/wp\/v2\/pages"}],"about":[{"href":"https:\/\/www.ifbaiano.edu.br\/unidades\/teixeira\/wp-json\/wp\/v2\/types\/page"}],"author":[{"embeddable":true,"href":"https:\/\/www.ifbaiano.edu.br\/unidades\/teixeira\/wp-json\/wp\/v2\/users\/1"}],"replies":[{"embeddable":true,"href":"https:\/\/www.ifbaiano.edu.br\/unidades\/teixeira\/wp-json\/wp\/v2\/comments?post=125"}],"version-history":[{"count":23,"href":"https:\/\/www.ifbaiano.edu.br\/unidades\/teixeira\/wp-json\/wp\/v2\/pages\/125\/revisions"}],"predecessor-version":[{"id":14039,"href":"https:\/\/www.ifbaiano.edu.br\/unidades\/teixeira\/wp-json\/wp\/v2\/pages\/125\/revisions\/14039"}],"up":[{"embeddable":true,"href":"https:\/\/www.ifbaiano.edu.br\/unidades\/teixeira\/wp-json\/wp\/v2\/pages\/56"}],"wp:attachment":[{"href":"https:\/\/www.ifbaiano.edu.br\/unidades\/teixeira\/wp-json\/wp\/v2\/media?parent=125"}],"curies":[{"name":"wp","href":"https:\/\/api.w.org\/{rel}","templated":true}]}}