{"id":13065,"date":"2024-02-01T09:18:27","date_gmt":"2024-02-01T12:18:27","guid":{"rendered":"https:\/\/www.ifbaiano.edu.br\/unidades\/teixeira\/?page_id=13065"},"modified":"2024-02-01T09:18:27","modified_gmt":"2024-02-01T12:18:27","slug":"alana-araujo-dos-santos","status":"publish","type":"page","link":"https:\/\/www.ifbaiano.edu.br\/unidades\/teixeira\/alana-araujo-dos-santos\/","title":{"rendered":"Alana Araujo dos Santos"},"content":{"rendered":"\n<p>Sou Professora do Ensino B\u00e1sico, T\u00e9cnico e Tecnol\u00f3gico, do Instituto Federal de Educa\u00e7\u00e3o, Ci\u00eancia e Tecnologia Baiano &#8211; IF Baiano, desde 2010. Possuo Licenciatura (2007) e Bacharelado (2009) em Ci\u00eancias Biol\u00f3gicas, pela Universidade Estadual de Feira de Santana (UEFS), Bahia. Sou Mestra (2010) e Doutora (2017) em Bot\u00e2nica, pelo Programa de P\u00f3s-Gradua\u00e7\u00e3o em Bot\u00e2nica, da Universidade Estadual de Feira de Santana (UEFS), Bahia. Atuei como docente no IF Baiano, Campus Valen\u00e7a, entre 2010-2019, nos cursos t\u00e9cnicos em Meio Ambiente, Agroecologia e Agropecu\u00e1ria. Desde 2019, atuo como docente no IF Baiano, Campus Teixeira de Freitas, no Bacharelado em Ci\u00eancias Agron\u00f4micas e nos Cursos T\u00e9cnicos em Agropecu\u00e1ria, Florestas e Administra\u00e7\u00e3o, bem como coordeno a Especializa\u00e7\u00e3o em Ensino de Ci\u00eancias Naturais e Matem\u00e1tica. Em pesquisa, tenho experi\u00eancia em Taxonomia, Sistem\u00e1tica e DNA Barcoding de macroalgas (Rhodophyta, Chlorophyta e Ochrophyta) e taxonomia de microalgas continentais. Desde 2011, oriento estudantes nestas linhas de pesquisa e suas m\u00faltiplas aplica\u00e7\u00f5es.<strong>\u00a0(Texto informado pelo autor)<\/strong><\/p>\n\n\n\n<p>Lattes: <a href=\"http:\/\/lattes.cnpq.br\/3535325553286070\">http:\/\/lattes.cnpq.br\/3535325553286070<\/a><\/p>\n\n\n\n<hr class=\"wp-block-separator has-alpha-channel-opacity\" \/>\n\n\n\n<p>Plano de Trabalho Docente &#8211; PIT<\/p>\n\n\n\n<p><a href=\"https:\/\/www.ifbaiano.edu.br\/unidades\/teixeira\/files\/2024\/02\/Alana-dos-Santos-PIT-2022.1.pdf\">2022.1<\/a><\/p>\n\n\n\n<p><a href=\"https:\/\/www.ifbaiano.edu.br\/unidades\/teixeira\/files\/2024\/02\/Alana-Araujo-PIT-2022.2.pdf\">2022.2<\/a><\/p>\n\n\n\n<p><a href=\"https:\/\/www.ifbaiano.edu.br\/unidades\/teixeira\/files\/2024\/02\/Alana-Araujo-PIT-2023.1.pdf\">2023.1<\/a><\/p>\n\n\n\n<p><a href=\"https:\/\/www.ifbaiano.edu.br\/unidades\/teixeira\/files\/2024\/02\/Alana-Araujo-PIT-2023.2.pdf\">2023.2<\/a><\/p>\n\n\n\n<p>Relat\u00f3rio de Atividade Docente &#8211; RIT<\/p>\n\n\n\n<p><a href=\"https:\/\/www.ifbaiano.edu.br\/unidades\/teixeira\/files\/2024\/02\/Alana-dos-Santos-RIT-2022.1.pdf\">2022.1<\/a><\/p>\n\n\n\n<p><a href=\"https:\/\/www.ifbaiano.edu.br\/unidades\/teixeira\/files\/2024\/02\/Alana-Araujo-RIT-2022.2.pdf\">2022.2<\/a><\/p>\n\n\n\n<p><a href=\"https:\/\/www.ifbaiano.edu.br\/unidades\/teixeira\/files\/2024\/02\/Alana-Araujo-RIT-2023.1.pdf\">2023.1<\/a><\/p>\n\n\n\n<p>2023.2<\/p>\n","protected":false},"excerpt":{"rendered":"<p>Sou Professora do Ensino B\u00e1sico, T\u00e9cnico e Tecnol\u00f3gico, do Instituto Federal de Educa\u00e7\u00e3o, Ci\u00eancia e Tecnologia Baiano &#8211; IF Baiano, desde 2010. Possuo Licenciatura (2007) e Bacharelado (2009) em Ci\u00eancias Biol\u00f3gicas, pela Universidade Estadual de Feira de Santana (UEFS), Bahia. Sou Mestra (2010) e Doutora (2017) em Bot\u00e2nica, pelo Programa de P\u00f3s-Gradua\u00e7\u00e3o em Bot\u00e2nica, da [&hellip;]<\/p>\n","protected":false},"author":152,"featured_media":0,"parent":0,"menu_order":0,"comment_status":"closed","ping_status":"closed","template":"","meta":[],"_links":{"self":[{"href":"https:\/\/www.ifbaiano.edu.br\/unidades\/teixeira\/wp-json\/wp\/v2\/pages\/13065"}],"collection":[{"href":"https:\/\/www.ifbaiano.edu.br\/unidades\/teixeira\/wp-json\/wp\/v2\/pages"}],"about":[{"href":"https:\/\/www.ifbaiano.edu.br\/unidades\/teixeira\/wp-json\/wp\/v2\/types\/page"}],"author":[{"embeddable":true,"href":"https:\/\/www.ifbaiano.edu.br\/unidades\/teixeira\/wp-json\/wp\/v2\/users\/152"}],"replies":[{"embeddable":true,"href":"https:\/\/www.ifbaiano.edu.br\/unidades\/teixeira\/wp-json\/wp\/v2\/comments?post=13065"}],"version-history":[{"count":3,"href":"https:\/\/www.ifbaiano.edu.br\/unidades\/teixeira\/wp-json\/wp\/v2\/pages\/13065\/revisions"}],"predecessor-version":[{"id":13075,"href":"https:\/\/www.ifbaiano.edu.br\/unidades\/teixeira\/wp-json\/wp\/v2\/pages\/13065\/revisions\/13075"}],"wp:attachment":[{"href":"https:\/\/www.ifbaiano.edu.br\/unidades\/teixeira\/wp-json\/wp\/v2\/media?parent=13065"}],"curies":[{"name":"wp","href":"https:\/\/api.w.org\/{rel}","templated":true}]}}