{"id":13077,"date":"2024-02-01T09:23:17","date_gmt":"2024-02-01T12:23:17","guid":{"rendered":"https:\/\/www.ifbaiano.edu.br\/unidades\/teixeira\/?page_id=13077"},"modified":"2024-02-01T09:23:17","modified_gmt":"2024-02-01T12:23:17","slug":"alberto-tomo-chirinda","status":"publish","type":"page","link":"https:\/\/www.ifbaiano.edu.br\/unidades\/teixeira\/alberto-tomo-chirinda\/","title":{"rendered":"Alberto Tomo Chirinda"},"content":{"rendered":"\n<p>Desde Mar\u00e7o de 2023, Doutorando do Programa do P\u00f3s-Gradua\u00e7\u00e3o em Zootecnia, \u00c0rea de Concentra\u00e7\u00e3o: Produ\u00e7\u00e3o Animal, da Universidade Fereral da Bahia (UFBA). Possui gradua\u00e7\u00e3o em ENGENHARIA FLORESTAL pela Universidade Eduardo Mondlane (1988, Maputo, Mo\u00e7ambique) e Mestrado em CI\u00caNCIAS FLORESTAIS pela Universidade Federal do Paran\u00e1 (1994, Curitiba, Brasil). Em 1986 e 1987 foi Monitor da \u00c1rea de Explora\u00e7\u00e3o e Transporte Florestal, em 1989 foi contratado como Professor-Estagi\u00e1rio do Departamento de Engenharia Florestal da Universidade Eduardo Mondlane tendo sido promovido a Professor-Assistente no ano de 1994. Tem vasta experi\u00eancia no Ensino T\u00e9cnico Florestal. Primeiro, no Col\u00e9gio Florestal &#8221; Presidente Costa e Silva&#8221; em Irati, Paran\u00e1 (2005-2009) e desde 2011 \u00e9 Professor concursado EBTT no Instituto Federal de Educa\u00e7\u00e3o, Ci\u00eancia e Tecnologia Baiano (IFBaiano)- C\u00e2mpus Teixeira de Freitas, tendo sido redistribu\u00eddo para o Instituto Federal do Sudeste de Minas Gerais (IFSUDESMG- C\u00e2mpus Rio Pomba) de 2015 at\u00e9 2018. Atua nas disciplinas ligadas \u00e0 Silvicultura e Mecaniza\u00e7\u00e3o e Colheita Florestal. Na \u00e1rea cultural atua na divulga\u00e7\u00e3o da Cultura Africana no Brasil tendo j\u00e1 realizado um Programa Radiof\u00f4nico intitulado &#8220;Afrikc Kaya- a m\u00fasica africana em sua casa (2000-02) na R\u00e1dio Educativa, FM 97.1 em Curitiba, Paran\u00e1. Divulga o jogo de Tabuleiro Ntxuva nas escolas como material pedag\u00f3gico importante na implementa\u00e7\u00e3o da Lei 10639\/23. \u00c9 membro do NEABI.<strong>\u00a0(Texto informado pelo autor)<\/strong><\/p>\n\n\n\n<p>Lattes: <a href=\"http:\/\/lattes.cnpq.br\/4634519980442452\">http:\/\/lattes.cnpq.br\/4634519980442452<\/a><\/p>\n\n\n\n<hr class=\"wp-block-separator has-alpha-channel-opacity\" \/>\n\n\n\n<p><\/p>\n","protected":false},"excerpt":{"rendered":"<p>Desde Mar\u00e7o de 2023, Doutorando do Programa do P\u00f3s-Gradua\u00e7\u00e3o em Zootecnia, \u00c0rea de Concentra\u00e7\u00e3o: Produ\u00e7\u00e3o Animal, da Universidade Fereral da Bahia (UFBA). Possui gradua\u00e7\u00e3o em ENGENHARIA FLORESTAL pela Universidade Eduardo Mondlane (1988, Maputo, Mo\u00e7ambique) e Mestrado em CI\u00caNCIAS FLORESTAIS pela Universidade Federal do Paran\u00e1 (1994, Curitiba, Brasil). Em 1986 e 1987 foi Monitor da \u00c1rea [&hellip;]<\/p>\n","protected":false},"author":152,"featured_media":0,"parent":0,"menu_order":0,"comment_status":"closed","ping_status":"closed","template":"","meta":[],"_links":{"self":[{"href":"https:\/\/www.ifbaiano.edu.br\/unidades\/teixeira\/wp-json\/wp\/v2\/pages\/13077"}],"collection":[{"href":"https:\/\/www.ifbaiano.edu.br\/unidades\/teixeira\/wp-json\/wp\/v2\/pages"}],"about":[{"href":"https:\/\/www.ifbaiano.edu.br\/unidades\/teixeira\/wp-json\/wp\/v2\/types\/page"}],"author":[{"embeddable":true,"href":"https:\/\/www.ifbaiano.edu.br\/unidades\/teixeira\/wp-json\/wp\/v2\/users\/152"}],"replies":[{"embeddable":true,"href":"https:\/\/www.ifbaiano.edu.br\/unidades\/teixeira\/wp-json\/wp\/v2\/comments?post=13077"}],"version-history":[{"count":1,"href":"https:\/\/www.ifbaiano.edu.br\/unidades\/teixeira\/wp-json\/wp\/v2\/pages\/13077\/revisions"}],"predecessor-version":[{"id":13078,"href":"https:\/\/www.ifbaiano.edu.br\/unidades\/teixeira\/wp-json\/wp\/v2\/pages\/13077\/revisions\/13078"}],"wp:attachment":[{"href":"https:\/\/www.ifbaiano.edu.br\/unidades\/teixeira\/wp-json\/wp\/v2\/media?parent=13077"}],"curies":[{"name":"wp","href":"https:\/\/api.w.org\/{rel}","templated":true}]}}