{"id":13080,"date":"2024-02-01T09:34:56","date_gmt":"2024-02-01T12:34:56","guid":{"rendered":"https:\/\/www.ifbaiano.edu.br\/unidades\/teixeira\/?page_id=13080"},"modified":"2025-01-08T10:50:55","modified_gmt":"2025-01-08T13:50:55","slug":"alexandra-bomfim-de-oliveira","status":"publish","type":"page","link":"https:\/\/www.ifbaiano.edu.br\/unidades\/teixeira\/alexandra-bomfim-de-oliveira\/","title":{"rendered":"Alexandra Bomfim de Oliveira"},"content":{"rendered":"\n<p>Licenciada em Ci\u00eancias Biol\u00f3gicas (2007) e Mestre em Sistemas Aqu\u00e1ticos Tropicais (\u00c1rea CAPES: Ecologia) (2010) pela Universidade Estadual de Santa Cruz, Ilh\u00e9us &#8211; Bahia, BRA. Atou por dois anos com extens\u00e3o rural direcionada a agricultura familiar no Territ\u00f3rio do Litoral Sul &#8211; Bahia, BRA. Desde 2013, faz parte do quadro efetivo de servidores do Instituto Federal Baiano Campus Teixeira de Freitas, BRA. Atualmente, leciona nos curso superiores de Especializa\u00e7\u00e3o em Ensino de Ci\u00eancias Naturais e Matem\u00e1tica e Gradua\u00e7\u00e3o em Engenharia Agron\u00f4mica, e exerce desde 2022 o cargo de Dire\u00e7\u00e3o Acad\u00eamica do IF Baiano Campus Teixeira de Freitas.<strong>&nbsp;(Texto informado pelo autor)<\/strong><\/p>\n\n\n\n<p>Lattes: <a href=\"http:\/\/lattes.cnpq.br\/2796159535209830\">http:\/\/lattes.cnpq.br\/2796159535209830<\/a><\/p>\n\n\n\n<hr class=\"wp-block-separator has-alpha-channel-opacity\" \/>\n\n\n\n<p><strong>Plano de Trabalho Docente \u2013 PIT<\/strong><\/p>\n\n\n\n<p><a href=\"https:\/\/www.ifbaiano.edu.br\/unidades\/teixeira\/files\/2024\/02\/Alexandra-Oliveira-PIT-2022.1.pdf\">2022.1<\/a><\/p>\n\n\n\n<p><a href=\"https:\/\/www.ifbaiano.edu.br\/unidades\/teixeira\/files\/2024\/02\/Alexandra-Bomfim-PIT-2022.2.pdf\">2022.2<\/a><\/p>\n\n\n\n<p><a href=\"https:\/\/www.ifbaiano.edu.br\/unidades\/teixeira\/files\/2024\/02\/Alexandra-Bomfim-PIT-2023.1.pdf\">2023.1<\/a><\/p>\n\n\n\n<p><a href=\"https:\/\/www.ifbaiano.edu.br\/unidades\/teixeira\/files\/2024\/02\/Alexandra-Bomfim-PIT-2023.2.pdf\">2023.2<\/a><\/p>\n\n\n\n<p><a href=\"https:\/\/www.ifbaiano.edu.br\/unidades\/teixeira\/files\/2025\/01\/Alexandra-PIT-2024.1.pdf\">2024.1<\/a><\/p>\n\n\n\n<p><a href=\"https:\/\/www.ifbaiano.edu.br\/unidades\/teixeira\/files\/2025\/01\/Alexandra-PIT-2024.2.pdf\">2024.2<\/a><\/p>\n\n\n\n<p><strong>Relat\u00f3rio de Atividade Docente \u2013 RIT<\/strong><\/p>\n\n\n\n<p><a href=\"https:\/\/www.ifbaiano.edu.br\/unidades\/teixeira\/files\/2024\/02\/Alexandra-Oliveira-RIT-2022.2.pdf\">2022.1<\/a><\/p>\n\n\n\n<p><a href=\"https:\/\/www.ifbaiano.edu.br\/unidades\/teixeira\/files\/2024\/02\/Alexandra-Bomfim-RIT-2022.2.pdf\">2022.2<\/a><\/p>\n\n\n\n<p><a href=\"https:\/\/www.ifbaiano.edu.br\/unidades\/teixeira\/files\/2024\/02\/Alexandra-Bomfim-RIT-2023.1.pdf\">2023.1<\/a><\/p>\n\n\n\n<p><a href=\"https:\/\/www.ifbaiano.edu.br\/unidades\/teixeira\/files\/2025\/01\/Alexandra-RIT-2023.2.pdf\">2023.2<\/a><\/p>\n\n\n\n<p><a href=\"https:\/\/www.ifbaiano.edu.br\/unidades\/teixeira\/files\/2025\/01\/Alexandra-rit-2024.1.pdf\">2024.1<\/a><\/p>\n\n\n\n<p><a href=\"https:\/\/www.ifbaiano.edu.br\/unidades\/teixeira\/files\/2025\/01\/Alexandra-RIT-2024.2.pdf\">2024.2<\/a><\/p>\n","protected":false},"excerpt":{"rendered":"<p>Licenciada em Ci\u00eancias Biol\u00f3gicas (2007) e Mestre em Sistemas Aqu\u00e1ticos Tropicais (\u00c1rea CAPES: Ecologia) (2010) pela Universidade Estadual de Santa Cruz, Ilh\u00e9us &#8211; Bahia, BRA. Atou por dois anos com extens\u00e3o rural direcionada a agricultura familiar no Territ\u00f3rio do Litoral Sul &#8211; Bahia, BRA. Desde 2013, faz parte do quadro efetivo de servidores do Instituto [&hellip;]<\/p>\n","protected":false},"author":152,"featured_media":0,"parent":0,"menu_order":0,"comment_status":"closed","ping_status":"closed","template":"","meta":[],"_links":{"self":[{"href":"https:\/\/www.ifbaiano.edu.br\/unidades\/teixeira\/wp-json\/wp\/v2\/pages\/13080"}],"collection":[{"href":"https:\/\/www.ifbaiano.edu.br\/unidades\/teixeira\/wp-json\/wp\/v2\/pages"}],"about":[{"href":"https:\/\/www.ifbaiano.edu.br\/unidades\/teixeira\/wp-json\/wp\/v2\/types\/page"}],"author":[{"embeddable":true,"href":"https:\/\/www.ifbaiano.edu.br\/unidades\/teixeira\/wp-json\/wp\/v2\/users\/152"}],"replies":[{"embeddable":true,"href":"https:\/\/www.ifbaiano.edu.br\/unidades\/teixeira\/wp-json\/wp\/v2\/comments?post=13080"}],"version-history":[{"count":6,"href":"https:\/\/www.ifbaiano.edu.br\/unidades\/teixeira\/wp-json\/wp\/v2\/pages\/13080\/revisions"}],"predecessor-version":[{"id":14705,"href":"https:\/\/www.ifbaiano.edu.br\/unidades\/teixeira\/wp-json\/wp\/v2\/pages\/13080\/revisions\/14705"}],"wp:attachment":[{"href":"https:\/\/www.ifbaiano.edu.br\/unidades\/teixeira\/wp-json\/wp\/v2\/media?parent=13080"}],"curies":[{"name":"wp","href":"https:\/\/api.w.org\/{rel}","templated":true}]}}