{"id":13090,"date":"2024-02-01T09:39:38","date_gmt":"2024-02-01T12:39:38","guid":{"rendered":"https:\/\/www.ifbaiano.edu.br\/unidades\/teixeira\/?page_id=13090"},"modified":"2025-01-08T10:44:54","modified_gmt":"2025-01-08T13:44:54","slug":"aline-fonseca-gomes","status":"publish","type":"page","link":"https:\/\/www.ifbaiano.edu.br\/unidades\/teixeira\/aline-fonseca-gomes\/","title":{"rendered":"Aline Fonseca Gomes"},"content":{"rendered":"\n<p><\/p>\n\n\n\n<p>Doutora em Desenvolvimento Regional e Urbano pela Universidade Salvador (UNIFACS), Mestre em Administra\u00e7\u00e3o pela Universidade Federal da Bahia (UFBA), Especialista em Pol\u00edtica do Planejamento Pedag\u00f3gico pela Universidade do Estado da Bahia (UNEB), Graduada em Administra\u00e7\u00e3o de Empresas pela Faculdade de Tecnologia e Ci\u00eancias (FTC), Licenciada em Gest\u00e3o pela Universidade do Minho (UMinho). Cursando Licenciatura em Letras pela Uninter.Participou do PDEE &#8211; Programa de Doutorado no Pa\u00eds com Est\u00e1gio no Exterior da Coordena\u00e7\u00e3o de Aperfei\u00e7oamento de Pessoal de N\u00edvel Superior (CAPES), na Universidade do Minho, Escola de Economia e Gest\u00e3o, em Braga &#8211; Portugal. Foi bolsista pesquisadora de ag\u00eancias de fomento a pesquisa: FAPESB e CAPES. Consultora organizacional formada pelo Programa de Capacita\u00e7\u00e3o e de Forma\u00e7\u00e3o de Multiplicadores de Conhecimentos da Funda\u00e7\u00e3o Instituto de Administra\u00e7\u00e3o, promovido pelo Conselho Federal de Administra\u00e7\u00e3o.Tem experi\u00eancia nas \u00e1reas de Ci\u00eancias Sociais Aplicadas e atua principalmente com os temas: desempenho organizacional, gest\u00e3o da qualidade, gerenciamento, gest\u00e3o de processos, gest\u00e3o p\u00fablica, administra\u00e7\u00e3o estrat\u00e9gica, administra\u00e7\u00e3o da produ\u00e7\u00e3o, aprendizagem organizacional, sistemas de informa\u00e7\u00e3o, did\u00e1tica do ensino superior, gest\u00e3o p\u00fablica, gest\u00e3o de pessoas, ensino h\u00edbrido, metodologias ativas de aprendizagem e pesquisa cientifica, educa\u00e7\u00e3o profissional e tecnol\u00f3gica, empregabilidade.Certificada Formadora Pedag\u00f3gica pelo Instituto do Emprego e Forma\u00e7\u00e3o Profissional &#8211; Certificado n. F648088\/2016.Docente do Ensino B\u00e1sico, T\u00e9cnico e Tecnol\u00f3gico do Instituto Federal de Educa\u00e7\u00e3o, Ci\u00eancia e Tecnologia Baiano &#8211; IF Baiano.<strong>&nbsp;(Texto informado pelo autor)<\/strong><\/p>\n\n\n\n<p>Lattes: http:\/\/lattes.cnpq.br\/1317795059868209<\/p>\n\n\n\n<hr class=\"wp-block-separator has-alpha-channel-opacity\" \/>\n\n\n\n<p>Plano de Trabalho Docente &#8211; PIT<\/p>\n\n\n\n<p><a href=\"https:\/\/www.ifbaiano.edu.br\/unidades\/teixeira\/files\/2024\/02\/Aline-Gomes-PIT-2022.1.pdf\">2022.1<\/a><\/p>\n\n\n\n<p><a href=\"https:\/\/www.ifbaiano.edu.br\/unidades\/teixeira\/files\/2024\/02\/Aline-Gomes-PIT-2022.2.pdf\">2022.2<\/a><\/p>\n\n\n\n<p><a href=\"https:\/\/www.ifbaiano.edu.br\/unidades\/teixeira\/files\/2024\/02\/Aline-Gomes-PIT-2023.1.pdf\">2023.1<\/a><\/p>\n\n\n\n<p><a href=\"https:\/\/www.ifbaiano.edu.br\/unidades\/teixeira\/files\/2024\/02\/Aline-Gomes-PIT-2023.2.pdf\">2023.2<\/a><\/p>\n\n\n\n<p><a href=\"https:\/\/www.ifbaiano.edu.br\/unidades\/teixeira\/files\/2025\/01\/Aline-Gomes-PIT-2024.1.pdf\">2024.<\/a>1<\/p>\n\n\n\n<p><a href=\"https:\/\/www.ifbaiano.edu.br\/unidades\/teixeira\/files\/2025\/01\/Aline-Gomes-PIT-2024.2.pdf\">2024.2<\/a><\/p>\n\n\n\n<p>Relat\u00f3rio de Trabalho Docente &#8211; RIT<\/p>\n\n\n\n<p><a href=\"https:\/\/www.ifbaiano.edu.br\/unidades\/teixeira\/files\/2024\/02\/Aline-Gomes-RIT-2022.1.pdf\">2022.1<\/a><\/p>\n\n\n\n<p><a href=\"https:\/\/www.ifbaiano.edu.br\/unidades\/teixeira\/files\/2024\/02\/Aline-Gomes-RIT-2022.2.pdf\">2022.2<\/a><\/p>\n\n\n\n<p><a href=\"https:\/\/www.ifbaiano.edu.br\/unidades\/teixeira\/files\/2024\/02\/Aline-Gomes-RIT-2023.1.pdf\">2023.1<\/a><\/p>\n\n\n\n<p><a href=\"https:\/\/www.ifbaiano.edu.br\/unidades\/teixeira\/files\/2025\/01\/Aline-Gomes-RIT-2023.2.pdf\">2023.2<\/a><\/p>\n\n\n\n<p><a href=\"https:\/\/www.ifbaiano.edu.br\/unidades\/teixeira\/files\/2025\/01\/Aline-Gomes-Rit-2024.1.pdf\">2024.1<\/a><\/p>\n\n\n\n<p><a href=\"https:\/\/www.ifbaiano.edu.br\/unidades\/teixeira\/files\/2025\/01\/Aline-Gomes-RIT-2024.2.pdf\">2024.2<\/a><\/p>\n","protected":false},"excerpt":{"rendered":"<p>Doutora em Desenvolvimento Regional e Urbano pela Universidade Salvador (UNIFACS), Mestre em Administra\u00e7\u00e3o pela Universidade Federal da Bahia (UFBA), Especialista em Pol\u00edtica do Planejamento Pedag\u00f3gico pela Universidade do Estado da Bahia (UNEB), Graduada em Administra\u00e7\u00e3o de Empresas pela Faculdade de Tecnologia e Ci\u00eancias (FTC), Licenciada em Gest\u00e3o pela Universidade do Minho (UMinho). Cursando Licenciatura em [&hellip;]<\/p>\n","protected":false},"author":152,"featured_media":0,"parent":0,"menu_order":0,"comment_status":"closed","ping_status":"closed","template":"","meta":[],"_links":{"self":[{"href":"https:\/\/www.ifbaiano.edu.br\/unidades\/teixeira\/wp-json\/wp\/v2\/pages\/13090"}],"collection":[{"href":"https:\/\/www.ifbaiano.edu.br\/unidades\/teixeira\/wp-json\/wp\/v2\/pages"}],"about":[{"href":"https:\/\/www.ifbaiano.edu.br\/unidades\/teixeira\/wp-json\/wp\/v2\/types\/page"}],"author":[{"embeddable":true,"href":"https:\/\/www.ifbaiano.edu.br\/unidades\/teixeira\/wp-json\/wp\/v2\/users\/152"}],"replies":[{"embeddable":true,"href":"https:\/\/www.ifbaiano.edu.br\/unidades\/teixeira\/wp-json\/wp\/v2\/comments?post=13090"}],"version-history":[{"count":5,"href":"https:\/\/www.ifbaiano.edu.br\/unidades\/teixeira\/wp-json\/wp\/v2\/pages\/13090\/revisions"}],"predecessor-version":[{"id":14696,"href":"https:\/\/www.ifbaiano.edu.br\/unidades\/teixeira\/wp-json\/wp\/v2\/pages\/13090\/revisions\/14696"}],"wp:attachment":[{"href":"https:\/\/www.ifbaiano.edu.br\/unidades\/teixeira\/wp-json\/wp\/v2\/media?parent=13090"}],"curies":[{"name":"wp","href":"https:\/\/api.w.org\/{rel}","templated":true}]}}