{"id":13100,"date":"2024-02-01T09:44:44","date_gmt":"2024-02-01T12:44:44","guid":{"rendered":"https:\/\/www.ifbaiano.edu.br\/unidades\/teixeira\/?page_id=13100"},"modified":"2025-01-08T10:41:02","modified_gmt":"2025-01-08T13:41:02","slug":"aline-passos-araujo","status":"publish","type":"page","link":"https:\/\/www.ifbaiano.edu.br\/unidades\/teixeira\/aline-passos-araujo\/","title":{"rendered":"Aline Passos Araujo"},"content":{"rendered":"\n<p>Mestre em Educa\u00e7\u00e3o Tecnol\u00f3gica pelo Centro Federal de Educa\u00e7\u00e3o Tecnol\u00f3gica de Minas Gerais &#8211; CEFET\/MG (2018), com foco na forma\u00e7\u00e3o para o trabalho no eixo tecnol\u00f3gico Turismo, Hospitalidade e Lazer. Atua desde 2013 como docente do corpo efetivo do Instituto Federal de Educa\u00e7\u00e3o, Ci\u00eancia e Tecnologia Baiano, na \u00e1rea de Hospitalidade. Possui gradua\u00e7\u00e3o em Turismo com Especializa\u00e7\u00e3o em Doc\u00eancia do Ensino Superior, ambos pela Faculdade do Sul da Bahia &#8211; FASB. Atuou como professora e coordenadora de cursos t\u00e9cnicos de n\u00edvel m\u00e9dio nas \u00e1reas de Turismo e Hospitalidade pela Superintend\u00eancia da Educa\u00e7\u00e3o Profissional da Secretaria de Educa\u00e7\u00e3o do Estado da Bahia (2009 &#8211; 2013).<strong>&nbsp;(Texto informado pelo autor)<\/strong><\/p>\n\n\n\n<p>Lattes: http:\/\/lattes.cnpq.br\/8164845235453312<\/p>\n\n\n\n<hr class=\"wp-block-separator has-alpha-channel-opacity\" \/>\n\n\n\n<p>Plano de Trabalho Docente &#8211; PIT<\/p>\n\n\n\n<p><a href=\"https:\/\/www.ifbaiano.edu.br\/unidades\/teixeira\/files\/2024\/02\/Aline-Passos-PIT-2022.1.pdf\">2022.1<\/a><\/p>\n\n\n\n<p><a href=\"https:\/\/www.ifbaiano.edu.br\/unidades\/teixeira\/files\/2024\/02\/Aline-Passos-PIT-2022.2.pdf\">2022.2<\/a><\/p>\n\n\n\n<p><a href=\"https:\/\/www.ifbaiano.edu.br\/unidades\/teixeira\/files\/2024\/02\/Aline-Passos-PIT-2023.1.pdf\">2023.1<\/a><\/p>\n\n\n\n<p><a href=\"https:\/\/www.ifbaiano.edu.br\/unidades\/teixeira\/files\/2024\/02\/Aline-Passos-PIT-2023.2.pdf\">2023.2<\/a><\/p>\n\n\n\n<p><a href=\"https:\/\/www.ifbaiano.edu.br\/unidades\/teixeira\/files\/2025\/01\/Aline-Passos-PIT-2024.1.pdf\">2024.1<\/a><\/p>\n\n\n\n<p><a href=\"https:\/\/www.ifbaiano.edu.br\/unidades\/teixeira\/files\/2025\/01\/Aline-Passos-PIT-2024.2.pdf\">2024.2<\/a><\/p>\n\n\n\n<p>Relat\u00f3rio de Trabalho Docente &#8211; RIT<\/p>\n\n\n\n<p><a href=\"https:\/\/www.ifbaiano.edu.br\/unidades\/teixeira\/files\/2024\/02\/Aline-Passos-RIT-2022.1.pdf\">2022.1<\/a><\/p>\n\n\n\n<p><a href=\"https:\/\/www.ifbaiano.edu.br\/unidades\/teixeira\/files\/2024\/02\/Aline-Passos-RIT-2022.2.pdf\">2022.2<\/a><\/p>\n\n\n\n<p><a href=\"https:\/\/www.ifbaiano.edu.br\/unidades\/teixeira\/files\/2024\/02\/Aline-Passos-RIT-2023.1.pdf\">2023.1<\/a><\/p>\n\n\n\n<p><a href=\"https:\/\/www.ifbaiano.edu.br\/unidades\/teixeira\/files\/2025\/01\/Aline-Passos-RIT-2023.2.pdf\">2023.2<\/a><\/p>\n\n\n\n<p><a href=\"https:\/\/www.ifbaiano.edu.br\/unidades\/teixeira\/files\/2025\/01\/Aline-Passos-rit-2024.1.pdf\">2024.1<\/a><\/p>\n\n\n\n<p><a href=\"https:\/\/www.ifbaiano.edu.br\/unidades\/teixeira\/files\/2025\/01\/Aline-Passos-RIT-2024.2.pdf\">2024.2<\/a><\/p>\n","protected":false},"excerpt":{"rendered":"<p>Mestre em Educa\u00e7\u00e3o Tecnol\u00f3gica pelo Centro Federal de Educa\u00e7\u00e3o Tecnol\u00f3gica de Minas Gerais &#8211; CEFET\/MG (2018), com foco na forma\u00e7\u00e3o para o trabalho no eixo tecnol\u00f3gico Turismo, Hospitalidade e Lazer. Atua desde 2013 como docente do corpo efetivo do Instituto Federal de Educa\u00e7\u00e3o, Ci\u00eancia e Tecnologia Baiano, na \u00e1rea de Hospitalidade. Possui gradua\u00e7\u00e3o em Turismo [&hellip;]<\/p>\n","protected":false},"author":152,"featured_media":0,"parent":0,"menu_order":0,"comment_status":"closed","ping_status":"closed","template":"","meta":[],"_links":{"self":[{"href":"https:\/\/www.ifbaiano.edu.br\/unidades\/teixeira\/wp-json\/wp\/v2\/pages\/13100"}],"collection":[{"href":"https:\/\/www.ifbaiano.edu.br\/unidades\/teixeira\/wp-json\/wp\/v2\/pages"}],"about":[{"href":"https:\/\/www.ifbaiano.edu.br\/unidades\/teixeira\/wp-json\/wp\/v2\/types\/page"}],"author":[{"embeddable":true,"href":"https:\/\/www.ifbaiano.edu.br\/unidades\/teixeira\/wp-json\/wp\/v2\/users\/152"}],"replies":[{"embeddable":true,"href":"https:\/\/www.ifbaiano.edu.br\/unidades\/teixeira\/wp-json\/wp\/v2\/comments?post=13100"}],"version-history":[{"count":6,"href":"https:\/\/www.ifbaiano.edu.br\/unidades\/teixeira\/wp-json\/wp\/v2\/pages\/13100\/revisions"}],"predecessor-version":[{"id":14693,"href":"https:\/\/www.ifbaiano.edu.br\/unidades\/teixeira\/wp-json\/wp\/v2\/pages\/13100\/revisions\/14693"}],"wp:attachment":[{"href":"https:\/\/www.ifbaiano.edu.br\/unidades\/teixeira\/wp-json\/wp\/v2\/media?parent=13100"}],"curies":[{"name":"wp","href":"https:\/\/api.w.org\/{rel}","templated":true}]}}