{"id":13110,"date":"2024-02-01T09:55:12","date_gmt":"2024-02-01T12:55:12","guid":{"rendered":"https:\/\/www.ifbaiano.edu.br\/unidades\/teixeira\/?page_id=13110"},"modified":"2024-02-01T09:55:13","modified_gmt":"2024-02-01T12:55:13","slug":"ana-rosa-alves-de-oliveira","status":"publish","type":"page","link":"https:\/\/www.ifbaiano.edu.br\/unidades\/teixeira\/ana-rosa-alves-de-oliveira\/","title":{"rendered":"Ana Rosa Alves de Oliveira"},"content":{"rendered":"\n<p>Possui gradua\u00e7\u00e3o em Zootecnia pela Universidade Estadual do Sudoeste da Bahia (2000), mestrado em Zootecnia pela Universidade Estadual do Sudoeste da Bahia (2005) e doutorado em Zootecnia pela Universidade Estadual do Sudoeste da Bahia (2018). Atualmente \u00e9 professora EBTT do Instituto Federal de Educa\u00e7\u00e3o, Ci\u00eancia e Tecnologia Baiano. Tem experi\u00eancia na \u00e1rea de Zootecnia, com \u00eanfase em Cria\u00e7\u00e3o de Animais, atuando principalmente nos seguintes temas: Extens\u00e3o Rural, Nutri\u00e7\u00e3o de Ruminantes. Ovinocultura, Substitutos para o milho e soja na alimenta\u00e7\u00e3o animal e uso da Mandioca na Alimenta\u00e7\u00e3o Animal.<strong>\u00a0(Texto informado pelo autor)<\/strong><\/p>\n\n\n\n<p>Lattes: http:\/\/lattes.cnpq.br\/4170557967350236<\/p>\n\n\n\n<hr class=\"wp-block-separator has-alpha-channel-opacity\" \/>\n\n\n\n<p><\/p>\n","protected":false},"excerpt":{"rendered":"<p>Possui gradua\u00e7\u00e3o em Zootecnia pela Universidade Estadual do Sudoeste da Bahia (2000), mestrado em Zootecnia pela Universidade Estadual do Sudoeste da Bahia (2005) e doutorado em Zootecnia pela Universidade Estadual do Sudoeste da Bahia (2018). Atualmente \u00e9 professora EBTT do Instituto Federal de Educa\u00e7\u00e3o, Ci\u00eancia e Tecnologia Baiano. Tem experi\u00eancia na \u00e1rea de Zootecnia, com [&hellip;]<\/p>\n","protected":false},"author":152,"featured_media":0,"parent":0,"menu_order":0,"comment_status":"closed","ping_status":"closed","template":"","meta":[],"_links":{"self":[{"href":"https:\/\/www.ifbaiano.edu.br\/unidades\/teixeira\/wp-json\/wp\/v2\/pages\/13110"}],"collection":[{"href":"https:\/\/www.ifbaiano.edu.br\/unidades\/teixeira\/wp-json\/wp\/v2\/pages"}],"about":[{"href":"https:\/\/www.ifbaiano.edu.br\/unidades\/teixeira\/wp-json\/wp\/v2\/types\/page"}],"author":[{"embeddable":true,"href":"https:\/\/www.ifbaiano.edu.br\/unidades\/teixeira\/wp-json\/wp\/v2\/users\/152"}],"replies":[{"embeddable":true,"href":"https:\/\/www.ifbaiano.edu.br\/unidades\/teixeira\/wp-json\/wp\/v2\/comments?post=13110"}],"version-history":[{"count":1,"href":"https:\/\/www.ifbaiano.edu.br\/unidades\/teixeira\/wp-json\/wp\/v2\/pages\/13110\/revisions"}],"predecessor-version":[{"id":13111,"href":"https:\/\/www.ifbaiano.edu.br\/unidades\/teixeira\/wp-json\/wp\/v2\/pages\/13110\/revisions\/13111"}],"wp:attachment":[{"href":"https:\/\/www.ifbaiano.edu.br\/unidades\/teixeira\/wp-json\/wp\/v2\/media?parent=13110"}],"curies":[{"name":"wp","href":"https:\/\/api.w.org\/{rel}","templated":true}]}}