{"id":13136,"date":"2024-02-01T10:10:25","date_gmt":"2024-02-01T13:10:25","guid":{"rendered":"https:\/\/www.ifbaiano.edu.br\/unidades\/teixeira\/?page_id=13136"},"modified":"2025-01-06T10:44:51","modified_gmt":"2025-01-06T13:44:51","slug":"charles-leonel-galvao-sanches","status":"publish","type":"page","link":"https:\/\/www.ifbaiano.edu.br\/unidades\/teixeira\/charles-leonel-galvao-sanches\/","title":{"rendered":"Charles Leonel Galv\u00e3o Sanch\u00eas"},"content":{"rendered":"\n<p>\u00c9 T\u00e9cnico em Agropecu\u00e1ria pela Escola Agrot\u00e9cnica Federal de Colatina (1996), possui gradua\u00e7\u00e3o em Engenharia Agron\u00f4mica pela Universidade Estadual de Santa Cruz (2004), Mestrado em Produ\u00e7\u00e3o Vegetal pela Universidade Estadual de Santa Cruz (2007) e Doutorado Agronomia &#8211; Produ\u00e7\u00e3o Vegetal pela Universidade Federal do Paran\u00e1 (20220. Atualmente \u00e9 professor efetivo do Instituto Federal de Educa\u00e7\u00e3o, Ci\u00eancia e Tecnologia Baiano. Desenvolve pesquisas na linha de Sistemas Integrados de Produ\u00e7\u00e3o Agropecu\u00e1ria. Tem experi\u00eancia na \u00e1rea de Agronomia, atuando principalmente nos seguintes temas: sistemas integrados de produ\u00e7\u00e3o agropecu\u00e1ria, fitotecnia, meio ambiente-agroecologia, uso e reuso de \u00e1gua na agricultura.<strong>&nbsp;(Texto informado pelo autor)<\/strong><\/p>\n\n\n\n<p>Lattes: http:\/\/lattes.cnpq.br\/8716799409306874<\/p>\n\n\n\n<hr class=\"wp-block-separator has-alpha-channel-opacity\" \/>\n\n\n\n<p>PIT<\/p>\n\n\n\n<p><a href=\"https:\/\/www.ifbaiano.edu.br\/unidades\/teixeira\/files\/2025\/01\/Charles-PIT-2023.2.pdf\">2023.2<\/a><\/p>\n","protected":false},"excerpt":{"rendered":"<p>\u00c9 T\u00e9cnico em Agropecu\u00e1ria pela Escola Agrot\u00e9cnica Federal de Colatina (1996), possui gradua\u00e7\u00e3o em Engenharia Agron\u00f4mica pela Universidade Estadual de Santa Cruz (2004), Mestrado em Produ\u00e7\u00e3o Vegetal pela Universidade Estadual de Santa Cruz (2007) e Doutorado Agronomia &#8211; Produ\u00e7\u00e3o Vegetal pela Universidade Federal do Paran\u00e1 (20220. Atualmente \u00e9 professor efetivo do Instituto Federal de Educa\u00e7\u00e3o, [&hellip;]<\/p>\n","protected":false},"author":152,"featured_media":0,"parent":0,"menu_order":0,"comment_status":"closed","ping_status":"closed","template":"","meta":[],"_links":{"self":[{"href":"https:\/\/www.ifbaiano.edu.br\/unidades\/teixeira\/wp-json\/wp\/v2\/pages\/13136"}],"collection":[{"href":"https:\/\/www.ifbaiano.edu.br\/unidades\/teixeira\/wp-json\/wp\/v2\/pages"}],"about":[{"href":"https:\/\/www.ifbaiano.edu.br\/unidades\/teixeira\/wp-json\/wp\/v2\/types\/page"}],"author":[{"embeddable":true,"href":"https:\/\/www.ifbaiano.edu.br\/unidades\/teixeira\/wp-json\/wp\/v2\/users\/152"}],"replies":[{"embeddable":true,"href":"https:\/\/www.ifbaiano.edu.br\/unidades\/teixeira\/wp-json\/wp\/v2\/comments?post=13136"}],"version-history":[{"count":2,"href":"https:\/\/www.ifbaiano.edu.br\/unidades\/teixeira\/wp-json\/wp\/v2\/pages\/13136\/revisions"}],"predecessor-version":[{"id":14394,"href":"https:\/\/www.ifbaiano.edu.br\/unidades\/teixeira\/wp-json\/wp\/v2\/pages\/13136\/revisions\/14394"}],"wp:attachment":[{"href":"https:\/\/www.ifbaiano.edu.br\/unidades\/teixeira\/wp-json\/wp\/v2\/media?parent=13136"}],"curies":[{"name":"wp","href":"https:\/\/api.w.org\/{rel}","templated":true}]}}