{"id":13150,"date":"2024-02-01T10:20:31","date_gmt":"2024-02-01T13:20:31","guid":{"rendered":"https:\/\/www.ifbaiano.edu.br\/unidades\/teixeira\/?page_id=13150"},"modified":"2025-01-06T11:54:24","modified_gmt":"2025-01-06T14:54:24","slug":"cleverson-carlos-pereira","status":"publish","type":"page","link":"https:\/\/www.ifbaiano.edu.br\/unidades\/teixeira\/cleverson-carlos-pereira\/","title":{"rendered":"Cleverson Carlos Pereira"},"content":{"rendered":"\n<p>Doutor em Educa\u00e7\u00e3o pela Universidade Metodista de Piracicaba &#8211; UNIMEP (2022) e Mestre em Educa\u00e7\u00e3o, Gest\u00e3o Social e Desenvolvimento Regional pela FVC &#8211; FACULDADE VALE DO CRICAR\u00c9 (2014). Licenciado em Pedagogia pela Universidade Cruzeiro do Sul de S\u00e3o Paulo (2020). Atualmente sou Professor EBTT de F\u00edsica do IFBaiano &#8211; Instituto Federal Baiano desde 2014, Coordenador do Curso T\u00e9cnico em Administra\u00e7\u00e3o e Pesquisador na \u00e1rea de Educa\u00e7\u00e3o N\u00e3o Formal e Extens\u00e3o Universit\u00e1ria. Sou graduado no curso de Licenciatura em Ci\u00eancias &#8211; Habilita\u00e7\u00e3o em F\u00edsica, pelo Centro Universit\u00e1rio de Caratinga (2003), tamb\u00e9m Licenciado em Pedagogia pela Universidade Cruzeiro do Sul de S\u00e3o Paulo (2020). Possuo P\u00f3s-Gradua\u00e7\u00e3o Latu Sensu em Educa\u00e7\u00e3o Matem\u00e1tica pela FVC &#8211; Faculdade do Vale do Cricar\u00e9 (2014), P\u00f3s gradua\u00e7\u00e3o Latu Sensu em Metodologia do Ensino da F\u00edsica pela FIJ &#8211; Faculdades Integradas de Jacarepagu\u00e1 (2014) e P\u00f3s-Gradua\u00e7\u00e3o Lato Sensu em Ensino a Dist\u00e2ncia (2021). Atuei como Professor de Metodologia das Ci\u00eancias para os cursos de Pedagogia e F\u00edsico-Qu\u00edmica no Curso de Licenciatura em Qu\u00edmica pela Plataforma Freire na Universidade Estadual da Bahia UNEB- Campus Teixeira de Freitas. Trabalhei como professor das disciplinas de Matem\u00e1tica, Desenho Geom\u00e9trico, Desenho T\u00e9cnico, Metodologia das Ci\u00eancias e Metodologia da Matem\u00e1tica, Metrologia, Biof\u00edsica, F\u00edsica I e II, F\u00edsica III, F\u00edsica Moderna, Estat\u00edstica e Geometria Anal\u00edtica em cursos de gradua\u00e7\u00e3o de institui\u00e7\u00f5es de ensino superior no sul da Bahia ( FASB e FACTEF) e do nordeste de Minas (UNEC).<strong>&nbsp;(Texto informado pelo autor)<\/strong><\/p>\n\n\n\n<p>Lattes: http:\/\/lattes.cnpq.br\/6825052818749124<\/p>\n\n\n\n<hr class=\"wp-block-separator has-alpha-channel-opacity\" \/>\n\n\n\n<p>Plano de Trabalho Docente &#8211; PIT<\/p>\n\n\n\n<p><a href=\"https:\/\/www.ifbaiano.edu.br\/unidades\/teixeira\/files\/2024\/02\/Cleverson-PIT-2022.1.pdf\">2022.1<\/a><\/p>\n\n\n\n<p><a href=\"https:\/\/www.ifbaiano.edu.br\/unidades\/teixeira\/files\/2024\/02\/Cleverson-Carlos-PIT-2022.2.pdf\">2022.2<\/a><\/p>\n\n\n\n<p><a href=\"https:\/\/www.ifbaiano.edu.br\/unidades\/teixeira\/files\/2024\/02\/Cleverson-Carlos-PIT-2023.1.pdf\">2023.1<\/a><\/p>\n\n\n\n<p><a href=\"https:\/\/www.ifbaiano.edu.br\/unidades\/teixeira\/files\/2024\/02\/Cleverson-Carlos-PIT-2023.2.pdf\">2023.2<\/a><\/p>\n\n\n\n<p><a href=\"https:\/\/www.ifbaiano.edu.br\/unidades\/teixeira\/files\/2025\/01\/Cleverson-PIT-2024.1.pdf\">2024.1<\/a><\/p>\n\n\n\n<p>Relat\u00f3rio de Trabalho Docente &#8211; RIT<\/p>\n\n\n\n<p><a href=\"https:\/\/www.ifbaiano.edu.br\/unidades\/teixeira\/files\/2024\/02\/Cleverson-RIT-2022.1.pdf\">2022.1<\/a><\/p>\n\n\n\n<p><a href=\"https:\/\/www.ifbaiano.edu.br\/unidades\/teixeira\/files\/2024\/02\/Cleverson-Carlos-RIT-2022.2.pdf\">2022.2<\/a><\/p>\n\n\n\n<p><a href=\"https:\/\/www.ifbaiano.edu.br\/unidades\/teixeira\/files\/2024\/02\/Cleverson-Carlos-RIT-2023.1.pdf\">2023.1<\/a><\/p>\n\n\n\n<p><a href=\"https:\/\/www.ifbaiano.edu.br\/unidades\/teixeira\/files\/2025\/01\/Cleverson-RIT-2023.2.pdf\">2023.2<\/a><\/p>\n\n\n\n<p>2024.1<\/p>\n","protected":false},"excerpt":{"rendered":"<p>Doutor em Educa\u00e7\u00e3o pela Universidade Metodista de Piracicaba &#8211; UNIMEP (2022) e Mestre em Educa\u00e7\u00e3o, Gest\u00e3o Social e Desenvolvimento Regional pela FVC &#8211; FACULDADE VALE DO CRICAR\u00c9 (2014). Licenciado em Pedagogia pela Universidade Cruzeiro do Sul de S\u00e3o Paulo (2020). Atualmente sou Professor EBTT de F\u00edsica do IFBaiano &#8211; Instituto Federal Baiano desde 2014, Coordenador [&hellip;]<\/p>\n","protected":false},"author":152,"featured_media":0,"parent":0,"menu_order":0,"comment_status":"closed","ping_status":"closed","template":"","meta":[],"_links":{"self":[{"href":"https:\/\/www.ifbaiano.edu.br\/unidades\/teixeira\/wp-json\/wp\/v2\/pages\/13150"}],"collection":[{"href":"https:\/\/www.ifbaiano.edu.br\/unidades\/teixeira\/wp-json\/wp\/v2\/pages"}],"about":[{"href":"https:\/\/www.ifbaiano.edu.br\/unidades\/teixeira\/wp-json\/wp\/v2\/types\/page"}],"author":[{"embeddable":true,"href":"https:\/\/www.ifbaiano.edu.br\/unidades\/teixeira\/wp-json\/wp\/v2\/users\/152"}],"replies":[{"embeddable":true,"href":"https:\/\/www.ifbaiano.edu.br\/unidades\/teixeira\/wp-json\/wp\/v2\/comments?post=13150"}],"version-history":[{"count":4,"href":"https:\/\/www.ifbaiano.edu.br\/unidades\/teixeira\/wp-json\/wp\/v2\/pages\/13150\/revisions"}],"predecessor-version":[{"id":14475,"href":"https:\/\/www.ifbaiano.edu.br\/unidades\/teixeira\/wp-json\/wp\/v2\/pages\/13150\/revisions\/14475"}],"wp:attachment":[{"href":"https:\/\/www.ifbaiano.edu.br\/unidades\/teixeira\/wp-json\/wp\/v2\/media?parent=13150"}],"curies":[{"name":"wp","href":"https:\/\/api.w.org\/{rel}","templated":true}]}}