{"id":13161,"date":"2024-02-01T10:36:19","date_gmt":"2024-02-01T13:36:19","guid":{"rendered":"https:\/\/www.ifbaiano.edu.br\/unidades\/teixeira\/?page_id=13161"},"modified":"2025-01-08T09:58:32","modified_gmt":"2025-01-08T12:58:32","slug":"dhanyane-alves-castro","status":"publish","type":"page","link":"https:\/\/www.ifbaiano.edu.br\/unidades\/teixeira\/dhanyane-alves-castro\/","title":{"rendered":"Dhanyane Alves Castro"},"content":{"rendered":"\n<p>Doutora em Ci\u00eancias Sociais pela Universidade Federal da Bahia (UFBA\/2015). Mestre em Desenvolvimento Social e graduada em Ci\u00eancias Sociais pela Universidade Estadual de Montes Claros (UNIMONTES\/2007).\u00c9 docente no Instituto Federal de Educa\u00e7\u00e3o, Ci\u00eancia e Tecnologia Baiano &#8211; IFBAIANO, Campus Teixeira de Freitas\/BA. Atua como vice-coordenadora nas atividades de ensino, pesquisa e extens\u00e3o no NEABI (N\u00facleo de Estudos Afro-brasileiros e Ind\u00edgenas) do IFBAIANO. \u00c9 pesquisadora do Grupo de Pesquisa em Conflitos e Seguran\u00e7a Social &#8211; GPECS da Universidade Federal do Sul da Bahia (UFSB) Tem interesse e experi\u00eancia na \u00e1rea de Sociologia, atuando principalmente nos seguintes temas: rela\u00e7\u00f5es \u00e9tnico-raciais, cidadania, viol\u00eancia, medo e pol\u00edticas p\u00fablicas.<strong>&nbsp;(Texto informado pelo autor)<\/strong><\/p>\n\n\n\n<p>Lattes: http:\/\/lattes.cnpq.br\/1477428164496562<\/p>\n\n\n\n<hr class=\"wp-block-separator has-alpha-channel-opacity\" \/>\n\n\n\n<p>Plano de Trabalho Docente &#8211; PIT<\/p>\n\n\n\n<p><a href=\"https:\/\/www.ifbaiano.edu.br\/unidades\/teixeira\/files\/2024\/02\/Dhanyane-Alves-PIT-2022.1.pdf\">2022.1<\/a><\/p>\n\n\n\n<p><a href=\"https:\/\/www.ifbaiano.edu.br\/unidades\/teixeira\/files\/2024\/02\/Dhanyane-Alves-PIT-2022.2.pdf\">2022.2<\/a><\/p>\n\n\n\n<p><a href=\"https:\/\/www.ifbaiano.edu.br\/unidades\/teixeira\/files\/2024\/02\/Dhanyane-Alves-PIT-2023.1.pdf\">2023.1<\/a><\/p>\n\n\n\n<p><a href=\"https:\/\/www.ifbaiano.edu.br\/unidades\/teixeira\/files\/2024\/02\/Dhanyane-Alves-PIT-2023.2.pdf\">2023.2<\/a><\/p>\n\n\n\n<p><a href=\"https:\/\/www.ifbaiano.edu.br\/unidades\/teixeira\/files\/2025\/01\/Dhanyane-PIT-2024.1.pdf\">2024.1<\/a><\/p>\n\n\n\n<p><a href=\"https:\/\/www.ifbaiano.edu.br\/unidades\/teixeira\/files\/2025\/01\/Dhanyane-pit-2024.2.pdf\">2024.2<\/a><\/p>\n\n\n\n<p>Relat\u00f3rio de Trabalho Docente &#8211; RIT<\/p>\n\n\n\n<p><a href=\"https:\/\/www.ifbaiano.edu.br\/unidades\/teixeira\/files\/2024\/02\/Dhanyane-Alves-RIT-2022.1.pdf\">2022.1<\/a><\/p>\n\n\n\n<p><a href=\"https:\/\/www.ifbaiano.edu.br\/unidades\/teixeira\/files\/2024\/02\/Dhanyane-Alves-RIT-2022.2.pdf\">2022.2<\/a><\/p>\n\n\n\n<p><a href=\"https:\/\/www.ifbaiano.edu.br\/unidades\/teixeira\/files\/2024\/02\/Dhanyane-Alves-RIT-2023.1.pdf\">2023.1<\/a><\/p>\n\n\n\n<p><a href=\"https:\/\/www.ifbaiano.edu.br\/unidades\/teixeira\/files\/2025\/01\/Dhanyane-2023.2.pdf\">2023.2<\/a><\/p>\n\n\n\n<p><a href=\"https:\/\/www.ifbaiano.edu.br\/unidades\/teixeira\/files\/2025\/01\/Dhanyane-RIT-2024.1.pdf\">2024.1<\/a><\/p>\n\n\n\n<p><a href=\"https:\/\/www.ifbaiano.edu.br\/unidades\/teixeira\/files\/2025\/01\/Dhanyane-rit-2024.2.pdf\">2024.2<\/a><\/p>\n","protected":false},"excerpt":{"rendered":"<p>Doutora em Ci\u00eancias Sociais pela Universidade Federal da Bahia (UFBA\/2015). Mestre em Desenvolvimento Social e graduada em Ci\u00eancias Sociais pela Universidade Estadual de Montes Claros (UNIMONTES\/2007).\u00c9 docente no Instituto Federal de Educa\u00e7\u00e3o, Ci\u00eancia e Tecnologia Baiano &#8211; IFBAIANO, Campus Teixeira de Freitas\/BA. Atua como vice-coordenadora nas atividades de ensino, pesquisa e extens\u00e3o no NEABI (N\u00facleo [&hellip;]<\/p>\n","protected":false},"author":152,"featured_media":0,"parent":0,"menu_order":0,"comment_status":"closed","ping_status":"closed","template":"","meta":[],"_links":{"self":[{"href":"https:\/\/www.ifbaiano.edu.br\/unidades\/teixeira\/wp-json\/wp\/v2\/pages\/13161"}],"collection":[{"href":"https:\/\/www.ifbaiano.edu.br\/unidades\/teixeira\/wp-json\/wp\/v2\/pages"}],"about":[{"href":"https:\/\/www.ifbaiano.edu.br\/unidades\/teixeira\/wp-json\/wp\/v2\/types\/page"}],"author":[{"embeddable":true,"href":"https:\/\/www.ifbaiano.edu.br\/unidades\/teixeira\/wp-json\/wp\/v2\/users\/152"}],"replies":[{"embeddable":true,"href":"https:\/\/www.ifbaiano.edu.br\/unidades\/teixeira\/wp-json\/wp\/v2\/comments?post=13161"}],"version-history":[{"count":6,"href":"https:\/\/www.ifbaiano.edu.br\/unidades\/teixeira\/wp-json\/wp\/v2\/pages\/13161\/revisions"}],"predecessor-version":[{"id":14641,"href":"https:\/\/www.ifbaiano.edu.br\/unidades\/teixeira\/wp-json\/wp\/v2\/pages\/13161\/revisions\/14641"}],"wp:attachment":[{"href":"https:\/\/www.ifbaiano.edu.br\/unidades\/teixeira\/wp-json\/wp\/v2\/media?parent=13161"}],"curies":[{"name":"wp","href":"https:\/\/api.w.org\/{rel}","templated":true}]}}