{"id":13171,"date":"2024-02-01T10:38:59","date_gmt":"2024-02-01T13:38:59","guid":{"rendered":"https:\/\/www.ifbaiano.edu.br\/unidades\/teixeira\/?page_id=13171"},"modified":"2025-01-08T10:50:09","modified_gmt":"2025-01-08T13:50:09","slug":"dimas-catai-santos-junior","status":"publish","type":"page","link":"https:\/\/www.ifbaiano.edu.br\/unidades\/teixeira\/dimas-catai-santos-junior\/","title":{"rendered":"Dimas Catai Santos Junior"},"content":{"rendered":"\n<p>Graduado e mestre pela Universidade Federal da Bahia(UFBA) e doutorando pela Universidade Federal do Estado do Rio de Janeiro (UNIRIO). Desenvolve pesquisas sobre religiosidade popular, feiti\u00e7aria e o desenvolvimento de instrumentos repressivos empregados pela Igreja e Estado contra pr\u00e1ticas religiosas consideradas imorais e il\u00edcitas. Mant\u00e9m interesse sobre a Hist\u00f3ria da Igreja e da Inquisi\u00e7\u00e3o portuguesa, Hist\u00f3ria das Institui\u00e7\u00f5es, hist\u00f3ria das pr\u00e1ticas religiosas, di\u00e1spora africana e catolicismo popular.<strong>&nbsp;(Texto informado pelo autor)<\/strong><\/p>\n\n\n\n<p>Lattes: http:\/\/lattes.cnpq.br\/6354385971906798<\/p>\n\n\n\n<hr class=\"wp-block-separator has-alpha-channel-opacity\" \/>\n\n\n\n<p>PIT<\/p>\n\n\n\n<p><a href=\"https:\/\/www.ifbaiano.edu.br\/unidades\/teixeira\/files\/2025\/01\/Dimas-2024.1.pdf\">2024.1<\/a><\/p>\n\n\n\n<p><a href=\"https:\/\/www.ifbaiano.edu.br\/unidades\/teixeira\/files\/2025\/01\/Dimas-pit-2024.2.pdf\">2024.2<\/a><\/p>\n\n\n\n<p>RIT<\/p>\n\n\n\n<p><a href=\"https:\/\/www.ifbaiano.edu.br\/unidades\/teixeira\/files\/2025\/01\/Dimas-rit-2024.1.pdf\">2024.1<\/a><\/p>\n","protected":false},"excerpt":{"rendered":"<p>Graduado e mestre pela Universidade Federal da Bahia(UFBA) e doutorando pela Universidade Federal do Estado do Rio de Janeiro (UNIRIO). Desenvolve pesquisas sobre religiosidade popular, feiti\u00e7aria e o desenvolvimento de instrumentos repressivos empregados pela Igreja e Estado contra pr\u00e1ticas religiosas consideradas imorais e il\u00edcitas. Mant\u00e9m interesse sobre a Hist\u00f3ria da Igreja e da Inquisi\u00e7\u00e3o portuguesa, [&hellip;]<\/p>\n","protected":false},"author":152,"featured_media":0,"parent":0,"menu_order":0,"comment_status":"closed","ping_status":"closed","template":"","meta":[],"_links":{"self":[{"href":"https:\/\/www.ifbaiano.edu.br\/unidades\/teixeira\/wp-json\/wp\/v2\/pages\/13171"}],"collection":[{"href":"https:\/\/www.ifbaiano.edu.br\/unidades\/teixeira\/wp-json\/wp\/v2\/pages"}],"about":[{"href":"https:\/\/www.ifbaiano.edu.br\/unidades\/teixeira\/wp-json\/wp\/v2\/types\/page"}],"author":[{"embeddable":true,"href":"https:\/\/www.ifbaiano.edu.br\/unidades\/teixeira\/wp-json\/wp\/v2\/users\/152"}],"replies":[{"embeddable":true,"href":"https:\/\/www.ifbaiano.edu.br\/unidades\/teixeira\/wp-json\/wp\/v2\/comments?post=13171"}],"version-history":[{"count":4,"href":"https:\/\/www.ifbaiano.edu.br\/unidades\/teixeira\/wp-json\/wp\/v2\/pages\/13171\/revisions"}],"predecessor-version":[{"id":14703,"href":"https:\/\/www.ifbaiano.edu.br\/unidades\/teixeira\/wp-json\/wp\/v2\/pages\/13171\/revisions\/14703"}],"wp:attachment":[{"href":"https:\/\/www.ifbaiano.edu.br\/unidades\/teixeira\/wp-json\/wp\/v2\/media?parent=13171"}],"curies":[{"name":"wp","href":"https:\/\/api.w.org\/{rel}","templated":true}]}}