{"id":13174,"date":"2024-02-01T10:52:26","date_gmt":"2024-02-01T13:52:26","guid":{"rendered":"https:\/\/www.ifbaiano.edu.br\/unidades\/teixeira\/?page_id=13174"},"modified":"2025-01-08T10:08:24","modified_gmt":"2025-01-08T13:08:24","slug":"elen-sonia-maria-duarte-rosa","status":"publish","type":"page","link":"https:\/\/www.ifbaiano.edu.br\/unidades\/teixeira\/elen-sonia-maria-duarte-rosa\/","title":{"rendered":"Elen Sonia Maria Duarte Rosa"},"content":{"rendered":"\n<p>Possui gradua\u00e7\u00e3o em Agronomia pela Universidade Federal de Vi\u00e7osa (2001), Mestrado em Fitotecnia (Produ\u00e7\u00e3o Vegetal) pela Universidade Federal de Vi\u00e7osa (2003) e Doutorado em Fitotecnia (2007). \u00c9 professora EBTT do Instituto Federal Baiano, campus Teixeira de Freitas &#8211; BA. Tem experi\u00eancia na \u00e1rea de Agronomia, com \u00eanfase em FITOTECNIA, atuando principalmente em: Plantas Medicinais, Arom\u00e1ticas e Condimentares, Agroecologia, Olericultura, Culturas Anuais, Fruticultura e Grandes Culturas, Sementes, Agricultura Familiar, Homeopatia na Agricultura e Pecu\u00e1ria, Educa\u00e7\u00e3o Ambiental e Meio Ambiente. Foi Coordenadora do Curso T\u00e9cnico em Agropecu\u00e1ria , participou do Conselho e NAP (N\u00facleo de Assessoramento Pedag\u00f3gico) do referido Curso, foi Diretora Geral Pr\u00f3-Tempore do IF Baiano, Campus Teixeira de Freitas. Atualmente \u00e9 membro integrante do N\u00facleo Docente Estruturante (NDE) e do Colegiado do Curso Superior de Engenharia Agron\u00f4mica, do IF Baiano, Campus Teixeira de Freitas. Participa dos Grupos de Pesquisa do CNPq: Plantas Medicinais e Fitoter\u00e1picos (UFOP), Grupo de Pesquisa em Plantas Medicinais (IF Baiano) e Manejo, Conserva\u00e7\u00e3o e Produtos de Agroflorestas (IF Baiano).<strong>&nbsp;(Texto informado pelo autor)<\/strong><\/p>\n\n\n\n<p>Lattes: http:\/\/lattes.cnpq.br\/7588333558477010<\/p>\n\n\n\n<hr class=\"wp-block-separator has-alpha-channel-opacity\" \/>\n\n\n\n<p>Plano de Trabalho Docente &#8211; PIT<\/p>\n\n\n\n<p><a href=\"https:\/\/www.ifbaiano.edu.br\/unidades\/teixeira\/files\/2024\/02\/Elen-Rosa-PIT-2022.1.pdf\">2022.1<\/a><\/p>\n\n\n\n<p><a href=\"https:\/\/www.ifbaiano.edu.br\/unidades\/teixeira\/files\/2024\/02\/Elen-Rosa-PIT-2022.2.pdf\">2022.2<\/a><\/p>\n\n\n\n<p><a href=\"https:\/\/www.ifbaiano.edu.br\/unidades\/teixeira\/files\/2024\/02\/Elen-Rosa-PIT-2023.1.pdf\">2023.1<\/a><\/p>\n\n\n\n<p><a href=\"https:\/\/www.ifbaiano.edu.br\/unidades\/teixeira\/files\/2024\/02\/Elen-Rosa-PIT-2023.2.pdf\">2023.2<\/a><\/p>\n\n\n\n<p><a href=\"https:\/\/www.ifbaiano.edu.br\/unidades\/teixeira\/files\/2025\/01\/Elen-PIT-2024.1-1.pdf\">2024.1<\/a><\/p>\n\n\n\n<p><a href=\"https:\/\/www.ifbaiano.edu.br\/unidades\/teixeira\/files\/2025\/01\/Elen-pit-2024.2.pdf\">2024.2<\/a><\/p>\n\n\n\n<p>Relat\u00f3rio de Trabalho Docente &#8211; RIT<\/p>\n\n\n\n<p><a href=\"https:\/\/www.ifbaiano.edu.br\/unidades\/teixeira\/files\/2024\/02\/Elen-Rosa-RIT-2022.1.pdf\">2022.1<\/a><\/p>\n\n\n\n<p><a href=\"https:\/\/www.ifbaiano.edu.br\/unidades\/teixeira\/files\/2024\/02\/Elen-Rosa-RIT-2022.2.pdf\">2022.2<\/a><\/p>\n\n\n\n<p><a href=\"https:\/\/www.ifbaiano.edu.br\/unidades\/teixeira\/files\/2024\/02\/Elen-Rosa-RIT-2023.1.pdf\">2023.1<\/a><\/p>\n\n\n\n<p><a href=\"https:\/\/www.ifbaiano.edu.br\/unidades\/teixeira\/files\/2025\/01\/Elen-RIT-2023.2.pdf\">2023.2<\/a><\/p>\n\n\n\n<p><a href=\"https:\/\/www.ifbaiano.edu.br\/unidades\/teixeira\/files\/2025\/01\/Elen-PIT-2024.1.pdf\">2024.1<\/a><\/p>\n\n\n\n<p><a href=\"https:\/\/www.ifbaiano.edu.br\/unidades\/teixeira\/files\/2025\/01\/Elen-rit-2024.2.pdf\">2024.2<\/a><\/p>\n\n\n\n<p><\/p>\n","protected":false},"excerpt":{"rendered":"<p>Possui gradua\u00e7\u00e3o em Agronomia pela Universidade Federal de Vi\u00e7osa (2001), Mestrado em Fitotecnia (Produ\u00e7\u00e3o Vegetal) pela Universidade Federal de Vi\u00e7osa (2003) e Doutorado em Fitotecnia (2007). \u00c9 professora EBTT do Instituto Federal Baiano, campus Teixeira de Freitas &#8211; BA. Tem experi\u00eancia na \u00e1rea de Agronomia, com \u00eanfase em FITOTECNIA, atuando principalmente em: Plantas Medicinais, Arom\u00e1ticas [&hellip;]<\/p>\n","protected":false},"author":152,"featured_media":0,"parent":0,"menu_order":0,"comment_status":"closed","ping_status":"closed","template":"","meta":[],"_links":{"self":[{"href":"https:\/\/www.ifbaiano.edu.br\/unidades\/teixeira\/wp-json\/wp\/v2\/pages\/13174"}],"collection":[{"href":"https:\/\/www.ifbaiano.edu.br\/unidades\/teixeira\/wp-json\/wp\/v2\/pages"}],"about":[{"href":"https:\/\/www.ifbaiano.edu.br\/unidades\/teixeira\/wp-json\/wp\/v2\/types\/page"}],"author":[{"embeddable":true,"href":"https:\/\/www.ifbaiano.edu.br\/unidades\/teixeira\/wp-json\/wp\/v2\/users\/152"}],"replies":[{"embeddable":true,"href":"https:\/\/www.ifbaiano.edu.br\/unidades\/teixeira\/wp-json\/wp\/v2\/comments?post=13174"}],"version-history":[{"count":5,"href":"https:\/\/www.ifbaiano.edu.br\/unidades\/teixeira\/wp-json\/wp\/v2\/pages\/13174\/revisions"}],"predecessor-version":[{"id":14658,"href":"https:\/\/www.ifbaiano.edu.br\/unidades\/teixeira\/wp-json\/wp\/v2\/pages\/13174\/revisions\/14658"}],"wp:attachment":[{"href":"https:\/\/www.ifbaiano.edu.br\/unidades\/teixeira\/wp-json\/wp\/v2\/media?parent=13174"}],"curies":[{"name":"wp","href":"https:\/\/api.w.org\/{rel}","templated":true}]}}