{"id":13184,"date":"2024-02-01T10:54:40","date_gmt":"2024-02-01T13:54:40","guid":{"rendered":"https:\/\/www.ifbaiano.edu.br\/unidades\/teixeira\/?page_id=13184"},"modified":"2025-01-08T10:04:01","modified_gmt":"2025-01-08T13:04:01","slug":"erllens-eder-silva","status":"publish","type":"page","link":"https:\/\/www.ifbaiano.edu.br\/unidades\/teixeira\/erllens-eder-silva\/","title":{"rendered":"Erllens Eder Silva"},"content":{"rendered":"\n<p>Natural de Salto da Divisa &#8211; Minas Gerais, possui t\u00edtulo de T\u00e9cnico em Agropecu\u00e1ria obtido pela Escola Agrot\u00e9cnica Federal de Machado &#8211; MG (1998), hoje Instituto Federal de Educa\u00e7\u00e3o, Ci\u00eancia e Tecnologia do Sul de Minas Gerais (2009). T\u00edtulo de Engenheiro Agr\u00f4nomo, Mestre e Doutor pela Universidade Federal da Para\u00edba\/Centro de Ci\u00eancias Agr\u00e1rias &#8211; UFPB\/CCA, respectivamente nos anos de 1999 a 2009. Foi bolsista do Instituto Nacional do Semi\u00e1rido-INSA pelo programa DTI, em projeto intitulado Sistema de Produ\u00e7\u00e3o de Culturas Alternativas para Produ\u00e7\u00e3o de Biodiesel, aprovado no edital CT-AGRO. Professor do Instituto Federal de Educa\u00e7\u00e3o, Ci\u00eancia e Tecnologia do Cear\u00e1 &#8211; IFCE, desde janeiro de 2010 at\u00e9 2019. Coordenador do Grupo de Pesquisa &#8211; G-PASF (desde 01\/03\/2011 &#8211; 2019). Coordenador de Assist\u00eancia T\u00e9cnica e Projeto do IFCE\/Campus Crato (de abril 2012 a mar\u00e7o de 2017). Coordenador do Programa de P\u00f3s-Gradua\u00e7\u00e3o em Zootecnia &#8211; DINTER (Universidade Federal de Vi\u00e7osa, Minas Gerais) (de 10\/01\/2013 a 10\/12\/2017). Bolsista Produtividade do PROAPP (de 10\/03\/2012 a 10\/12\/2017). Coordenador de Pesquisa e Coordenador de P\u00f3s-Gradua\u00e7\u00e3o do IFCE (desde mar\u00e7o 2017 &#8211; 2019). Editor Chefe da Revista Acta Kariri (desde maio de 2018 &#8211; 2019) (http:\/\/actakariri.crato.ifce.edu.br\/). Desde 05\/2019 at\u00e9 10\/2020, no Instituto Federal de Educa\u00e7\u00e3o, Ci\u00eancia e Tecnologia Baiano &#8211; IFBaiano, Valen\u00e7a-BA para os cursos T\u00e9cnico em Agropecu\u00e1ria, Meio Ambiente e P\u00f3s-Gradua\u00e7\u00e3o em Meio Ambiente e Agroecologia. Coordenador do curso T\u00e9cnico Subsequente em Agropecu\u00e1ria (09\/2019 a 10\/2020). Desde 10\/2020 no Instituto Federal de Educa\u00e7\u00e3o, Ci\u00eancia e Tecnologia Baiano &#8211; IFBaiano, Itapetinga-BA para os cursos T\u00e9cnico em Agropecu\u00e1ria e Meio Ambiente. Coordenador de Est\u00e1gio (desde 04\/2021).<strong>&nbsp;(Texto informado pelo autor)<\/strong><\/p>\n\n\n\n<p>Lattes: <a href=\"http:\/\/lattes.cnpq.br\/8987866888319889\">http:\/\/lattes.cnpq.br\/8987866888319889<\/a><\/p>\n\n\n\n<hr class=\"wp-block-separator has-alpha-channel-opacity\" \/>\n\n\n\n<p>PIT<\/p>\n\n\n\n<p><a href=\"https:\/\/www.ifbaiano.edu.br\/unidades\/teixeira\/files\/2025\/01\/Erllens-PIT-2024.1.pdf\">2024.1<\/a><\/p>\n\n\n\n<p><a href=\"https:\/\/www.ifbaiano.edu.br\/unidades\/teixeira\/files\/2025\/01\/Erliens-PIT-2024.2.pdf\">2024.2<\/a><\/p>\n\n\n\n<p>RIT<\/p>\n\n\n\n<p><a href=\"https:\/\/www.ifbaiano.edu.br\/unidades\/teixeira\/files\/2025\/01\/Erllens-rit-2024.2.pdf\">2024.2<\/a><\/p>\n","protected":false},"excerpt":{"rendered":"<p>Natural de Salto da Divisa &#8211; Minas Gerais, possui t\u00edtulo de T\u00e9cnico em Agropecu\u00e1ria obtido pela Escola Agrot\u00e9cnica Federal de Machado &#8211; MG (1998), hoje Instituto Federal de Educa\u00e7\u00e3o, Ci\u00eancia e Tecnologia do Sul de Minas Gerais (2009). T\u00edtulo de Engenheiro Agr\u00f4nomo, Mestre e Doutor pela Universidade Federal da Para\u00edba\/Centro de Ci\u00eancias Agr\u00e1rias &#8211; UFPB\/CCA, [&hellip;]<\/p>\n","protected":false},"author":152,"featured_media":0,"parent":0,"menu_order":0,"comment_status":"closed","ping_status":"closed","template":"","meta":[],"_links":{"self":[{"href":"https:\/\/www.ifbaiano.edu.br\/unidades\/teixeira\/wp-json\/wp\/v2\/pages\/13184"}],"collection":[{"href":"https:\/\/www.ifbaiano.edu.br\/unidades\/teixeira\/wp-json\/wp\/v2\/pages"}],"about":[{"href":"https:\/\/www.ifbaiano.edu.br\/unidades\/teixeira\/wp-json\/wp\/v2\/types\/page"}],"author":[{"embeddable":true,"href":"https:\/\/www.ifbaiano.edu.br\/unidades\/teixeira\/wp-json\/wp\/v2\/users\/152"}],"replies":[{"embeddable":true,"href":"https:\/\/www.ifbaiano.edu.br\/unidades\/teixeira\/wp-json\/wp\/v2\/comments?post=13184"}],"version-history":[{"count":4,"href":"https:\/\/www.ifbaiano.edu.br\/unidades\/teixeira\/wp-json\/wp\/v2\/pages\/13184\/revisions"}],"predecessor-version":[{"id":14651,"href":"https:\/\/www.ifbaiano.edu.br\/unidades\/teixeira\/wp-json\/wp\/v2\/pages\/13184\/revisions\/14651"}],"wp:attachment":[{"href":"https:\/\/www.ifbaiano.edu.br\/unidades\/teixeira\/wp-json\/wp\/v2\/media?parent=13184"}],"curies":[{"name":"wp","href":"https:\/\/api.w.org\/{rel}","templated":true}]}}