{"id":13192,"date":"2024-02-01T11:03:53","date_gmt":"2024-02-01T14:03:53","guid":{"rendered":"https:\/\/www.ifbaiano.edu.br\/unidades\/teixeira\/?page_id=13192"},"modified":"2025-01-08T09:16:38","modified_gmt":"2025-01-08T12:16:38","slug":"flavio-araujo-vieira","status":"publish","type":"page","link":"https:\/\/www.ifbaiano.edu.br\/unidades\/teixeira\/flavio-araujo-vieira\/","title":{"rendered":"Flavio Araujo Vieira"},"content":{"rendered":"\n<p>Doutor em Educa\u00e7\u00e3o pela UNIMEP &#8211; Universidade Metodista de Piracicaba (SP, 2018), Mestre em Educa\u00e7\u00e3o, Administra\u00e7\u00e3o e Comunica\u00e7\u00e3o (SP, 2012) &#8211; Pedagogo e Graduado em Licenciatura Plena em CI\u00caNCIAS &#8211; Habilita\u00e7\u00e3o em F\u00cdSICA pelo Centro Universit\u00e1rio de Caratinga &#8211; UNEC (MG, 2003). Especialista em ESTAT\u00cdSTICA E MATEM\u00c1TICA pela UFLA &#8211; Universidade Federal de Lavras (MG, 2008). Especialista em METODOLOGIA DO ENSINO DE QU\u00cdMICA &#8211; FIJ (RJ, 2011). Graduado tamb\u00e9m em Licenciatura Plena em QU\u00cdMICA, MATEM\u00c1TICA E BIOLOGIA pela UNIVEN &#8211; Faculdade Capixaba de Nova Ven\u00e9cia (ES, 2010). Professor Efetivo de F\u00cdSICA no IFBAIANO &#8211; Instituto Federal de Educa\u00e7\u00e3o, Ci\u00eancia e Tecnologia da Baiano &#8211; Campus Teixeira de Freitas BA. Atuei e atuo na EAD \/ IFBAIANO \/ UAB \/ CAPES \/ MEC \/ UNEB \/ IFNMG. E-MAIL: doutorflaviovieira@gmail.com &#8211; CELULAR \/ Whatsapp: (73) 9 9147-2290 Vivo<strong>&nbsp;(Texto informado pelo autor)<\/strong><\/p>\n\n\n\n<p>Lattes: <a href=\"http:\/\/lattes.cnpq.br\/5105623941097244\">http:\/\/lattes.cnpq.br\/5105623941097244<\/a><\/p>\n\n\n\n<hr class=\"wp-block-separator has-alpha-channel-opacity\" \/>\n\n\n\n<p>Plano de Trabalho Individual &#8211; PIT<\/p>\n\n\n\n<p><a href=\"https:\/\/www.ifbaiano.edu.br\/unidades\/teixeira\/files\/2024\/02\/Flavio-Araujo-PIT-2022.1.pdf\">2022.1<\/a><\/p>\n\n\n\n<p><a href=\"https:\/\/www.ifbaiano.edu.br\/unidades\/teixeira\/files\/2024\/02\/Flavio-Araujo-PIT-2022.2.pdf\">2022.2<\/a><\/p>\n\n\n\n<p><a href=\"https:\/\/www.ifbaiano.edu.br\/unidades\/teixeira\/files\/2024\/02\/Flavio-Araujo-PIT-2023.1.pdf\">2023.1<\/a><\/p>\n\n\n\n<p><a href=\"https:\/\/www.ifbaiano.edu.br\/unidades\/teixeira\/files\/2024\/02\/Flavio-Araujo-PIT-2023.2.pdf\">2023.2<\/a><\/p>\n\n\n\n<p><a href=\"https:\/\/www.ifbaiano.edu.br\/unidades\/teixeira\/files\/2025\/01\/Flavio-pit-2024.2.pdf\">2024.2<\/a><\/p>\n\n\n\n<p>Relat\u00f3rio de Trabalho Individual &#8211; RIT<\/p>\n\n\n\n<p><a href=\"https:\/\/www.ifbaiano.edu.br\/unidades\/teixeira\/files\/2024\/02\/Flavio-Araujo-RIT-2022.1.pdf\">2022.1<\/a><\/p>\n\n\n\n<p><a href=\"https:\/\/www.ifbaiano.edu.br\/unidades\/teixeira\/files\/2024\/02\/Flavio-Araujo-RIT-2022.2.pdf\">2022.2<\/a><\/p>\n\n\n\n<p><a href=\"https:\/\/www.ifbaiano.edu.br\/unidades\/teixeira\/files\/2024\/02\/Flavio-Araujo-RIT-2023.1.pdf\">2023.1<\/a><\/p>\n\n\n\n<p><a href=\"https:\/\/www.ifbaiano.edu.br\/unidades\/teixeira\/files\/2025\/01\/Flavio-RIT-2023.2.pdf\">2023.2<\/a><\/p>\n\n\n\n<p><a href=\"https:\/\/www.ifbaiano.edu.br\/unidades\/teixeira\/files\/2025\/01\/Flavio-rit-2024.2.pdf\">2024.2<\/a><\/p>\n\n\n\n<p><\/p>\n","protected":false},"excerpt":{"rendered":"<p>Doutor em Educa\u00e7\u00e3o pela UNIMEP &#8211; Universidade Metodista de Piracicaba (SP, 2018), Mestre em Educa\u00e7\u00e3o, Administra\u00e7\u00e3o e Comunica\u00e7\u00e3o (SP, 2012) &#8211; Pedagogo e Graduado em Licenciatura Plena em CI\u00caNCIAS &#8211; Habilita\u00e7\u00e3o em F\u00cdSICA pelo Centro Universit\u00e1rio de Caratinga &#8211; UNEC (MG, 2003). Especialista em ESTAT\u00cdSTICA E MATEM\u00c1TICA pela UFLA &#8211; Universidade Federal de Lavras (MG, [&hellip;]<\/p>\n","protected":false},"author":152,"featured_media":0,"parent":0,"menu_order":0,"comment_status":"closed","ping_status":"closed","template":"","meta":[],"_links":{"self":[{"href":"https:\/\/www.ifbaiano.edu.br\/unidades\/teixeira\/wp-json\/wp\/v2\/pages\/13192"}],"collection":[{"href":"https:\/\/www.ifbaiano.edu.br\/unidades\/teixeira\/wp-json\/wp\/v2\/pages"}],"about":[{"href":"https:\/\/www.ifbaiano.edu.br\/unidades\/teixeira\/wp-json\/wp\/v2\/types\/page"}],"author":[{"embeddable":true,"href":"https:\/\/www.ifbaiano.edu.br\/unidades\/teixeira\/wp-json\/wp\/v2\/users\/152"}],"replies":[{"embeddable":true,"href":"https:\/\/www.ifbaiano.edu.br\/unidades\/teixeira\/wp-json\/wp\/v2\/comments?post=13192"}],"version-history":[{"count":4,"href":"https:\/\/www.ifbaiano.edu.br\/unidades\/teixeira\/wp-json\/wp\/v2\/pages\/13192\/revisions"}],"predecessor-version":[{"id":14604,"href":"https:\/\/www.ifbaiano.edu.br\/unidades\/teixeira\/wp-json\/wp\/v2\/pages\/13192\/revisions\/14604"}],"wp:attachment":[{"href":"https:\/\/www.ifbaiano.edu.br\/unidades\/teixeira\/wp-json\/wp\/v2\/media?parent=13192"}],"curies":[{"name":"wp","href":"https:\/\/api.w.org\/{rel}","templated":true}]}}