{"id":13202,"date":"2024-02-01T11:26:55","date_gmt":"2024-02-01T14:26:55","guid":{"rendered":"https:\/\/www.ifbaiano.edu.br\/unidades\/teixeira\/?page_id=13202"},"modified":"2025-01-08T10:16:07","modified_gmt":"2025-01-08T13:16:07","slug":"francisco-jose-de-oliveira-andrade","status":"publish","type":"page","link":"https:\/\/www.ifbaiano.edu.br\/unidades\/teixeira\/francisco-jose-de-oliveira-andrade\/","title":{"rendered":"Francisco Jose de Oliveira Andrade"},"content":{"rendered":"\n<p>Doutor em Administra\u00e7\u00e3o e Ci\u00eancias Cont\u00e1beis pela Fucape &#8211; Funda\u00e7\u00e3o de Pesquisa e Ensino na linha de pesquisa de Contabilidade Gerencial com defesa de tese em 1\u00ba de mar\u00e7o de 2023. Mestre em Administra\u00e7\u00e3o pelas Faculdades Integradas Pedro Leopoldo (2005) com linha de pesquisa em Marketing, Imagem Institucional, Satisfa\u00e7\u00e3o e Lealdade do Consumidor de Produtos e Servi\u00e7os. Especializado pela Escola Superior de Propaganda e Marketing e Graduado em Administra\u00e7\u00e3o (1988). No setor privado atuou em empresas no campo da Supervis\u00e3o de vendas e Ger\u00eancia Publicit\u00e1ria. Atuou como professor de ensino superior desde 1993, com foco em Administra\u00e7\u00e3o Mercadol\u00f3gica, Pesquisa Mercadol\u00f3gica, Marketing de Servi\u00e7os, Teoria Geral da Administra\u00e7\u00e3o, Administra\u00e7\u00e3o da Empresa Familiar, Empreendedorismo, Administra\u00e7\u00e3o da Qualidade, Jogos Empresariais, Pesquisa Operacional e Planejamento Estrat\u00e9gico. Orientou e acompanhou projetos de Est\u00e1gio Curricular Supervisionado e Monografias desde 1997, participando de bancas na \u00e1rea de Administra\u00e7\u00e3o e Mercadologia. Foi Coordenador do Curso de Administra\u00e7\u00e3o na modalidade EaD e modalidade presencial na Universidade Vale do Rio Doce (UNIVALE). No setor p\u00fablico atual como professor de Ensino B\u00e1sico, T\u00e9cnico e Tecnol\u00f3gico do Instituto Federal Baiano, Campus Teixeira de Freitas. Atuou como Chefe do N\u00facleo de Rela\u00e7\u00f5es Institucionais (2014-2017) e Coordenador de Curso T\u00e9cnico em Administra\u00e7\u00e3o (2015-2017).<strong>&nbsp;(Texto informado pelo autor)<\/strong><\/p>\n\n\n\n<p>Lattes: <a href=\"http:\/\/lattes.cnpq.br\/6096311741666363\">http:\/\/lattes.cnpq.br\/6096311741666363<\/a><\/p>\n\n\n\n<hr class=\"wp-block-separator has-alpha-channel-opacity\" \/>\n\n\n\n<p>Plano de Trabalho Docente &#8211; PIT<\/p>\n\n\n\n<p><a href=\"https:\/\/www.ifbaiano.edu.br\/unidades\/teixeira\/files\/2024\/02\/Francisco-Andrade-PIT-2023.1.pdf\">2023.1<\/a><\/p>\n\n\n\n<p><a href=\"https:\/\/www.ifbaiano.edu.br\/unidades\/teixeira\/files\/2024\/02\/Francisco-Andrade-PIT-2023.2.pdf\">2023.2<\/a><\/p>\n\n\n\n<p><a href=\"https:\/\/www.ifbaiano.edu.br\/unidades\/teixeira\/files\/2025\/01\/Francisco-PIT-2024.1.pdf\">2024.1<\/a><\/p>\n\n\n\n<p><a href=\"https:\/\/www.ifbaiano.edu.br\/unidades\/teixeira\/files\/2025\/01\/Francisco-pit-2024.2.pdf\">2024.2<\/a><\/p>\n\n\n\n<p>Relat\u00f3rio de Trabalho Docente &#8211; RIT<\/p>\n\n\n\n<p><a href=\"https:\/\/www.ifbaiano.edu.br\/unidades\/teixeira\/files\/2024\/02\/Francisco-Andrade-RIT-2023.1.pdf\">2023.1<\/a><\/p>\n\n\n\n<p><a href=\"https:\/\/www.ifbaiano.edu.br\/unidades\/teixeira\/files\/2025\/01\/Francisco-Jose-RIT-2023.2.pdf\">2023.2<\/a><\/p>\n\n\n\n<p><a href=\"https:\/\/www.ifbaiano.edu.br\/unidades\/teixeira\/files\/2025\/01\/Francisco-rit-2024.1.pdf\">2024.1<\/a><\/p>\n\n\n\n<p><a href=\"https:\/\/www.ifbaiano.edu.br\/unidades\/teixeira\/files\/2025\/01\/Francisco-rit-2024.2.pdf\">2024.2<\/a><\/p>\n","protected":false},"excerpt":{"rendered":"<p>Doutor em Administra\u00e7\u00e3o e Ci\u00eancias Cont\u00e1beis pela Fucape &#8211; Funda\u00e7\u00e3o de Pesquisa e Ensino na linha de pesquisa de Contabilidade Gerencial com defesa de tese em 1\u00ba de mar\u00e7o de 2023. Mestre em Administra\u00e7\u00e3o pelas Faculdades Integradas Pedro Leopoldo (2005) com linha de pesquisa em Marketing, Imagem Institucional, Satisfa\u00e7\u00e3o e Lealdade do Consumidor de Produtos [&hellip;]<\/p>\n","protected":false},"author":152,"featured_media":0,"parent":0,"menu_order":0,"comment_status":"closed","ping_status":"closed","template":"","meta":[],"_links":{"self":[{"href":"https:\/\/www.ifbaiano.edu.br\/unidades\/teixeira\/wp-json\/wp\/v2\/pages\/13202"}],"collection":[{"href":"https:\/\/www.ifbaiano.edu.br\/unidades\/teixeira\/wp-json\/wp\/v2\/pages"}],"about":[{"href":"https:\/\/www.ifbaiano.edu.br\/unidades\/teixeira\/wp-json\/wp\/v2\/types\/page"}],"author":[{"embeddable":true,"href":"https:\/\/www.ifbaiano.edu.br\/unidades\/teixeira\/wp-json\/wp\/v2\/users\/152"}],"replies":[{"embeddable":true,"href":"https:\/\/www.ifbaiano.edu.br\/unidades\/teixeira\/wp-json\/wp\/v2\/comments?post=13202"}],"version-history":[{"count":6,"href":"https:\/\/www.ifbaiano.edu.br\/unidades\/teixeira\/wp-json\/wp\/v2\/pages\/13202\/revisions"}],"predecessor-version":[{"id":14674,"href":"https:\/\/www.ifbaiano.edu.br\/unidades\/teixeira\/wp-json\/wp\/v2\/pages\/13202\/revisions\/14674"}],"wp:attachment":[{"href":"https:\/\/www.ifbaiano.edu.br\/unidades\/teixeira\/wp-json\/wp\/v2\/media?parent=13202"}],"curies":[{"name":"wp","href":"https:\/\/api.w.org\/{rel}","templated":true}]}}