{"id":13217,"date":"2024-02-01T11:42:43","date_gmt":"2024-02-01T14:42:43","guid":{"rendered":"https:\/\/www.ifbaiano.edu.br\/unidades\/teixeira\/?page_id=13217"},"modified":"2024-02-01T11:42:43","modified_gmt":"2024-02-01T14:42:43","slug":"isis-vanessa-halim-de-lima","status":"publish","type":"page","link":"https:\/\/www.ifbaiano.edu.br\/unidades\/teixeira\/isis-vanessa-halim-de-lima\/","title":{"rendered":"Isis Vanessa Halim de Lima"},"content":{"rendered":"\n<p>Bacharel em Turismo e Hotelaria pela Universidade do Estado da Bahia (2005). Mestre em Gest\u00e3o e Planejamento em Turismo pela Universidade de Aveiro, Portugal (2011). Atualmente \u00e9 professora efetiva do Instituto Federal de Educa\u00e7\u00e3o, Ci\u00eancia e Tecnologia Baiano atuando principalmente nos seguintes temas: turismo, hospitalidade e lazer; desenvolvimento local e regional; cultura e patrim\u00f4nio.<strong>\u00a0(Texto informado pelo autor)<\/strong><\/p>\n\n\n\n<p>Lattes: <a href=\"http:\/\/lattes.cnpq.br\/1126706823094441\">http:\/\/lattes.cnpq.br\/1126706823094441<\/a><\/p>\n\n\n\n<hr class=\"wp-block-separator has-alpha-channel-opacity\" \/>\n\n\n\n<p><\/p>\n","protected":false},"excerpt":{"rendered":"<p>Bacharel em Turismo e Hotelaria pela Universidade do Estado da Bahia (2005). Mestre em Gest\u00e3o e Planejamento em Turismo pela Universidade de Aveiro, Portugal (2011). Atualmente \u00e9 professora efetiva do Instituto Federal de Educa\u00e7\u00e3o, Ci\u00eancia e Tecnologia Baiano atuando principalmente nos seguintes temas: turismo, hospitalidade e lazer; desenvolvimento local e regional; cultura e patrim\u00f4nio.\u00a0(Texto informado [&hellip;]<\/p>\n","protected":false},"author":152,"featured_media":0,"parent":0,"menu_order":0,"comment_status":"closed","ping_status":"closed","template":"","meta":[],"_links":{"self":[{"href":"https:\/\/www.ifbaiano.edu.br\/unidades\/teixeira\/wp-json\/wp\/v2\/pages\/13217"}],"collection":[{"href":"https:\/\/www.ifbaiano.edu.br\/unidades\/teixeira\/wp-json\/wp\/v2\/pages"}],"about":[{"href":"https:\/\/www.ifbaiano.edu.br\/unidades\/teixeira\/wp-json\/wp\/v2\/types\/page"}],"author":[{"embeddable":true,"href":"https:\/\/www.ifbaiano.edu.br\/unidades\/teixeira\/wp-json\/wp\/v2\/users\/152"}],"replies":[{"embeddable":true,"href":"https:\/\/www.ifbaiano.edu.br\/unidades\/teixeira\/wp-json\/wp\/v2\/comments?post=13217"}],"version-history":[{"count":1,"href":"https:\/\/www.ifbaiano.edu.br\/unidades\/teixeira\/wp-json\/wp\/v2\/pages\/13217\/revisions"}],"predecessor-version":[{"id":13218,"href":"https:\/\/www.ifbaiano.edu.br\/unidades\/teixeira\/wp-json\/wp\/v2\/pages\/13217\/revisions\/13218"}],"wp:attachment":[{"href":"https:\/\/www.ifbaiano.edu.br\/unidades\/teixeira\/wp-json\/wp\/v2\/media?parent=13217"}],"curies":[{"name":"wp","href":"https:\/\/api.w.org\/{rel}","templated":true}]}}