{"id":13220,"date":"2024-02-01T11:45:42","date_gmt":"2024-02-01T14:45:42","guid":{"rendered":"https:\/\/www.ifbaiano.edu.br\/unidades\/teixeira\/?page_id=13220"},"modified":"2025-01-08T10:52:56","modified_gmt":"2025-01-08T13:52:56","slug":"ivana-lemos-souza","status":"publish","type":"page","link":"https:\/\/www.ifbaiano.edu.br\/unidades\/teixeira\/ivana-lemos-souza\/","title":{"rendered":"Ivana Lemos Souza"},"content":{"rendered":"\n<p>Professora do Instituto Federal de Educa\u00e7\u00e3o, Ci\u00eancia e Tecnologia Baiano (IFBAIANO). P\u00f3s-doutorado realizado no Centro de Pesquisa em Engenharia &#8211; Fitossanidade em Cana-de-A\u00e7\u00facar (CEPENFITO), trabalhando com n\u00edvel de dano econ\u00f4mico do Sphenophorus levis na cana-de-a\u00e7\u00facar. P\u00f3s-doutorado realizado na Universidade Estadual Paulista (UNESP)\/Faculdade de Ci\u00eancias Agr\u00e1rias e Veterin\u00e1rias (FCAV) com parasitoides de cochonilha na cana-de-a\u00e7\u00facar e caf\u00e9, dentre outros. Agr\u00f4noma (UESC &#8211; Universidade Estadual de Santa Cruz (BA), Mestre e Doutora em Entomologia (UFLA &#8211; Universidade Federal de Lavras). Doutorado sandu\u00edche na United States Department of Agriculture Agricultural Research Service &#8211; USDA ARS (Estados Unidos, OR). Tem experi\u00eancia na \u00e1rea de controle biol\u00f3gico, an\u00e1lise de nutrientes do conte\u00fado intestinal de insetos, identifica\u00e7\u00e3o de parasitoides, cria\u00e7\u00e3o de insetos, biologia de insetos, ecologia qu\u00edmica, dentre outros.<strong>&nbsp;(Texto informado pelo autor)<\/strong><\/p>\n\n\n\n<p>Lattes: <a href=\"http:\/\/lattes.cnpq.br\/1344147899355434\">http:\/\/lattes.cnpq.br\/1344147899355434<\/a><\/p>\n\n\n\n<hr class=\"wp-block-separator has-alpha-channel-opacity\" \/>\n\n\n\n<p>Plano de Trabalho Individual &#8211; PIT<\/p>\n\n\n\n<p><a href=\"https:\/\/www.ifbaiano.edu.br\/unidades\/teixeira\/files\/2024\/02\/Ivana-Lemos-PIT-2023.1.pdf\">2023.1<\/a><\/p>\n\n\n\n<p><a href=\"https:\/\/www.ifbaiano.edu.br\/unidades\/teixeira\/files\/2024\/02\/Ivana-Lemos-PIT-2023.2.pdf\">2023.2<\/a><\/p>\n\n\n\n<p><a href=\"https:\/\/www.ifbaiano.edu.br\/unidades\/teixeira\/files\/2025\/01\/Ivana-PIT-2024.1.pdf\">2024.1<\/a><\/p>\n\n\n\n<p><a href=\"https:\/\/www.ifbaiano.edu.br\/unidades\/teixeira\/files\/2025\/01\/Ivana-PIT-2024.2.pdf\">2024.2<\/a><\/p>\n\n\n\n<p>Relat\u00f3rio de Trabalho Individual &#8211; RIT<\/p>\n\n\n\n<p><a href=\"https:\/\/www.ifbaiano.edu.br\/unidades\/teixeira\/files\/2024\/02\/Ivana-Lemos-RIT-2023.1.pdf\">2023.1<\/a><\/p>\n\n\n\n<p><a href=\"https:\/\/www.ifbaiano.edu.br\/unidades\/teixeira\/files\/2025\/01\/Ivana-RIT-2023.2.pdf\">2023.2<\/a><\/p>\n\n\n\n<p><a href=\"https:\/\/www.ifbaiano.edu.br\/unidades\/teixeira\/files\/2025\/01\/Ivana-RIT-2024.2.pdf\">2024.2<\/a><\/p>\n","protected":false},"excerpt":{"rendered":"<p>Professora do Instituto Federal de Educa\u00e7\u00e3o, Ci\u00eancia e Tecnologia Baiano (IFBAIANO). P\u00f3s-doutorado realizado no Centro de Pesquisa em Engenharia &#8211; Fitossanidade em Cana-de-A\u00e7\u00facar (CEPENFITO), trabalhando com n\u00edvel de dano econ\u00f4mico do Sphenophorus levis na cana-de-a\u00e7\u00facar. P\u00f3s-doutorado realizado na Universidade Estadual Paulista (UNESP)\/Faculdade de Ci\u00eancias Agr\u00e1rias e Veterin\u00e1rias (FCAV) com parasitoides de cochonilha na cana-de-a\u00e7\u00facar e [&hellip;]<\/p>\n","protected":false},"author":152,"featured_media":0,"parent":0,"menu_order":0,"comment_status":"closed","ping_status":"closed","template":"","meta":[],"_links":{"self":[{"href":"https:\/\/www.ifbaiano.edu.br\/unidades\/teixeira\/wp-json\/wp\/v2\/pages\/13220"}],"collection":[{"href":"https:\/\/www.ifbaiano.edu.br\/unidades\/teixeira\/wp-json\/wp\/v2\/pages"}],"about":[{"href":"https:\/\/www.ifbaiano.edu.br\/unidades\/teixeira\/wp-json\/wp\/v2\/types\/page"}],"author":[{"embeddable":true,"href":"https:\/\/www.ifbaiano.edu.br\/unidades\/teixeira\/wp-json\/wp\/v2\/users\/152"}],"replies":[{"embeddable":true,"href":"https:\/\/www.ifbaiano.edu.br\/unidades\/teixeira\/wp-json\/wp\/v2\/comments?post=13220"}],"version-history":[{"count":4,"href":"https:\/\/www.ifbaiano.edu.br\/unidades\/teixeira\/wp-json\/wp\/v2\/pages\/13220\/revisions"}],"predecessor-version":[{"id":14709,"href":"https:\/\/www.ifbaiano.edu.br\/unidades\/teixeira\/wp-json\/wp\/v2\/pages\/13220\/revisions\/14709"}],"wp:attachment":[{"href":"https:\/\/www.ifbaiano.edu.br\/unidades\/teixeira\/wp-json\/wp\/v2\/media?parent=13220"}],"curies":[{"name":"wp","href":"https:\/\/api.w.org\/{rel}","templated":true}]}}