{"id":13226,"date":"2024-02-01T11:57:50","date_gmt":"2024-02-01T14:57:50","guid":{"rendered":"https:\/\/www.ifbaiano.edu.br\/unidades\/teixeira\/?page_id=13226"},"modified":"2025-01-06T10:46:22","modified_gmt":"2025-01-06T13:46:22","slug":"ivanildo-rocha-porto","status":"publish","type":"page","link":"https:\/\/www.ifbaiano.edu.br\/unidades\/teixeira\/ivanildo-rocha-porto\/","title":{"rendered":"Ivanildo Rocha Porto"},"content":{"rendered":"\n<p>Professor de Matem\u00e1tica no Instituto Federal de Educa\u00e7\u00e3o, Ci\u00eancias e Tecnologia Baiano &#8211; IFBAIANO. Possui gradua\u00e7\u00e3o em Licenciatura com Habilita\u00e7\u00e3o em Matem\u00e1tica pela Universidade do Estado da Bahia (2006) e Especializa\u00e7\u00f5es em: Matem\u00e1tica e Estat\u00edstica pela UFLA; Esino da Matem\u00e1tica pela FINOM, Gest\u00e3o Escolar pela UFBA e Matem\u00e1tica pela UESC. Experi\u00eancia na \u00e1rea de Matem\u00e1tica e em Gest\u00e3o Escolar.<strong>&nbsp;(Texto informado pelo autor)<\/strong><\/p>\n\n\n\n<p>Lattes: &nbsp;<a href=\"http:\/\/lattes.cnpq.br\/7292775991102962\">http:\/\/lattes.cnpq.br\/7292775991102962<\/a> <\/p>\n\n\n\n<hr class=\"wp-block-separator has-alpha-channel-opacity\" \/>\n\n\n\n<p>Plano de Trabalho Individual &#8211; PIT<\/p>\n\n\n\n<p><a href=\"https:\/\/www.ifbaiano.edu.br\/unidades\/teixeira\/files\/2024\/02\/Ivanildo-Rocha-PIT-2022.1.pdf\">2022.1<\/a><\/p>\n\n\n\n<p><a href=\"https:\/\/www.ifbaiano.edu.br\/unidades\/teixeira\/files\/2024\/02\/Ivanildo-Rocha-PIT-2022.2.pdf\">2022.2<\/a><\/p>\n\n\n\n<p><a href=\"https:\/\/www.ifbaiano.edu.br\/unidades\/teixeira\/files\/2024\/02\/Ivanildo-Rocha-PIT-2023.1.pdf\">2023.1<\/a><\/p>\n\n\n\n<p><a href=\"https:\/\/www.ifbaiano.edu.br\/unidades\/teixeira\/files\/2024\/02\/Ivanildo-Rocha-PIT-2023.2.pdf\">2023.2<\/a><\/p>\n\n\n\n<p>Relat\u00f3rio de Trabalho Individual &#8211; RIT<\/p>\n\n\n\n<p><a href=\"https:\/\/www.ifbaiano.edu.br\/unidades\/teixeira\/files\/2024\/02\/Ivanildo-Rocha-RIT-2022.1.pdf\">2022.1<\/a><\/p>\n\n\n\n<p><a href=\"https:\/\/www.ifbaiano.edu.br\/unidades\/teixeira\/files\/2024\/02\/Ivanildo-Rocha-RIT-2022.2.pdf\">2022.2<\/a><\/p>\n\n\n\n<p><a href=\"https:\/\/www.ifbaiano.edu.br\/unidades\/teixeira\/files\/2024\/02\/Ivanildo-Rocha-RIT-2023.1.pdf\">2023.1<\/a><\/p>\n\n\n\n<p><a href=\"https:\/\/www.ifbaiano.edu.br\/unidades\/teixeira\/files\/2025\/01\/Ivanildo-RIT-2023.2.pdf\">2023.2<\/a><\/p>\n","protected":false},"excerpt":{"rendered":"<p>Professor de Matem\u00e1tica no Instituto Federal de Educa\u00e7\u00e3o, Ci\u00eancias e Tecnologia Baiano &#8211; IFBAIANO. Possui gradua\u00e7\u00e3o em Licenciatura com Habilita\u00e7\u00e3o em Matem\u00e1tica pela Universidade do Estado da Bahia (2006) e Especializa\u00e7\u00f5es em: Matem\u00e1tica e Estat\u00edstica pela UFLA; Esino da Matem\u00e1tica pela FINOM, Gest\u00e3o Escolar pela UFBA e Matem\u00e1tica pela UESC. Experi\u00eancia na \u00e1rea de Matem\u00e1tica [&hellip;]<\/p>\n","protected":false},"author":152,"featured_media":0,"parent":0,"menu_order":0,"comment_status":"closed","ping_status":"closed","template":"","meta":[],"_links":{"self":[{"href":"https:\/\/www.ifbaiano.edu.br\/unidades\/teixeira\/wp-json\/wp\/v2\/pages\/13226"}],"collection":[{"href":"https:\/\/www.ifbaiano.edu.br\/unidades\/teixeira\/wp-json\/wp\/v2\/pages"}],"about":[{"href":"https:\/\/www.ifbaiano.edu.br\/unidades\/teixeira\/wp-json\/wp\/v2\/types\/page"}],"author":[{"embeddable":true,"href":"https:\/\/www.ifbaiano.edu.br\/unidades\/teixeira\/wp-json\/wp\/v2\/users\/152"}],"replies":[{"embeddable":true,"href":"https:\/\/www.ifbaiano.edu.br\/unidades\/teixeira\/wp-json\/wp\/v2\/comments?post=13226"}],"version-history":[{"count":2,"href":"https:\/\/www.ifbaiano.edu.br\/unidades\/teixeira\/wp-json\/wp\/v2\/pages\/13226\/revisions"}],"predecessor-version":[{"id":14398,"href":"https:\/\/www.ifbaiano.edu.br\/unidades\/teixeira\/wp-json\/wp\/v2\/pages\/13226\/revisions\/14398"}],"wp:attachment":[{"href":"https:\/\/www.ifbaiano.edu.br\/unidades\/teixeira\/wp-json\/wp\/v2\/media?parent=13226"}],"curies":[{"name":"wp","href":"https:\/\/api.w.org\/{rel}","templated":true}]}}