{"id":13236,"date":"2024-02-01T12:01:38","date_gmt":"2024-02-01T15:01:38","guid":{"rendered":"https:\/\/www.ifbaiano.edu.br\/unidades\/teixeira\/?page_id=13236"},"modified":"2025-01-06T10:39:32","modified_gmt":"2025-01-06T13:39:32","slug":"joabe-jobson-de-oliveira-pimentel","status":"publish","type":"page","link":"https:\/\/www.ifbaiano.edu.br\/unidades\/teixeira\/joabe-jobson-de-oliveira-pimentel\/","title":{"rendered":"Joabe Jobson de Oliveira Pimentel"},"content":{"rendered":"\n<p>Bacharel em Zootecnia com Mestrado e Doutorado nesta mesma \u00e1rea, pela Universidade Federal de Vi\u00e7osa. Trabalhou por mais de sete anos em empresas ligadas \u00e0 produ\u00e7\u00e3o animal, atuando como consultor, supervisor e gerente de vendas. Foi superintendente e presidente de cooperativa agropecu\u00e1ria do ramo de latic\u00ednios. Atualmente \u00e9 professor do quadro efetivo do Instituto Federal Baiano, no Campus de Teixeira de Freitas, onde desenvolve atividades de ensino, pesquisa e extens\u00e3o nas \u00e1reas de Bovinocultura, Forragicultura e pastagens. Foi coordenador de Extens\u00e3o de 2011 a 2017.<strong>&nbsp;(Texto informado pelo autor)<\/strong><\/p>\n\n\n\n<p>Lattes: <a href=\"http:\/\/lattes.cnpq.br\/4376088315738298\">http:\/\/lattes.cnpq.br\/4376088315738298<\/a><\/p>\n\n\n\n<hr class=\"wp-block-separator has-alpha-channel-opacity\" \/>\n\n\n\n<p>Plano de Trabalho Individual &#8211; PIT<\/p>\n\n\n\n<p><a href=\"https:\/\/www.ifbaiano.edu.br\/unidades\/teixeira\/files\/2024\/02\/Joabe-Jobson-de-Oliveira-PIT-2022.1.pdf\">2022.1<\/a><\/p>\n\n\n\n<p><a href=\"https:\/\/www.ifbaiano.edu.br\/unidades\/teixeira\/files\/2024\/02\/Joabe-Jobson-Pimentel-PIT-2022.2.pdf\">2022.2<\/a><\/p>\n\n\n\n<p><a href=\"https:\/\/www.ifbaiano.edu.br\/unidades\/teixeira\/files\/2024\/02\/Joabe-Jobson-Pimentel-PIT-2023.1.pdf\">2023.1<\/a><\/p>\n\n\n\n<p><a href=\"https:\/\/www.ifbaiano.edu.br\/unidades\/teixeira\/files\/2025\/01\/Jobson-PIT-2023.2.pdf\">2023.2<\/a><\/p>\n\n\n\n<p>Relat\u00f3rio de Trabalho Individual &#8211; RIT<\/p>\n\n\n\n<p><a href=\"https:\/\/www.ifbaiano.edu.br\/unidades\/teixeira\/files\/2024\/02\/Joabe-Jobson-de-Oliveira-RIT-2022.1.pdf\">2022.1<\/a><\/p>\n\n\n\n<p><a href=\"https:\/\/www.ifbaiano.edu.br\/unidades\/teixeira\/files\/2024\/02\/Joabe-Jobson-Pimentel-RIT-2022.2.pdf\">2022.2<\/a><\/p>\n\n\n\n<p><a href=\"https:\/\/www.ifbaiano.edu.br\/unidades\/teixeira\/files\/2024\/02\/Joabe-Jobson-Pimentel-RIT-2023.1.pdf\">2023.1<\/a><\/p>\n\n\n\n<p>2023.2<\/p>\n","protected":false},"excerpt":{"rendered":"<p>Bacharel em Zootecnia com Mestrado e Doutorado nesta mesma \u00e1rea, pela Universidade Federal de Vi\u00e7osa. Trabalhou por mais de sete anos em empresas ligadas \u00e0 produ\u00e7\u00e3o animal, atuando como consultor, supervisor e gerente de vendas. Foi superintendente e presidente de cooperativa agropecu\u00e1ria do ramo de latic\u00ednios. Atualmente \u00e9 professor do quadro efetivo do Instituto Federal [&hellip;]<\/p>\n","protected":false},"author":152,"featured_media":0,"parent":0,"menu_order":0,"comment_status":"closed","ping_status":"closed","template":"","meta":[],"_links":{"self":[{"href":"https:\/\/www.ifbaiano.edu.br\/unidades\/teixeira\/wp-json\/wp\/v2\/pages\/13236"}],"collection":[{"href":"https:\/\/www.ifbaiano.edu.br\/unidades\/teixeira\/wp-json\/wp\/v2\/pages"}],"about":[{"href":"https:\/\/www.ifbaiano.edu.br\/unidades\/teixeira\/wp-json\/wp\/v2\/types\/page"}],"author":[{"embeddable":true,"href":"https:\/\/www.ifbaiano.edu.br\/unidades\/teixeira\/wp-json\/wp\/v2\/users\/152"}],"replies":[{"embeddable":true,"href":"https:\/\/www.ifbaiano.edu.br\/unidades\/teixeira\/wp-json\/wp\/v2\/comments?post=13236"}],"version-history":[{"count":2,"href":"https:\/\/www.ifbaiano.edu.br\/unidades\/teixeira\/wp-json\/wp\/v2\/pages\/13236\/revisions"}],"predecessor-version":[{"id":14387,"href":"https:\/\/www.ifbaiano.edu.br\/unidades\/teixeira\/wp-json\/wp\/v2\/pages\/13236\/revisions\/14387"}],"wp:attachment":[{"href":"https:\/\/www.ifbaiano.edu.br\/unidades\/teixeira\/wp-json\/wp\/v2\/media?parent=13236"}],"curies":[{"name":"wp","href":"https:\/\/api.w.org\/{rel}","templated":true}]}}