{"id":13260,"date":"2024-02-05T10:57:00","date_gmt":"2024-02-05T13:57:00","guid":{"rendered":"https:\/\/www.ifbaiano.edu.br\/unidades\/teixeira\/?page_id=13260"},"modified":"2024-02-05T10:57:00","modified_gmt":"2024-02-05T13:57:00","slug":"joao-batista-botton","status":"publish","type":"page","link":"https:\/\/www.ifbaiano.edu.br\/unidades\/teixeira\/joao-batista-botton\/","title":{"rendered":"Joao Batista Botton"},"content":{"rendered":"\n<p>Professor do Instituto Federal Baiano. \u00c9 doutor em Filosofia pela Universidade Federal de Minas Gerais com est\u00e1gio doutoral na \u00c9cole des Hautes \u00c9tudes en Sciences Sociales como pesquisador livre e no Fonds Ricoeur como pesquisador associado (bolsista CNPq &#8211; SWE). Possui mestrado (2010) e gradua\u00e7\u00e3o (2008) em filosofia pela Universidade Federal de Santa Maria. Tem experi\u00eancia na \u00e1rea de Filosofia, com \u00eanfase em Fenomenologia e Hermen\u00eautica Filos\u00f3fica, atuando principalmente nos seguintes temas: identidade pessoal, subjetividade, alteridade, temporalidade, narratividade, interpreta\u00e7\u00e3o, \u00e9tica e teoria da a\u00e7\u00e3o.<strong>\u00a0(Texto informado pelo autor)<\/strong><\/p>\n\n\n\n<p>Lattes: <a href=\"http:\/\/lattes.cnpq.br\/2934841447337623\">http:\/\/lattes.cnpq.br\/2934841447337623<\/a><\/p>\n\n\n\n<hr class=\"wp-block-separator has-alpha-channel-opacity\" \/>\n\n\n\n<p><\/p>\n","protected":false},"excerpt":{"rendered":"<p>Professor do Instituto Federal Baiano. \u00c9 doutor em Filosofia pela Universidade Federal de Minas Gerais com est\u00e1gio doutoral na \u00c9cole des Hautes \u00c9tudes en Sciences Sociales como pesquisador livre e no Fonds Ricoeur como pesquisador associado (bolsista CNPq &#8211; SWE). Possui mestrado (2010) e gradua\u00e7\u00e3o (2008) em filosofia pela Universidade Federal de Santa Maria. Tem [&hellip;]<\/p>\n","protected":false},"author":152,"featured_media":0,"parent":0,"menu_order":0,"comment_status":"closed","ping_status":"closed","template":"","meta":[],"_links":{"self":[{"href":"https:\/\/www.ifbaiano.edu.br\/unidades\/teixeira\/wp-json\/wp\/v2\/pages\/13260"}],"collection":[{"href":"https:\/\/www.ifbaiano.edu.br\/unidades\/teixeira\/wp-json\/wp\/v2\/pages"}],"about":[{"href":"https:\/\/www.ifbaiano.edu.br\/unidades\/teixeira\/wp-json\/wp\/v2\/types\/page"}],"author":[{"embeddable":true,"href":"https:\/\/www.ifbaiano.edu.br\/unidades\/teixeira\/wp-json\/wp\/v2\/users\/152"}],"replies":[{"embeddable":true,"href":"https:\/\/www.ifbaiano.edu.br\/unidades\/teixeira\/wp-json\/wp\/v2\/comments?post=13260"}],"version-history":[{"count":1,"href":"https:\/\/www.ifbaiano.edu.br\/unidades\/teixeira\/wp-json\/wp\/v2\/pages\/13260\/revisions"}],"predecessor-version":[{"id":13261,"href":"https:\/\/www.ifbaiano.edu.br\/unidades\/teixeira\/wp-json\/wp\/v2\/pages\/13260\/revisions\/13261"}],"wp:attachment":[{"href":"https:\/\/www.ifbaiano.edu.br\/unidades\/teixeira\/wp-json\/wp\/v2\/media?parent=13260"}],"curies":[{"name":"wp","href":"https:\/\/api.w.org\/{rel}","templated":true}]}}