{"id":13263,"date":"2024-02-05T10:58:34","date_gmt":"2024-02-05T13:58:34","guid":{"rendered":"https:\/\/www.ifbaiano.edu.br\/unidades\/teixeira\/?page_id=13263"},"modified":"2025-01-08T09:59:59","modified_gmt":"2025-01-08T12:59:59","slug":"joselito-da-silva-bispo","status":"publish","type":"page","link":"https:\/\/www.ifbaiano.edu.br\/unidades\/teixeira\/joselito-da-silva-bispo\/","title":{"rendered":"Joselito da Silva Bispo"},"content":{"rendered":"\n<p>Doutorando em Ensino de Ci\u00eancias Exatas &#8211; Universidade do Vale do Taquari (Univates) &#8211; (2020), Mestre em Educa\u00e7\u00e3o Matem\u00e1tica pela Universidade Estadual de Santa Cruz UESC (2014), P\u00f3s-Gradua\u00e7\u00e3o Lato Sensu em Matem\u00e1tica e Estat\u00edstica pela Universidade Federal de Lavras UFLA (2008), Graduado em Licenciatura Plena em Ci\u00eancias &#8211; Habilita\u00e7\u00e3o em Matem\u00e1tica pela Universidade do Estado da Bahia UNEB &#8211; Campus VII &#8211; Departamento de Educa\u00e7\u00e3o &#8211; Campus Senhor do Bonfim (2006). Atualmente \u00e9 Professor de Matem\u00e1tica do Ensino B\u00e1sico T\u00e9cnico e Tecnol\u00f3gico EBTT dos cursos Profissionalizantes Integrado e Subsequente em Administra\u00e7\u00e3o, Agropecu\u00e1ria e Florestas, Estat\u00edstica B\u00e1sica e C\u00e1lculo Diferencial e Integral no Curso de Engenharia Agron\u00f4mica do Quadro Efetivo do Instituto Federal de Educa\u00e7\u00e3o, Ci\u00eancias e Tecnologia Baiano (IF BAIANO) &#8211; Campus Teixeira de Freitas.<strong>&nbsp;(Texto informado pelo autor)<\/strong><\/p>\n\n\n\n<p>Lattes: <a href=\"http:\/\/lattes.cnpq.br\/4992667850771322\">http:\/\/lattes.cnpq.br\/4992667850771322<\/a><\/p>\n\n\n\n<hr class=\"wp-block-separator has-alpha-channel-opacity\" \/>\n\n\n\n<p>PIT<\/p>\n\n\n\n<p><a href=\"https:\/\/www.ifbaiano.edu.br\/unidades\/teixeira\/files\/2025\/01\/Joselito-pit-2024.1.pdf\">2024.1<\/a><\/p>\n\n\n\n<p><a href=\"https:\/\/www.ifbaiano.edu.br\/unidades\/teixeira\/files\/2025\/01\/Joselito-pit-2024.2.pdf\">2024.2<\/a><\/p>\n\n\n\n<p>RIT<\/p>\n\n\n\n<p><a href=\"https:\/\/www.ifbaiano.edu.br\/unidades\/teixeira\/files\/2025\/01\/Joselito-2024.1.pdf\">2024.1<\/a><\/p>\n\n\n\n<p><a href=\"https:\/\/www.ifbaiano.edu.br\/unidades\/teixeira\/files\/2025\/01\/Joselito-rit-2024.2.pdf\">2024.2<\/a><\/p>\n","protected":false},"excerpt":{"rendered":"<p>Doutorando em Ensino de Ci\u00eancias Exatas &#8211; Universidade do Vale do Taquari (Univates) &#8211; (2020), Mestre em Educa\u00e7\u00e3o Matem\u00e1tica pela Universidade Estadual de Santa Cruz UESC (2014), P\u00f3s-Gradua\u00e7\u00e3o Lato Sensu em Matem\u00e1tica e Estat\u00edstica pela Universidade Federal de Lavras UFLA (2008), Graduado em Licenciatura Plena em Ci\u00eancias &#8211; Habilita\u00e7\u00e3o em Matem\u00e1tica pela Universidade do Estado [&hellip;]<\/p>\n","protected":false},"author":152,"featured_media":0,"parent":0,"menu_order":0,"comment_status":"closed","ping_status":"closed","template":"","meta":[],"_links":{"self":[{"href":"https:\/\/www.ifbaiano.edu.br\/unidades\/teixeira\/wp-json\/wp\/v2\/pages\/13263"}],"collection":[{"href":"https:\/\/www.ifbaiano.edu.br\/unidades\/teixeira\/wp-json\/wp\/v2\/pages"}],"about":[{"href":"https:\/\/www.ifbaiano.edu.br\/unidades\/teixeira\/wp-json\/wp\/v2\/types\/page"}],"author":[{"embeddable":true,"href":"https:\/\/www.ifbaiano.edu.br\/unidades\/teixeira\/wp-json\/wp\/v2\/users\/152"}],"replies":[{"embeddable":true,"href":"https:\/\/www.ifbaiano.edu.br\/unidades\/teixeira\/wp-json\/wp\/v2\/comments?post=13263"}],"version-history":[{"count":4,"href":"https:\/\/www.ifbaiano.edu.br\/unidades\/teixeira\/wp-json\/wp\/v2\/pages\/13263\/revisions"}],"predecessor-version":[{"id":14645,"href":"https:\/\/www.ifbaiano.edu.br\/unidades\/teixeira\/wp-json\/wp\/v2\/pages\/13263\/revisions\/14645"}],"wp:attachment":[{"href":"https:\/\/www.ifbaiano.edu.br\/unidades\/teixeira\/wp-json\/wp\/v2\/media?parent=13263"}],"curies":[{"name":"wp","href":"https:\/\/api.w.org\/{rel}","templated":true}]}}