{"id":13266,"date":"2024-02-05T11:02:08","date_gmt":"2024-02-05T14:02:08","guid":{"rendered":"https:\/\/www.ifbaiano.edu.br\/unidades\/teixeira\/?page_id=13266"},"modified":"2025-01-08T09:12:06","modified_gmt":"2025-01-08T12:12:06","slug":"jose-pereira-torres","status":"publish","type":"page","link":"https:\/\/www.ifbaiano.edu.br\/unidades\/teixeira\/jose-pereira-torres\/","title":{"rendered":"Jose Pereira Torres"},"content":{"rendered":"\n<p>Graduado em Pedagogia pela UNEB &#8211; Universidade do Estado da Bahia; Graduado em Letras Portugu\u00eas Ingl\u00eas pela Universidade Metropolitana de Santos; Especialista em Docencia em Lingua Inglesa pela Faculdade do Vale do Cricar\u00e9; Especializa\u00e7\u00e3o Lato Sensu em Educa\u00e7\u00e3o Profissional e Tecnol\u00f3gica pelo IFES &#8211; Instituto Federal do Espirito Santo; Atuou como professor de Lingua Inglesa no Ensino Fundamental II nos munic\u00edpios baianos de Alcoba\u00e7a, Caravelas, Teixeira de Freitas e tambem pela rede estadual no Ensino M\u00e9dio nos munic\u00edpios de Caravelas e Teixeira de Freitas. Tem Cursos de Midias e Tecnologias na Educa\u00e7\u00e3o pelo IAT &#8211; Instituto Anisio Teixeira e pela UESB &#8211; Universidade Estadual do Sudoeste da Bahia. Atualmente \u00e9 professor EBTT, efetivo 40 horas com dedica\u00e7\u00e3o exclusiva, no Instituto Federal Baiano, campus Teixeira de Freitas, como professor de Portugu\u00eas Ingl\u00eas. Atuou como palestrante nas Conferencias Municipais de Educa\u00e7\u00e3o em 2014, nas cidades de Itanhem, Medeiros Neto e Prado, abordando o Plano Nacional de Educa\u00e7\u00e3o; \u00c9 aplicador do teste de profici\u00eancia Toeic Bridge e fez treinamento para aplicador do teste Toefl ITP; Foi tutor presencial por 02 anos no curso T\u00e9cnico em Seguran\u00e7a do Trabalho pelo IFPR &#8211; Instituto Federal do Paran\u00e1; Atuou como Coordenador do Curso T\u00e9cnico em Hospedagem por 03 anos e est\u00e1 como Coordenador de Educa\u00e7\u00e3o a Distancia do IF Baiano h\u00e1 04 anos. Participou da cria\u00e7\u00e3o e estrutura\u00e7\u00e3o do curso T\u00e9cnico em Administra\u00e7\u00e3o nas modalidades Integrada e Subsequente. Foi presidente do Grupo de Trabalho para reformula\u00e7\u00e3o do Curso T\u00e9cnico em Hospedagem. Trabalhou na estrutura\u00e7\u00e3o da especializa\u00e7\u00e3o Lato Sensu de Praticas Interdisciplinares em Humanidades e Letras;<strong>&nbsp;(Texto informado pelo autor)<\/strong><\/p>\n\n\n\n<p>Lattes: <a href=\"http:\/\/lattes.cnpq.br\/2666124254603993\">http:\/\/lattes.cnpq.br\/2666124254603993<\/a><\/p>\n\n\n\n<hr class=\"wp-block-separator has-alpha-channel-opacity\" \/>\n\n\n\n<p>Plano de Trabalho Docente<\/p>\n\n\n\n<p><a href=\"https:\/\/www.ifbaiano.edu.br\/unidades\/teixeira\/files\/2024\/02\/Jose-Torres-PIT-2022.1.pdf\">2022.1<\/a><\/p>\n\n\n\n<p><a href=\"https:\/\/www.ifbaiano.edu.br\/unidades\/teixeira\/files\/2024\/02\/Jose-Pereira-Torres-PIT-2022.2.pdf\">2022.2<\/a><\/p>\n\n\n\n<p><a href=\"https:\/\/www.ifbaiano.edu.br\/unidades\/teixeira\/files\/2024\/02\/Jose-Pereira-Torres-PIT-2023.1.pdf\">2023.1<\/a><\/p>\n\n\n\n<p><a href=\"https:\/\/www.ifbaiano.edu.br\/unidades\/teixeira\/files\/2024\/02\/Jose-Pereira-Torres-PIT-2023.2.pdf\">2023.2<\/a><\/p>\n\n\n\n<p><a href=\"https:\/\/www.ifbaiano.edu.br\/unidades\/teixeira\/files\/2025\/01\/Jose-torres-pit-2024.2.pdf\">2024.2<\/a><\/p>\n\n\n\n<p>Relat\u00f3rio de Trabalho Docente<\/p>\n\n\n\n<p><a href=\"https:\/\/www.ifbaiano.edu.br\/unidades\/teixeira\/files\/2024\/02\/Jose-Torres-RIT-2022.1.pdf\">2022.1<\/a><\/p>\n\n\n\n<p><a href=\"https:\/\/www.ifbaiano.edu.br\/unidades\/teixeira\/files\/2024\/02\/Jose-Pereira-Torres-RIT-2022.2.pdf\">2022.2<\/a><\/p>\n\n\n\n<p><a href=\"https:\/\/www.ifbaiano.edu.br\/unidades\/teixeira\/files\/2024\/02\/Jose-Pereira-Torres-RIT-2023.1.pdf\">2023.1<\/a><\/p>\n\n\n\n<p>2023.2<\/p>\n\n\n\n<p><a href=\"https:\/\/www.ifbaiano.edu.br\/unidades\/teixeira\/files\/2025\/01\/Jose-torres-rit-2024.2.pdf\">2024.2<\/a><\/p>\n\n\n\n<p><\/p>\n","protected":false},"excerpt":{"rendered":"<p>Graduado em Pedagogia pela UNEB &#8211; Universidade do Estado da Bahia; Graduado em Letras Portugu\u00eas Ingl\u00eas pela Universidade Metropolitana de Santos; Especialista em Docencia em Lingua Inglesa pela Faculdade do Vale do Cricar\u00e9; Especializa\u00e7\u00e3o Lato Sensu em Educa\u00e7\u00e3o Profissional e Tecnol\u00f3gica pelo IFES &#8211; Instituto Federal do Espirito Santo; Atuou como professor de Lingua Inglesa [&hellip;]<\/p>\n","protected":false},"author":152,"featured_media":0,"parent":0,"menu_order":0,"comment_status":"closed","ping_status":"closed","template":"","meta":[],"_links":{"self":[{"href":"https:\/\/www.ifbaiano.edu.br\/unidades\/teixeira\/wp-json\/wp\/v2\/pages\/13266"}],"collection":[{"href":"https:\/\/www.ifbaiano.edu.br\/unidades\/teixeira\/wp-json\/wp\/v2\/pages"}],"about":[{"href":"https:\/\/www.ifbaiano.edu.br\/unidades\/teixeira\/wp-json\/wp\/v2\/types\/page"}],"author":[{"embeddable":true,"href":"https:\/\/www.ifbaiano.edu.br\/unidades\/teixeira\/wp-json\/wp\/v2\/users\/152"}],"replies":[{"embeddable":true,"href":"https:\/\/www.ifbaiano.edu.br\/unidades\/teixeira\/wp-json\/wp\/v2\/comments?post=13266"}],"version-history":[{"count":3,"href":"https:\/\/www.ifbaiano.edu.br\/unidades\/teixeira\/wp-json\/wp\/v2\/pages\/13266\/revisions"}],"predecessor-version":[{"id":14597,"href":"https:\/\/www.ifbaiano.edu.br\/unidades\/teixeira\/wp-json\/wp\/v2\/pages\/13266\/revisions\/14597"}],"wp:attachment":[{"href":"https:\/\/www.ifbaiano.edu.br\/unidades\/teixeira\/wp-json\/wp\/v2\/media?parent=13266"}],"curies":[{"name":"wp","href":"https:\/\/api.w.org\/{rel}","templated":true}]}}