{"id":13276,"date":"2024-02-05T11:05:13","date_gmt":"2024-02-05T14:05:13","guid":{"rendered":"https:\/\/www.ifbaiano.edu.br\/unidades\/teixeira\/?page_id=13276"},"modified":"2025-01-08T10:20:17","modified_gmt":"2025-01-08T13:20:17","slug":"laikui-cardoso-lins","status":"publish","type":"page","link":"https:\/\/www.ifbaiano.edu.br\/unidades\/teixeira\/laikui-cardoso-lins\/","title":{"rendered":"Laikui Cardoso Lins"},"content":{"rendered":"\n<p>Licenciada em Letras Vern\u00e1culas (2006) e Mestre em Literatura e Diversidade Cultural (2009) pela Universidade Estadual de Feira de Santana (UEFS), \u00e9 Docente do Ensino B\u00e1sico, T\u00e9cnico e Tecnol\u00f3gico &#8211; EBTT, do Instituto Federal de Educa\u00e7\u00e3o, Ci\u00eancia e Tecnologia Baiano &#8211; IF Baiano, no Campus Teixeira de Freitas &#8211; BA e Pesquisadora do GPELIF (Grupo de Pesquisa em Linguagens do IF Baiano), atuando na linha de pesquisa: Linguagens, Literatura e Estudos Culturais. Eventualmente, profere palestras e ministra cursos de forma\u00e7\u00e3o de professores, abordando as tem\u00e1ticas da produ\u00e7\u00e3o textual na escola e corre\u00e7\u00e3o de textos escolares. Desenvolve tamb\u00e9m outras atividades relacionadas aos temas: leitura e forma\u00e7\u00e3o do leitor; ensino de Literatura; literatura e cinema; recep\u00e7\u00e3o cinematogr\u00e1fica e de textos liter\u00e1rios; hist\u00f3ria do cinema e cinema novo. E-mail: laikui.lins@ifbaiano.edu.br.<strong>&nbsp;(Texto informado pelo autor)<\/strong><\/p>\n\n\n\n<p>Lattes: &nbsp;<a href=\"http:\/\/lattes.cnpq.br\/0859047882947007\">http:\/\/lattes.cnpq.br\/0859047882947007<\/a><\/p>\n\n\n\n<hr class=\"wp-block-separator has-alpha-channel-opacity\" \/>\n\n\n\n<p>Plano de Trabalho Docente &#8211; PIT<\/p>\n\n\n\n<p><a href=\"https:\/\/www.ifbaiano.edu.br\/unidades\/teixeira\/files\/2024\/02\/Laikui-Cardoso-Lins-PIT-2022.1.pdf\">2022.1<\/a><\/p>\n\n\n\n<p><a href=\"https:\/\/www.ifbaiano.edu.br\/unidades\/teixeira\/files\/2024\/02\/Laikui-Cardoso-Lins-PIT-2022.2.pdf\">2022.2<\/a><\/p>\n\n\n\n<p><a href=\"https:\/\/www.ifbaiano.edu.br\/unidades\/teixeira\/files\/2024\/02\/Laikui-Lins-PIT-2023.1.pdf\">2023.1<\/a><\/p>\n\n\n\n<p><a href=\"https:\/\/www.ifbaiano.edu.br\/unidades\/teixeira\/files\/2024\/02\/Laikui-Lins-PIT-2023.2.pdf\">2023.2<\/a><\/p>\n\n\n\n<p><a href=\"https:\/\/www.ifbaiano.edu.br\/unidades\/teixeira\/files\/2025\/01\/Laikui-PIT-2024.1.pdf\">2024.1<\/a><\/p>\n\n\n\n<p><a href=\"https:\/\/www.ifbaiano.edu.br\/unidades\/teixeira\/files\/2025\/01\/Laikui-PIT-2024.2.pdf\">2024.2<\/a><\/p>\n\n\n\n<p>Relat\u00f3rio de Trabalho Docente<\/p>\n\n\n\n<p><a href=\"https:\/\/www.ifbaiano.edu.br\/unidades\/teixeira\/files\/2024\/02\/Laikui-Cardoso-Lins-RIT-2022.1.pdf\">2022.1<\/a><\/p>\n\n\n\n<p><a href=\"https:\/\/www.ifbaiano.edu.br\/unidades\/teixeira\/files\/2024\/02\/Laikui-Cardoso-Lins-RIT-2022.2.pdf\">2022.2<\/a><\/p>\n\n\n\n<p><a href=\"https:\/\/www.ifbaiano.edu.br\/unidades\/teixeira\/files\/2024\/02\/Laikui-Lins-RIT2023.1.pdf\">2023.1<\/a><\/p>\n\n\n\n<p>2023.2<\/p>\n\n\n\n<p><a href=\"https:\/\/www.ifbaiano.edu.br\/unidades\/teixeira\/files\/2025\/01\/Laikui-rit-2024.1.pdf\">2024.1<\/a><\/p>\n\n\n\n<p><a href=\"https:\/\/www.ifbaiano.edu.br\/unidades\/teixeira\/files\/2025\/01\/Laikui-RIT-2024.2.pdf\">2024.2<\/a><\/p>\n","protected":false},"excerpt":{"rendered":"<p>Licenciada em Letras Vern\u00e1culas (2006) e Mestre em Literatura e Diversidade Cultural (2009) pela Universidade Estadual de Feira de Santana (UEFS), \u00e9 Docente do Ensino B\u00e1sico, T\u00e9cnico e Tecnol\u00f3gico &#8211; EBTT, do Instituto Federal de Educa\u00e7\u00e3o, Ci\u00eancia e Tecnologia Baiano &#8211; IF Baiano, no Campus Teixeira de Freitas &#8211; BA e Pesquisadora do GPELIF (Grupo [&hellip;]<\/p>\n","protected":false},"author":152,"featured_media":0,"parent":0,"menu_order":0,"comment_status":"closed","ping_status":"closed","template":"","meta":[],"_links":{"self":[{"href":"https:\/\/www.ifbaiano.edu.br\/unidades\/teixeira\/wp-json\/wp\/v2\/pages\/13276"}],"collection":[{"href":"https:\/\/www.ifbaiano.edu.br\/unidades\/teixeira\/wp-json\/wp\/v2\/pages"}],"about":[{"href":"https:\/\/www.ifbaiano.edu.br\/unidades\/teixeira\/wp-json\/wp\/v2\/types\/page"}],"author":[{"embeddable":true,"href":"https:\/\/www.ifbaiano.edu.br\/unidades\/teixeira\/wp-json\/wp\/v2\/users\/152"}],"replies":[{"embeddable":true,"href":"https:\/\/www.ifbaiano.edu.br\/unidades\/teixeira\/wp-json\/wp\/v2\/comments?post=13276"}],"version-history":[{"count":4,"href":"https:\/\/www.ifbaiano.edu.br\/unidades\/teixeira\/wp-json\/wp\/v2\/pages\/13276\/revisions"}],"predecessor-version":[{"id":14684,"href":"https:\/\/www.ifbaiano.edu.br\/unidades\/teixeira\/wp-json\/wp\/v2\/pages\/13276\/revisions\/14684"}],"wp:attachment":[{"href":"https:\/\/www.ifbaiano.edu.br\/unidades\/teixeira\/wp-json\/wp\/v2\/media?parent=13276"}],"curies":[{"name":"wp","href":"https:\/\/api.w.org\/{rel}","templated":true}]}}