{"id":13296,"date":"2024-02-05T11:21:53","date_gmt":"2024-02-05T14:21:53","guid":{"rendered":"https:\/\/www.ifbaiano.edu.br\/unidades\/teixeira\/?page_id=13296"},"modified":"2025-01-08T09:52:14","modified_gmt":"2025-01-08T12:52:14","slug":"mardel-miranda-mendes-lopes","status":"publish","type":"page","link":"https:\/\/www.ifbaiano.edu.br\/unidades\/teixeira\/mardel-miranda-mendes-lopes\/","title":{"rendered":"Mardel Miranda Mendes Lopes"},"content":{"rendered":"\n<p>Possui Gradua\u00e7\u00e3o em Engenharia Florestal e Mestrado em Bot\u00e2nica pela Universidade Federal de Vi\u00e7osa. Foi pesquisador do Centro de Pesquisas do Cacau &#8211; CEPEC, Bahia, trabalhando com sistem\u00e1tica vegetal, invent\u00e1rios flor\u00edsticos e fitossociol\u00f3gicos. De 2009 a 2015, atuou na \u00e1rea florestal do licenciamento ambiental da Bahia, inicialmente como Engenheiro Florestal, posteriormente como Coordenador T\u00e9cnico na Coordena\u00e7\u00e3o Agrossilvopastoril, e por \u00faltimo, como Especialista em Meio Ambiente e Recursos H\u00eddricos, no Instituto Estadual de Meio Ambiente e Recursos H\u00eddricos &#8211; INEMA. Atualmente trabalha como professor do Ensino B\u00e1sico, T\u00e9cnico e Tecnol\u00f3gico do curso t\u00e9cnico de florestas no Instituto Federal Baiano, Campus Teixeira de Freitas. Atua tamb\u00e9m como curador do Herb\u00e1rio do Programa Arboretum de Conserva\u00e7\u00e3o e Restaura\u00e7\u00e3o da Diversidade Florestal, institui\u00e7\u00e3o parceira do IFBaiano\/Tx. de Freitas. Experi\u00eancia na \u00e1rea de Taxonomia, Fenologia, Flor\u00edstica, Fitossociologia, Invent\u00e1rio Florestal e Licenciamento Ambiental.<strong>&nbsp;(Texto informado pelo autor)<\/strong><\/p>\n\n\n\n<p>Lattes: <a href=\"http:\/\/lattes.cnpq.br\/8178113502015697\">http:\/\/lattes.cnpq.br\/8178113502015697<\/a><\/p>\n\n\n\n<hr class=\"wp-block-separator has-alpha-channel-opacity\" \/>\n\n\n\n<p>Plano de Trabalho Docente<\/p>\n\n\n\n<p><a href=\"https:\/\/www.ifbaiano.edu.br\/unidades\/teixeira\/files\/2024\/02\/Mardel-Miranda-PIT-2022.1.pdf\">2022.1<\/a><\/p>\n\n\n\n<p><a href=\"https:\/\/www.ifbaiano.edu.br\/unidades\/teixeira\/files\/2024\/02\/Mardel-Miranda-PIT-2022.2.pdf\">2022.2<\/a><\/p>\n\n\n\n<p><a href=\"https:\/\/www.ifbaiano.edu.br\/unidades\/teixeira\/files\/2024\/02\/Mardel-Miranda-PIT-2023.1.pdf\">2023.1<\/a><\/p>\n\n\n\n<p><a href=\"https:\/\/www.ifbaiano.edu.br\/unidades\/teixeira\/files\/2024\/02\/Mardel-Miranda-PIT-2023.2.pdf\">2023.2<\/a><\/p>\n\n\n\n<p><a href=\"https:\/\/www.ifbaiano.edu.br\/unidades\/teixeira\/files\/2025\/01\/Mardel-PIT-2024.1.pdf\">2024.1<\/a><\/p>\n\n\n\n<p><a href=\"https:\/\/www.ifbaiano.edu.br\/unidades\/teixeira\/files\/2025\/01\/Mardel-PIT-2024.2.pdf\">2024.2<\/a><\/p>\n\n\n\n<p>Relat\u00f3rio de Trabalho Docente<\/p>\n\n\n\n<p><a href=\"https:\/\/www.ifbaiano.edu.br\/unidades\/teixeira\/files\/2024\/02\/Mardel-Miranda-RIT-2022.1.pdf\">2022.1<\/a><\/p>\n\n\n\n<p><a href=\"https:\/\/www.ifbaiano.edu.br\/unidades\/teixeira\/files\/2024\/02\/Mardel-Miranda-RIT-2022.2.pdf\">2022.2<\/a><\/p>\n\n\n\n<p><a href=\"https:\/\/www.ifbaiano.edu.br\/unidades\/teixeira\/files\/2024\/02\/Mardel-Miranda-RIT-2023.1.pdf\">2023.1<\/a><\/p>\n\n\n\n<p><a href=\"https:\/\/www.ifbaiano.edu.br\/unidades\/teixeira\/files\/2025\/01\/Mardel-RIT-2023.2.pdf\">2023.2<\/a><\/p>\n\n\n\n<p><a href=\"https:\/\/www.ifbaiano.edu.br\/unidades\/teixeira\/files\/2025\/01\/Mardel-rit-2024.1.pdf\">2024.1<\/a><\/p>\n\n\n\n<p><a href=\"https:\/\/www.ifbaiano.edu.br\/unidades\/teixeira\/files\/2025\/01\/Mardel-rit-2024.2.pdf\">2024.2<\/a><\/p>\n","protected":false},"excerpt":{"rendered":"<p>Possui Gradua\u00e7\u00e3o em Engenharia Florestal e Mestrado em Bot\u00e2nica pela Universidade Federal de Vi\u00e7osa. Foi pesquisador do Centro de Pesquisas do Cacau &#8211; CEPEC, Bahia, trabalhando com sistem\u00e1tica vegetal, invent\u00e1rios flor\u00edsticos e fitossociol\u00f3gicos. De 2009 a 2015, atuou na \u00e1rea florestal do licenciamento ambiental da Bahia, inicialmente como Engenheiro Florestal, posteriormente como Coordenador T\u00e9cnico na [&hellip;]<\/p>\n","protected":false},"author":152,"featured_media":0,"parent":0,"menu_order":0,"comment_status":"closed","ping_status":"closed","template":"","meta":[],"_links":{"self":[{"href":"https:\/\/www.ifbaiano.edu.br\/unidades\/teixeira\/wp-json\/wp\/v2\/pages\/13296"}],"collection":[{"href":"https:\/\/www.ifbaiano.edu.br\/unidades\/teixeira\/wp-json\/wp\/v2\/pages"}],"about":[{"href":"https:\/\/www.ifbaiano.edu.br\/unidades\/teixeira\/wp-json\/wp\/v2\/types\/page"}],"author":[{"embeddable":true,"href":"https:\/\/www.ifbaiano.edu.br\/unidades\/teixeira\/wp-json\/wp\/v2\/users\/152"}],"replies":[{"embeddable":true,"href":"https:\/\/www.ifbaiano.edu.br\/unidades\/teixeira\/wp-json\/wp\/v2\/comments?post=13296"}],"version-history":[{"count":6,"href":"https:\/\/www.ifbaiano.edu.br\/unidades\/teixeira\/wp-json\/wp\/v2\/pages\/13296\/revisions"}],"predecessor-version":[{"id":14628,"href":"https:\/\/www.ifbaiano.edu.br\/unidades\/teixeira\/wp-json\/wp\/v2\/pages\/13296\/revisions\/14628"}],"wp:attachment":[{"href":"https:\/\/www.ifbaiano.edu.br\/unidades\/teixeira\/wp-json\/wp\/v2\/media?parent=13296"}],"curies":[{"name":"wp","href":"https:\/\/api.w.org\/{rel}","templated":true}]}}