{"id":13316,"date":"2024-02-05T11:29:32","date_gmt":"2024-02-05T14:29:32","guid":{"rendered":"https:\/\/www.ifbaiano.edu.br\/unidades\/teixeira\/?page_id=13316"},"modified":"2025-01-08T09:49:23","modified_gmt":"2025-01-08T12:49:23","slug":"mauriceia-costa-carvalho-barros","status":"publish","type":"page","link":"https:\/\/www.ifbaiano.edu.br\/unidades\/teixeira\/mauriceia-costa-carvalho-barros\/","title":{"rendered":"Mauriceia Costa Carvalho Barros"},"content":{"rendered":"\n<p>Possui gradua\u00e7\u00e3o em Zootecnia e em Licenciatura em Ci\u00eancias Agr\u00edcolas pela Universidade Federal Rural de Pernambuco (2003), mestrado em Zootecnia pela Universidade Federal Rural de Pernambuco (2005) e doutorado em Zootecnia pela Universidade Estadual do Sudoeste da Bahia (2012). Foi Professora Substituta da Escola Agrot\u00e9cnica Federal de Barreiros &#8211; PE (2006\/2008). Atualmente \u00e9 professora do Instituto Federal de Educa\u00e7\u00e3o, Ci\u00eancia e Tecnologia Baiano.Tem experi\u00eancia na \u00e1rea de Zootecnia, atuando principalmente nos seguintes temas: Apicultura, produ\u00e7\u00e3o de su\u00ednos, etologia, nutri\u00e7\u00e3o animal, alimentos e composi\u00e7\u00e3o qu\u00edmica.<strong>&nbsp;(Texto informado pelo autor)<\/strong><\/p>\n\n\n\n<p>Lattes: &nbsp;<a href=\"http:\/\/lattes.cnpq.br\/0558487589241284\">http:\/\/lattes.cnpq.br\/0558487589241284<\/a><\/p>\n\n\n\n<hr class=\"wp-block-separator has-alpha-channel-opacity\" \/>\n\n\n\n<p>Plano de Trabalho Docente<\/p>\n\n\n\n<p><a href=\"https:\/\/www.ifbaiano.edu.br\/unidades\/teixeira\/files\/2024\/02\/Mauriceia-Costa-PIT-2022.1.pdf\">2022.1<\/a><\/p>\n\n\n\n<p><a href=\"https:\/\/www.ifbaiano.edu.br\/unidades\/teixeira\/files\/2024\/02\/Mauriceia-Costa-PIT-2022.2.pdf\">2022.2<\/a><\/p>\n\n\n\n<p><a href=\"https:\/\/www.ifbaiano.edu.br\/unidades\/teixeira\/files\/2024\/02\/Mauriceia-Costa-PIT-2023.1.pdf\">2023.1<\/a><\/p>\n\n\n\n<p><a href=\"https:\/\/www.ifbaiano.edu.br\/unidades\/teixeira\/files\/2024\/02\/Mauriceia-Costa-PIT-2023.2.pdf\">2023.2<\/a><\/p>\n\n\n\n<p><a href=\"https:\/\/www.ifbaiano.edu.br\/unidades\/teixeira\/files\/2025\/01\/Mauriceia-pit-2024.1.pdf\">2024.1<\/a><\/p>\n\n\n\n<p><a href=\"https:\/\/www.ifbaiano.edu.br\/unidades\/teixeira\/files\/2025\/01\/Mauriceia-Rit-2024.2.pdf\">2024.2<\/a><\/p>\n\n\n\n<p>Relat\u00f3rio de Trabalho Docente<\/p>\n\n\n\n<p><a href=\"https:\/\/www.ifbaiano.edu.br\/unidades\/teixeira\/files\/2024\/02\/Mauriceia-Costa-RIT-2022.1.pdf\">2022.1<\/a><\/p>\n\n\n\n<p><a href=\"https:\/\/www.ifbaiano.edu.br\/unidades\/teixeira\/files\/2024\/02\/Mauriceia-Costa-RIT-2022.2.pdf\">2022.2<\/a><\/p>\n\n\n\n<p><a href=\"https:\/\/www.ifbaiano.edu.br\/unidades\/teixeira\/files\/2024\/02\/Mauriceia-Costa-RIT-2023.1.pdf\">2023.1<\/a><\/p>\n\n\n\n<p><a href=\"https:\/\/www.ifbaiano.edu.br\/unidades\/teixeira\/files\/2025\/01\/Mauriceia-RIT-2023.2.pdf\">2023.2<\/a><\/p>\n\n\n\n<p><a href=\"https:\/\/www.ifbaiano.edu.br\/unidades\/teixeira\/files\/2025\/01\/Mauriceia-RIT-2024.1.pdf\">2024.1<\/a><\/p>\n\n\n\n<p><a href=\"https:\/\/www.ifbaiano.edu.br\/unidades\/teixeira\/files\/2025\/01\/Mauriceia-Rit-2024.2.pdf\">2024.2<\/a><\/p>\n","protected":false},"excerpt":{"rendered":"<p>Possui gradua\u00e7\u00e3o em Zootecnia e em Licenciatura em Ci\u00eancias Agr\u00edcolas pela Universidade Federal Rural de Pernambuco (2003), mestrado em Zootecnia pela Universidade Federal Rural de Pernambuco (2005) e doutorado em Zootecnia pela Universidade Estadual do Sudoeste da Bahia (2012). Foi Professora Substituta da Escola Agrot\u00e9cnica Federal de Barreiros &#8211; PE (2006\/2008). Atualmente \u00e9 professora do [&hellip;]<\/p>\n","protected":false},"author":152,"featured_media":0,"parent":0,"menu_order":0,"comment_status":"closed","ping_status":"closed","template":"","meta":[],"_links":{"self":[{"href":"https:\/\/www.ifbaiano.edu.br\/unidades\/teixeira\/wp-json\/wp\/v2\/pages\/13316"}],"collection":[{"href":"https:\/\/www.ifbaiano.edu.br\/unidades\/teixeira\/wp-json\/wp\/v2\/pages"}],"about":[{"href":"https:\/\/www.ifbaiano.edu.br\/unidades\/teixeira\/wp-json\/wp\/v2\/types\/page"}],"author":[{"embeddable":true,"href":"https:\/\/www.ifbaiano.edu.br\/unidades\/teixeira\/wp-json\/wp\/v2\/users\/152"}],"replies":[{"embeddable":true,"href":"https:\/\/www.ifbaiano.edu.br\/unidades\/teixeira\/wp-json\/wp\/v2\/comments?post=13316"}],"version-history":[{"count":6,"href":"https:\/\/www.ifbaiano.edu.br\/unidades\/teixeira\/wp-json\/wp\/v2\/pages\/13316\/revisions"}],"predecessor-version":[{"id":14622,"href":"https:\/\/www.ifbaiano.edu.br\/unidades\/teixeira\/wp-json\/wp\/v2\/pages\/13316\/revisions\/14622"}],"wp:attachment":[{"href":"https:\/\/www.ifbaiano.edu.br\/unidades\/teixeira\/wp-json\/wp\/v2\/media?parent=13316"}],"curies":[{"name":"wp","href":"https:\/\/api.w.org\/{rel}","templated":true}]}}